{"id":11191,"date":"2025-08-27T12:26:28","date_gmt":"2025-08-27T12:26:28","guid":{"rendered":"https:\/\/tehnikabacko.rs\/?post_type=product&#038;p=11191"},"modified":"2025-08-27T12:26:28","modified_gmt":"2025-08-27T12:26:28","slug":"ciwli20135e-aku-udarni-odvijac-3-4-1350nm-super-ingco-2","status":"publish","type":"product","link":"https:\/\/tehnikabacko.rs\/index.php\/product\/ciwli20135e-aku-udarni-odvijac-3-4-1350nm-super-ingco-2\/","title":{"rendered":"CIWLI20135E AKU UDARNI ODVIJA\u010c 3\/4&#8243; 1350NM SUPER INGCO"},"content":{"rendered":"<p class=\"product-description-title\">Opis proizvoda<\/p>\n<div class=\"product-page-desc-text\">\n<p>&nbsp;<\/p>\n<p data-end=\"277\" data-start=\"0\">Motor bez \u010detkica<br data-start=\"17\" data-end=\"20\" \/>Napon: 20V<br data-start=\"30\" data-end=\"33\" data-is-only-node=\"\" \/>Kvadratni prihvat: 3\/4&#8243;<br data-start=\"56\" data-end=\"59\" \/>Brzina bez optere\u0107enja: 0\u2013900 \/ 0\u20131200 \/ 0\u20131800 o\/min<br data-start=\"112\" data-end=\"115\" \/>Frekvencija udaraca: 0\u20131800 \/ 0\u20132000 \/ 0\u20132200 u\/min<br data-start=\"166\" data-end=\"169\" \/>Obrtni moment zatezanja: 1350 Nm<br data-start=\"201\" data-end=\"204\" \/>Obrtni moment za otpu\u0161tanje matica: 1900 Nm<br data-start=\"247\" data-end=\"250\" \/>Ugra\u0111eno radno LED svetlo<\/p>\n<p data-end=\"288\" data-start=\"279\">Sadr\u017ei:<\/p>\n<ul data-end=\"467\" data-is-last-node=\"\" data-is-only-node=\"\" data-start=\"289\">\n<li data-end=\"328\" data-start=\"289\">\n<p data-end=\"328\" data-start=\"291\">2 kom baterije od 5.0 Ah (FBLI2003)<\/p>\n<\/li>\n<li data-end=\"364\" data-start=\"329\">\n<p data-end=\"364\" data-start=\"331\">1 kom punja\u010d od 4A (FCLI20411E)<\/p>\n<\/li>\n<li data-end=\"467\" data-start=\"365\">\n<p data-end=\"467\" data-start=\"367\">3 kom \u010daure (27, 30, 32 mm)<br data-start=\"394\" data-end=\"397\" \/>Ulazni napon punja\u010da: 220\u2013240V~ 50\/60 Hz<br data-start=\"437\" data-end=\"440\" data-is-only-node=\"\" \/>Upakovano u plasti\u010dni kofer<\/p>\n<\/li>\n<\/ul>\n<p><img fetchpriority=\"high\" decoding=\"async\" class=\"\" src=\"https:\/\/simns.rs\/login\/media\/images\/products\/0-87858400-1747143219.png\" width=\"857\" height=\"885\" \/><\/p>\n<\/div>\n","protected":false},"excerpt":{"rendered":"<p>Opis proizvoda &nbsp; Motor bez \u010detkicaNapon: 20VKvadratni prihvat: 3\/4&#8243;Brzina bez optere\u0107enja: 0\u2013900 \/ 0\u20131200 \/ 0\u20131800 o\/minFrekvencija udaraca: 0\u20131800 \/ 0\u20132000 \/ 0\u20132200 u\/minObrtni moment zatezanja: 1350 NmObrtni moment za otpu\u0161tanje matica: 1900 NmUgra\u0111eno radno LED svetlo Sadr\u017ei: 2 kom baterije od 5.0 Ah (FBLI2003) 1 kom punja\u010d od 4A (FCLI20411E) 3 kom \u010daure (27, [&hellip;]<\/p>\n","protected":false},"featured_media":11192,"comment_status":"open","ping_status":"closed","template":"","meta":{"inline_featured_image":false},"product_brand":[],"product_cat":[148],"product_tag":[],"class_list":{"0":"post-11191","1":"product","2":"type-product","3":"status-publish","4":"has-post-thumbnail","6":"product_cat-alati","8":"first","9":"instock","10":"sale","11":"shipping-taxable","12":"purchasable","13":"product-type-simple"},"_links":{"self":[{"href":"https:\/\/tehnikabacko.rs\/index.php\/wp-json\/wp\/v2\/product\/11191","targetHints":{"allow":["GET"]}}],"collection":[{"href":"https:\/\/tehnikabacko.rs\/index.php\/wp-json\/wp\/v2\/product"}],"about":[{"href":"https:\/\/tehnikabacko.rs\/index.php\/wp-json\/wp\/v2\/types\/product"}],"replies":[{"embeddable":true,"href":"https:\/\/tehnikabacko.rs\/index.php\/wp-json\/wp\/v2\/comments?post=11191"}],"wp:featuredmedia":[{"embeddable":true,"href":"https:\/\/tehnikabacko.rs\/index.php\/wp-json\/wp\/v2\/media\/11192"}],"wp:attachment":[{"href":"https:\/\/tehnikabacko.rs\/index.php\/wp-json\/wp\/v2\/media?parent=11191"}],"wp:term":[{"taxonomy":"product_brand","embeddable":true,"href":"https:\/\/tehnikabacko.rs\/index.php\/wp-json\/wp\/v2\/product_brand?post=11191"},{"taxonomy":"product_cat","embeddable":true,"href":"https:\/\/tehnikabacko.rs\/index.php\/wp-json\/wp\/v2\/product_cat?post=11191"},{"taxonomy":"product_tag","embeddable":true,"href":"https:\/\/tehnikabacko.rs\/index.php\/wp-json\/wp\/v2\/product_tag?post=11191"}],"curies":[{"name":"wp","href":"https:\/\/api.w.org\/{rel}","templated":true}]}}