{"id":11189,"date":"2025-08-27T12:23:17","date_gmt":"2025-08-27T12:23:17","guid":{"rendered":"https:\/\/tehnikabacko.rs\/?post_type=product&#038;p=11189"},"modified":"2025-08-27T12:23:18","modified_gmt":"2025-08-27T12:23:18","slug":"rgh9028-hamer-sds-800w-2-5j-ingco","status":"publish","type":"product","link":"https:\/\/tehnikabacko.rs\/index.php\/product\/rgh9028-hamer-sds-800w-2-5j-ingco\/","title":{"rendered":"RGH9028 HAMER SDS+ 800W 2.5J INGCO"},"content":{"rendered":"<p class=\"product-description-title\">Opis proizvoda<\/p>\n<div class=\"product-page-desc-text\">\n<p>&nbsp;<\/p>\n<p>Napon Ingco udarne \u010deki\u0107 bu\u0161ilice RGH9028: 220-240V~50\/60Hz<\/p>\n<p>Ulazna snaga RGH9028 udarne \u010deki\u0107 bu\u0161ilice : 800W<\/p>\n<p>Broj obrtaja bez optere\u0107enja: 0-1100rpm<\/p>\n<p>Broj udara bez optere\u0107enja: 0-4000bpm<\/p>\n<p>Snaga udara Ingco udarne \u010deki\u0107 bu\u0161ilice RGH9028: 2.5J<\/p>\n<p>Max kapacitet bu\u0161enja:<\/p>\n<p>Beton: 26mm<\/p>\n<p>\u010celik: 13mm<\/p>\n<p>Drvo: 30mm<\/p>\n<p>SDS plus prihvat<\/p>\n<p>3 burgije i 2 dleta<\/p>\n<p>Pakovano u plasti\u010dnom koferu<\/p>\n<\/div>\n<p>&nbsp;<\/p>\n<p><img decoding=\"async\" src=\"https:\/\/simns.rs\/login\/media\/images\/products\/0-95927600-1657199636_28707.jpg\" \/><\/p>\n","protected":false},"excerpt":{"rendered":"<p>Opis proizvoda &nbsp; Napon Ingco udarne \u010deki\u0107 bu\u0161ilice RGH9028: 220-240V~50\/60Hz Ulazna snaga RGH9028 udarne \u010deki\u0107 bu\u0161ilice : 800W Broj obrtaja bez optere\u0107enja: 0-1100rpm Broj udara bez optere\u0107enja: 0-4000bpm Snaga udara Ingco udarne \u010deki\u0107 bu\u0161ilice RGH9028: 2.5J Max kapacitet bu\u0161enja: Beton: 26mm \u010celik: 13mm Drvo: 30mm SDS plus prihvat 3 burgije i 2 dleta Pakovano u [&hellip;]<\/p>\n","protected":false},"featured_media":11190,"comment_status":"open","ping_status":"closed","template":"","meta":{"inline_featured_image":false},"product_brand":[],"product_cat":[148,298,278],"product_tag":[],"class_list":{"0":"post-11189","1":"product","2":"type-product","3":"status-publish","4":"has-post-thumbnail","6":"product_cat-alati","7":"product_cat-busilica","8":"product_cat-elektricna-busilica","10":"first","11":"instock","12":"sale","13":"shipping-taxable","14":"purchasable","15":"product-type-simple"},"_links":{"self":[{"href":"https:\/\/tehnikabacko.rs\/index.php\/wp-json\/wp\/v2\/product\/11189","targetHints":{"allow":["GET"]}}],"collection":[{"href":"https:\/\/tehnikabacko.rs\/index.php\/wp-json\/wp\/v2\/product"}],"about":[{"href":"https:\/\/tehnikabacko.rs\/index.php\/wp-json\/wp\/v2\/types\/product"}],"replies":[{"embeddable":true,"href":"https:\/\/tehnikabacko.rs\/index.php\/wp-json\/wp\/v2\/comments?post=11189"}],"wp:featuredmedia":[{"embeddable":true,"href":"https:\/\/tehnikabacko.rs\/index.php\/wp-json\/wp\/v2\/media\/11190"}],"wp:attachment":[{"href":"https:\/\/tehnikabacko.rs\/index.php\/wp-json\/wp\/v2\/media?parent=11189"}],"wp:term":[{"taxonomy":"product_brand","embeddable":true,"href":"https:\/\/tehnikabacko.rs\/index.php\/wp-json\/wp\/v2\/product_brand?post=11189"},{"taxonomy":"product_cat","embeddable":true,"href":"https:\/\/tehnikabacko.rs\/index.php\/wp-json\/wp\/v2\/product_cat?post=11189"},{"taxonomy":"product_tag","embeddable":true,"href":"https:\/\/tehnikabacko.rs\/index.php\/wp-json\/wp\/v2\/product_tag?post=11189"}],"curies":[{"name":"wp","href":"https:\/\/api.w.org\/{rel}","templated":true}]}}