{"id":11187,"date":"2025-08-27T12:19:08","date_gmt":"2025-08-27T12:19:08","guid":{"rendered":"https:\/\/tehnikabacko.rs\/?post_type=product&#038;p=11187"},"modified":"2025-08-27T12:19:08","modified_gmt":"2025-08-27T12:19:08","slug":"cagli271532e-aku-brusilica-115-2x4ah-super-ingco-novo","status":"publish","type":"product","link":"https:\/\/tehnikabacko.rs\/index.php\/product\/cagli271532e-aku-brusilica-115-2x4ah-super-ingco-novo\/","title":{"rendered":"CAGLI271532E AKU BRUSILICA 115 2X4AH SUPER INGCO NOVO"},"content":{"rendered":"<p class=\"product-description-title\">pis proizvoda<\/p>\n<div class=\"product-page-desc-text\">\n<p>&nbsp;<\/p>\n<p><strong>CAGLI271532E Akumulatorska ugaona brusilica SUPER INGCO<\/strong><\/p>\n<p><strong>Opis proizvoda:<\/strong><\/p>\n<p>SUPER INGCO akumulatorska ugaona brusilica sa BL motorom bez \u010detkica.<br \/>\nBrushless motor stvara manje akumulacije toplote i idealan je za dugotrajnu upotrebu u aplikacijama visoke proizvodnje.<br \/>\nElektronski kontrolisan da optimizuje potro\u0161nju energije baterije za do 50% du\u017ee vreme rada po punjenju, elimini\u0161e ugljene \u010detke, omoguc\u0301avajuc\u0301i BL motoru da radi hladnije i efikasnije za du\u017ei vek.<br \/>\nVi\u0161enamenski alat sa pre\u010dnikom diska od 115mm, navojem vratila M14, \u0161to ga \u010dini kompatibilnim sa \u0161irokim spektrom diskova za se\u010denje i poliranje. Sa podesivim regulatorom brzine od 3000 \/ 6000 \/ 9000 o\/min idealan je za primenu u razli\u010ditim zanatskim i ku\u0107nim aplikacijama.<br \/>\nKompaktna i lagana konstrukcije pru\u017ea prakti\u010dnost rada bez kabla za rezanje, bru\u0161enje, poliranje i oblikovanje metala.<br \/>\nPored toga, uklju\u010duje i pomoc\u0301nu ru\u010dku za vec\u0301u udobnost i sigurnost tokom upotrebe.<\/p>\n<p><strong>Tehni\u010dke karakteristike proizvoda:<\/strong><\/p>\n<ul>\n<li>Brend: SUPER INGCO<\/li>\n<li>Model: CAGLI271532E<\/li>\n<li><strong>BL motor bez \u010detkica<\/strong><\/li>\n<li>Napon:20V<\/li>\n<li>Maksimalna ulazna snaga: 1000W<\/li>\n<li>Brzina bez opterec\u0301enja: 3000 \/ 6000 \/ 9000 o\/min<\/li>\n<li>Pre\u010dnik diska: 115 mm<\/li>\n<li>Navoj vretena: M14<\/li>\n<\/ul>\n<p><strong>Obim isporuke proizvoda:<\/strong><\/p>\n<ul>\n<li>CAGLI271532E Akumulatorska ugaona brusilica SUPER INGCO<\/li>\n<li>1 set abrazivnih diskova za se\u010denje metala (10 kom)<\/li>\n<li>2 x baterija od 4,0 Ah (FBLI20021)<\/li>\n<li>1 x punja\u010d (FCLI2001)<\/li>\n<li>Uputstvo za upotrebu proizvoda<\/li>\n<li>Plasti\u010dni transportni kofer<\/li>\n<\/ul>\n<p><img fetchpriority=\"high\" decoding=\"async\" class=\"\" src=\"https:\/\/simns.rs\/login\/media\/images\/products\/0-49397000-1750668907.jpg\" width=\"790\" height=\"790\" \/><\/p>\n<\/div>\n","protected":false},"excerpt":{"rendered":"<p>pis proizvoda &nbsp; CAGLI271532E Akumulatorska ugaona brusilica SUPER INGCO Opis proizvoda: SUPER INGCO akumulatorska ugaona brusilica sa BL motorom bez \u010detkica. Brushless motor stvara manje akumulacije toplote i idealan je za dugotrajnu upotrebu u aplikacijama visoke proizvodnje. Elektronski kontrolisan da optimizuje potro\u0161nju energije baterije za do 50% du\u017ee vreme rada po punjenju, elimini\u0161e ugljene \u010detke, [&hellip;]<\/p>\n","protected":false},"featured_media":11188,"comment_status":"open","ping_status":"closed","template":"","meta":{"inline_featured_image":false},"product_brand":[],"product_cat":[299,148],"product_tag":[],"class_list":{"0":"post-11187","1":"product","2":"type-product","3":"status-publish","4":"has-post-thumbnail","6":"product_cat-aku-brusilica","7":"product_cat-alati","9":"first","10":"instock","11":"sale","12":"shipping-taxable","13":"purchasable","14":"product-type-simple"},"_links":{"self":[{"href":"https:\/\/tehnikabacko.rs\/index.php\/wp-json\/wp\/v2\/product\/11187","targetHints":{"allow":["GET"]}}],"collection":[{"href":"https:\/\/tehnikabacko.rs\/index.php\/wp-json\/wp\/v2\/product"}],"about":[{"href":"https:\/\/tehnikabacko.rs\/index.php\/wp-json\/wp\/v2\/types\/product"}],"replies":[{"embeddable":true,"href":"https:\/\/tehnikabacko.rs\/index.php\/wp-json\/wp\/v2\/comments?post=11187"}],"wp:featuredmedia":[{"embeddable":true,"href":"https:\/\/tehnikabacko.rs\/index.php\/wp-json\/wp\/v2\/media\/11188"}],"wp:attachment":[{"href":"https:\/\/tehnikabacko.rs\/index.php\/wp-json\/wp\/v2\/media?parent=11187"}],"wp:term":[{"taxonomy":"product_brand","embeddable":true,"href":"https:\/\/tehnikabacko.rs\/index.php\/wp-json\/wp\/v2\/product_brand?post=11187"},{"taxonomy":"product_cat","embeddable":true,"href":"https:\/\/tehnikabacko.rs\/index.php\/wp-json\/wp\/v2\/product_cat?post=11187"},{"taxonomy":"product_tag","embeddable":true,"href":"https:\/\/tehnikabacko.rs\/index.php\/wp-json\/wp\/v2\/product_tag?post=11187"}],"curies":[{"name":"wp","href":"https:\/\/api.w.org\/{rel}","templated":true}]}}