{"id":11178,"date":"2025-08-25T12:09:57","date_gmt":"2025-08-25T12:09:57","guid":{"rendered":"https:\/\/tehnikabacko.rs\/?post_type=product&#038;p=11178"},"modified":"2025-08-25T12:09:57","modified_gmt":"2025-08-25T12:09:57","slug":"tp-ag-18-125-ce-q-li-solo","status":"publish","type":"product","link":"https:\/\/tehnikabacko.rs\/index.php\/product\/tp-ag-18-125-ce-q-li-solo\/","title":{"rendered":"TP-AG 18\/125 CE Q Li &#8211; Solo"},"content":{"rendered":"<div class=\"content-item module-headline-paragraph headline paragraph -color-headline-black\">\n<h2 class=\"heading delta\">Tehni\u010dke specifikacije<\/h2>\n<\/div>\n<div class=\"content-item module-table -styling-beta -div-based\">\n<div class=\"table__table table\">\n<div class=\"tbody\">\n<div class=\"-show tr tr-odd\">\n<div class=\"td\"><span class=\"bold\">Broj baterija uklju\u010denih u isporuku<\/span><\/div>\n<div class=\"td\">0 pcs<\/div>\n<\/div>\n<div class=\"-show tr tr-even\">\n<div class=\"td\"><span class=\"bold\">Maks. brzina praznog hoda<\/span><\/div>\n<div class=\"td\">10500 min^-1<\/div>\n<\/div>\n<div class=\"-show tr tr-odd\">\n<div class=\"td\"><span class=\"bold\">Maks. dubina se\u010denja<\/span><\/div>\n<div class=\"td\">33 mm<\/div>\n<\/div>\n<div class=\"-show tr tr-even\">\n<div class=\"td\"><span class=\"bold\">Maks. pre\u010dnik diska<\/span><\/div>\n<div class=\"td\">125 mm<\/div>\n<\/div>\n<div class=\"-show tr tr-odd\">\n<div class=\"td\"><span class=\"bold\">Napon motora<\/span><\/div>\n<div class=\"td\">18 V<\/div>\n<\/div>\n<div class=\"-show tr tr-even\">\n<div class=\"td\"><span class=\"bold\">Snaga<\/span><\/div>\n<div class=\"td\">900 W<\/div>\n<\/div>\n<div class=\"-show tr tr-odd\">\n<div class=\"td\"><span class=\"bold\">Te\u017eina proizvoda<\/span><\/div>\n<div class=\"td\">1.7 Kg<\/div>\n<\/div>\n<div class=\"-show tr tr-even\">\n<div class=\"td\"><span class=\"bold\">Tip motora<\/span><\/div>\n<div class=\"td\">Motor bez \u010detkica<\/div>\n<\/div>\n<\/div>\n<\/div>\n<div><img decoding=\"async\" src=\"https:\/\/d2c5rvsfjg2eub.cloudfront.net\/image\/208244749100\/image_54ul1onpgp4p7f3555k37o720a\/-FJPG-FWEBP-B800\" alt=\"einhell-professional-cordless-angle-grinder-4431155-productimage-001\" \/><\/div>\n<\/div>\n<div><img fetchpriority=\"high\" decoding=\"async\" class=\"\" src=\"https:\/\/d2c5rvsfjg2eub.cloudfront.net\/image\/208244749100\/image_aakssgfpm968t7pqc9j2rahd6f\/-FJPG-FWEBP\" width=\"859\" height=\"512\" \/><\/div>\n","protected":false},"excerpt":{"rendered":"<p>Tehni\u010dke specifikacije Broj baterija uklju\u010denih u isporuku 0 pcs Maks. brzina praznog hoda 10500 min^-1 Maks. dubina se\u010denja 33 mm Maks. pre\u010dnik diska 125 mm Napon motora 18 V Snaga 900 W Te\u017eina proizvoda 1.7 Kg Tip motora Motor bez \u010detkica<\/p>\n","protected":false},"featured_media":11180,"comment_status":"open","ping_status":"closed","template":"","meta":{"inline_featured_image":false},"product_brand":[],"product_cat":[299,148],"product_tag":[],"class_list":{"0":"post-11178","1":"product","2":"type-product","3":"status-publish","4":"has-post-thumbnail","6":"product_cat-aku-brusilica","7":"product_cat-alati","9":"first","10":"instock","11":"shipping-taxable","12":"purchasable","13":"product-type-simple"},"_links":{"self":[{"href":"https:\/\/tehnikabacko.rs\/index.php\/wp-json\/wp\/v2\/product\/11178","targetHints":{"allow":["GET"]}}],"collection":[{"href":"https:\/\/tehnikabacko.rs\/index.php\/wp-json\/wp\/v2\/product"}],"about":[{"href":"https:\/\/tehnikabacko.rs\/index.php\/wp-json\/wp\/v2\/types\/product"}],"replies":[{"embeddable":true,"href":"https:\/\/tehnikabacko.rs\/index.php\/wp-json\/wp\/v2\/comments?post=11178"}],"wp:featuredmedia":[{"embeddable":true,"href":"https:\/\/tehnikabacko.rs\/index.php\/wp-json\/wp\/v2\/media\/11180"}],"wp:attachment":[{"href":"https:\/\/tehnikabacko.rs\/index.php\/wp-json\/wp\/v2\/media?parent=11178"}],"wp:term":[{"taxonomy":"product_brand","embeddable":true,"href":"https:\/\/tehnikabacko.rs\/index.php\/wp-json\/wp\/v2\/product_brand?post=11178"},{"taxonomy":"product_cat","embeddable":true,"href":"https:\/\/tehnikabacko.rs\/index.php\/wp-json\/wp\/v2\/product_cat?post=11178"},{"taxonomy":"product_tag","embeddable":true,"href":"https:\/\/tehnikabacko.rs\/index.php\/wp-json\/wp\/v2\/product_tag?post=11178"}],"curies":[{"name":"wp","href":"https:\/\/api.w.org\/{rel}","templated":true}]}}