{"id":11171,"date":"2025-08-22T13:13:10","date_gmt":"2025-08-22T13:13:10","guid":{"rendered":"https:\/\/tehnikabacko.rs\/?post_type=product&#038;p=11171"},"modified":"2026-03-13T08:52:01","modified_gmt":"2026-03-13T08:52:01","slug":"rostilj-na-cumur-od-livenog-gvozdja","status":"publish","type":"product","link":"https:\/\/tehnikabacko.rs\/index.php\/product\/rostilj-na-cumur-od-livenog-gvozdja\/","title":{"rendered":"Ro\u0161tilj na \u0107umur od livenog gvo\u017e\u0111a"},"content":{"rendered":"<p><img fetchpriority=\"high\" decoding=\"async\" class=\"\" src=\"https:\/\/www.agromarket.rs\/files\/watermark\/files\/images\/slike_proizvoda\/thumbs_w\/086466_w_800_800px.jpg\" alt=\"Ro\u0161tilj na \u0107umur od livenog gvo\u017e\u0111a \" width=\"451\" height=\"451\" \/><\/p>\n<table class=\"table product-attrbite-table\">\n<thead>\n<tr>\n<th>Karakteristika<\/th>\n<th>Vrednost<\/th>\n<\/tr>\n<\/thead>\n<tbody>\n<tr>\n<td>Kategorija<\/td>\n<td><a title=\"Ro\u0161tilji\" href=\"https:\/\/www.agromarket.rs\/rostilji\">Ro\u0161tilji<\/a><\/td>\n<\/tr>\n<tr class=\"attr-table-product-weight\">\n<td>Te\u017eina pakovanja<\/td>\n<td>18 kg<\/td>\n<\/tr>\n<tr class=\"attr-brend\">\n<td>Brend<\/td>\n<td><a title=\"Shinerich Europe B.V.\" href=\"https:\/\/www.agromarket.rs\/proizvodi\/brend-shinerich-europe-b-v-\">Shinerich Europe B.V.<\/a><\/td>\n<\/tr>\n<\/tbody>\n<\/table>\n","protected":false},"excerpt":{"rendered":"<p>&#8211; Dimenzije: 109 \u00d7 46 \u00d7 94.5cm<br \/>\n&#8211; Lo\u017ei\u0161te: 48 \u00d7 33cm<br \/>\n&#8211; Materijal ro\u0161tilja: karbonizovani \u010delik<br \/>\n&#8211; Crna farba tolerantna na visoku temperaturu<br \/>\n&#8211; \u010celi\u010dna re\u0161etka premazana crnim emajlom<br \/>\n&#8211; Dva bo\u010dna stola dimenzije: 33x30cm<br \/>\n&#8211; Tri dr\u0161ke od ner\u0111aju\u0107eg \u010delika, sa poklopcem i ugra\u0111enim regulatorom toplote<\/p>\n","protected":false},"featured_media":11172,"comment_status":"open","ping_status":"closed","template":"","meta":{"inline_featured_image":false},"product_brand":[],"product_cat":[395],"product_tag":[],"class_list":{"0":"post-11171","1":"product","2":"type-product","3":"status-publish","4":"has-post-thumbnail","6":"product_cat-rostilj-na-cumur","8":"first","9":"instock","10":"sale","11":"shipping-taxable","12":"purchasable","13":"product-type-simple"},"_links":{"self":[{"href":"https:\/\/tehnikabacko.rs\/index.php\/wp-json\/wp\/v2\/product\/11171","targetHints":{"allow":["GET"]}}],"collection":[{"href":"https:\/\/tehnikabacko.rs\/index.php\/wp-json\/wp\/v2\/product"}],"about":[{"href":"https:\/\/tehnikabacko.rs\/index.php\/wp-json\/wp\/v2\/types\/product"}],"replies":[{"embeddable":true,"href":"https:\/\/tehnikabacko.rs\/index.php\/wp-json\/wp\/v2\/comments?post=11171"}],"wp:featuredmedia":[{"embeddable":true,"href":"https:\/\/tehnikabacko.rs\/index.php\/wp-json\/wp\/v2\/media\/11172"}],"wp:attachment":[{"href":"https:\/\/tehnikabacko.rs\/index.php\/wp-json\/wp\/v2\/media?parent=11171"}],"wp:term":[{"taxonomy":"product_brand","embeddable":true,"href":"https:\/\/tehnikabacko.rs\/index.php\/wp-json\/wp\/v2\/product_brand?post=11171"},{"taxonomy":"product_cat","embeddable":true,"href":"https:\/\/tehnikabacko.rs\/index.php\/wp-json\/wp\/v2\/product_cat?post=11171"},{"taxonomy":"product_tag","embeddable":true,"href":"https:\/\/tehnikabacko.rs\/index.php\/wp-json\/wp\/v2\/product_tag?post=11171"}],"curies":[{"name":"wp","href":"https:\/\/api.w.org\/{rel}","templated":true}]}}