{"id":11150,"date":"2025-08-06T13:35:44","date_gmt":"2025-08-06T13:35:44","guid":{"rendered":"https:\/\/tehnikabacko.rs\/?post_type=product&#038;p=11150"},"modified":"2025-10-22T13:36:08","modified_gmt":"2025-10-22T13:36:08","slug":"ger-masina-za-drvo-kms255-2200","status":"publish","type":"product","link":"https:\/\/tehnikabacko.rs\/index.php\/product\/ger-masina-za-drvo-kms255-2200\/","title":{"rendered":"Ger ma\u0161ina za drvo KMS255-2200"},"content":{"rendered":"<p>Tehni\u010dke karakteristike:<\/p>\n<ul>\n<li class=\"\" data-start=\"84\" data-end=\"136\">\n<p class=\"\" data-start=\"86\" data-end=\"136\">Napon:\u00a0<span class=\"relative -mx-px my-[-0.2rem] rounded px-px py-[0.2rem] transition-colors duration-100 ease-in-out\">220\u2013230V<\/span><\/p>\n<\/li>\n<li class=\"\" data-start=\"137\" data-end=\"195\">\n<p class=\"\" data-start=\"139\" data-end=\"195\">Frekvencija:\u00a0<span class=\"relative -mx-px my-[-0.2rem] rounded px-px py-[0.2rem] transition-colors duration-100 ease-in-out\">50\/60Hz<\/span><\/p>\n<\/li>\n<li class=\"\" data-start=\"196\" data-end=\"250\">\n<p class=\"\" data-start=\"198\" data-end=\"250\">Snaga:\u00a0<span class=\"relative -mx-px my-[-0.2rem] rounded px-px py-[0.2rem] transition-colors duration-100 ease-in-out\">2200W<\/span><\/p>\n<\/li>\n<li class=\"\" data-start=\"251\" data-end=\"321\">\n<p class=\"\" data-start=\"253\" data-end=\"321\">Brzina u praznom hodu:\u00a0<span class=\"relative -mx-px my-[-0.2rem] rounded px-px py-[0.2rem] transition-colors duration-100 ease-in-out\">5000 obrtaja\/min<\/span><\/p>\n<\/li>\n<li class=\"\" data-start=\"322\" data-end=\"384\">\n<p class=\"\" data-start=\"324\" data-end=\"384\">Pre\u010dnik diska:\u00a0<span class=\"relative -mx-px my-[-0.2rem] rounded px-px py-[0.2rem] transition-colors duration-100 ease-in-out\">255 mm<\/span><\/p>\n<\/li>\n<li class=\"\" data-start=\"385\" data-end=\"452\">\n<p class=\"\" data-start=\"387\" data-end=\"452\">Pre\u010dnik rupe diska:\u00a0<span class=\"relative -mx-px my-[-0.2rem] rounded px-px py-[0.2rem] transition-colors duration-100 ease-in-out\">25.4 mm<\/span><\/p>\n<\/li>\n<li class=\"\" data-start=\"453\" data-end=\"517\">\n<p class=\"\" data-start=\"455\" data-end=\"517\">Dimenzije stola:\u00a0<span class=\"relative -mx-px my-[-0.2rem] rounded px-px py-[0.2rem] transition-colors duration-100 ease-in-out\">90 \u00d7 70 \u00d7 305 mm<\/span><\/p>\n<\/li>\n<li class=\"\" data-start=\"518\" data-end=\"693\">\n<p class=\"\" data-start=\"520\" data-end=\"555\">Maksimalni kapacitet se\u010denja:<\/p>\n<ul data-start=\"558\" data-end=\"693\">\n<li class=\"\" data-start=\"558\" data-end=\"601\">\n<p class=\"\" data-start=\"560\" data-end=\"601\"><span class=\"relative -mx-px my-[-0.2rem] rounded px-px py-[0.2rem] transition-colors duration-100 ease-in-out\">90\u00b0: 70 \u00d7 305 mm<\/span><\/p>\n<\/li>\n<li class=\"\" data-start=\"604\" data-end=\"647\">\n<p class=\"\" data-start=\"606\" data-end=\"647\"><span class=\"relative -mx-px my-[-0.2rem] rounded px-px py-[0.2rem] transition-colors duration-100 ease-in-out\">45\u00b0: 43 \u00d7 305 mm<\/span><\/p>\n<\/li>\n<li class=\"\" data-start=\"650\" data-end=\"693\">\n<p class=\"\" data-start=\"652\" data-end=\"693\"><span class=\"relative -mx-px my-[-0.2rem] rounded px-px py-[0.2rem] transition-colors duration-100 ease-in-out\">45\u00b0: 43 \u00d7 200 mm<\/span><\/p>\n<\/li>\n<\/ul>\n<\/li>\n<li class=\"\" data-start=\"694\" data-end=\"749\">\n<p class=\"\" data-start=\"696\" data-end=\"749\">Te\u017eina:\u00a0<span class=\"relative -mx-px my-[-0.2rem] rounded px-px py-[0.2rem] transition-colors duration-100 ease-in-out\">10 kg<\/span><\/p>\n<\/li>\n<\/ul>\n<p><img decoding=\"async\" src=\"https:\/\/metalbagatela.rs\/wp-content\/uploads\/2025\/05\/KMS255-2200.png\" \/><\/p>\n","protected":false},"excerpt":{"rendered":"<p>Tehni\u010dke karakteristike: Napon:\u00a0220\u2013230V Frekvencija:\u00a050\/60Hz Snaga:\u00a02200W Brzina u praznom hodu:\u00a05000 obrtaja\/min Pre\u010dnik diska:\u00a0255 mm Pre\u010dnik rupe diska:\u00a025.4 mm Dimenzije stola:\u00a090 \u00d7 70 \u00d7 305 mm Maksimalni kapacitet se\u010denja: 90\u00b0: 70 \u00d7 305 mm 45\u00b0: 43 \u00d7 305 mm 45\u00b0: 43 \u00d7 200 mm Te\u017eina:\u00a010 kg<\/p>\n","protected":false},"featured_media":11357,"comment_status":"open","ping_status":"closed","template":"","meta":{"inline_featured_image":false},"product_brand":[],"product_cat":[148,393],"product_tag":[],"class_list":{"0":"post-11150","1":"product","2":"type-product","3":"status-publish","4":"has-post-thumbnail","6":"product_cat-alati","7":"product_cat-ger-za-drvo","9":"first","10":"instock","11":"sale","12":"shipping-taxable","13":"purchasable","14":"product-type-simple"},"_links":{"self":[{"href":"https:\/\/tehnikabacko.rs\/index.php\/wp-json\/wp\/v2\/product\/11150","targetHints":{"allow":["GET"]}}],"collection":[{"href":"https:\/\/tehnikabacko.rs\/index.php\/wp-json\/wp\/v2\/product"}],"about":[{"href":"https:\/\/tehnikabacko.rs\/index.php\/wp-json\/wp\/v2\/types\/product"}],"replies":[{"embeddable":true,"href":"https:\/\/tehnikabacko.rs\/index.php\/wp-json\/wp\/v2\/comments?post=11150"}],"wp:featuredmedia":[{"embeddable":true,"href":"https:\/\/tehnikabacko.rs\/index.php\/wp-json\/wp\/v2\/media\/11357"}],"wp:attachment":[{"href":"https:\/\/tehnikabacko.rs\/index.php\/wp-json\/wp\/v2\/media?parent=11150"}],"wp:term":[{"taxonomy":"product_brand","embeddable":true,"href":"https:\/\/tehnikabacko.rs\/index.php\/wp-json\/wp\/v2\/product_brand?post=11150"},{"taxonomy":"product_cat","embeddable":true,"href":"https:\/\/tehnikabacko.rs\/index.php\/wp-json\/wp\/v2\/product_cat?post=11150"},{"taxonomy":"product_tag","embeddable":true,"href":"https:\/\/tehnikabacko.rs\/index.php\/wp-json\/wp\/v2\/product_tag?post=11150"}],"curies":[{"name":"wp","href":"https:\/\/api.w.org\/{rel}","templated":true}]}}