{"id":11149,"date":"2025-08-06T13:33:36","date_gmt":"2025-08-06T13:33:36","guid":{"rendered":"https:\/\/tehnikabacko.rs\/?post_type=product&#038;p=11149"},"modified":"2025-10-22T13:38:52","modified_gmt":"2025-10-22T13:38:52","slug":"kzubr-elektricna-kruzna-testera-kms255-1800","status":"publish","type":"product","link":"https:\/\/tehnikabacko.rs\/index.php\/product\/kzubr-elektricna-kruzna-testera-kms255-1800\/","title":{"rendered":"KZUBR Elektri\u010dna Kru\u017ena Testera KMS255-1800"},"content":{"rendered":"<h1 class=\"h1 namne_details\">Elektri\u010dna Kru\u017ena Testera Kzubr KMS255-1800<\/h1>\n<table id=\"prodspec\" class=\"table table-bordered table-hover table-striped\">\n<tbody>\n<tr>\n<td class=\"st\">Tip testere<\/td>\n<td class=\"sc\">Elektri\u010dna Kru\u017ena Testera<\/td>\n<\/tr>\n<tr>\n<td class=\"st\">Napajanje<\/td>\n<td class=\"sc\">Elektri\u010dna<\/td>\n<\/tr>\n<tr>\n<td class=\"st\">Karakteristike<\/td>\n<td class=\"sc\">Napon: 220V~230V<br \/>\nFrekvencija: 50\/60Hz<br \/>\nUlazna snaga: 1800W<br \/>\nBrzina bez optere\u0107enja: 6000r\/min<br \/>\nPre\u010dnik se\u010diva: 255mm<br \/>\nPre\u010dnik rupe se\u010diva: 25.4mm<br \/>\nZakonska saobraznost: 2 godine<\/td>\n<\/tr>\n<\/tbody>\n<\/table>\n<p>&nbsp;<\/p>\n<p><img decoding=\"async\" src=\"https:\/\/slike.gradim.rs\/images\/kzubr-elektricna-kruzna-testera-kms255-1800_8d77.webp\" alt=\"Elektri\u010dna kru\u017ena testera KMS255-1800 KZUBR - Sve za gradnju i za va\u0161u ku\u0107u\" \/><\/p>\n<p>&nbsp;<\/p>\n","protected":false},"excerpt":{"rendered":"<p>Elektri\u010dna Kru\u017ena Testera Kzubr KMS255-1800 Tip testere Elektri\u010dna Kru\u017ena Testera Napajanje Elektri\u010dna Karakteristike Napon: 220V~230V Frekvencija: 50\/60Hz Ulazna snaga: 1800W Brzina bez optere\u0107enja: 6000r\/min Pre\u010dnik se\u010diva: 255mm Pre\u010dnik rupe se\u010diva: 25.4mm Zakonska saobraznost: 2 godine &nbsp; &nbsp;<\/p>\n","protected":false},"featured_media":11358,"comment_status":"open","ping_status":"closed","template":"","meta":{"inline_featured_image":false},"product_brand":[],"product_cat":[148],"product_tag":[],"class_list":{"0":"post-11149","1":"product","2":"type-product","3":"status-publish","4":"has-post-thumbnail","6":"product_cat-alati","8":"first","9":"instock","10":"sale","11":"shipping-taxable","12":"purchasable","13":"product-type-simple"},"_links":{"self":[{"href":"https:\/\/tehnikabacko.rs\/index.php\/wp-json\/wp\/v2\/product\/11149","targetHints":{"allow":["GET"]}}],"collection":[{"href":"https:\/\/tehnikabacko.rs\/index.php\/wp-json\/wp\/v2\/product"}],"about":[{"href":"https:\/\/tehnikabacko.rs\/index.php\/wp-json\/wp\/v2\/types\/product"}],"replies":[{"embeddable":true,"href":"https:\/\/tehnikabacko.rs\/index.php\/wp-json\/wp\/v2\/comments?post=11149"}],"wp:featuredmedia":[{"embeddable":true,"href":"https:\/\/tehnikabacko.rs\/index.php\/wp-json\/wp\/v2\/media\/11358"}],"wp:attachment":[{"href":"https:\/\/tehnikabacko.rs\/index.php\/wp-json\/wp\/v2\/media?parent=11149"}],"wp:term":[{"taxonomy":"product_brand","embeddable":true,"href":"https:\/\/tehnikabacko.rs\/index.php\/wp-json\/wp\/v2\/product_brand?post=11149"},{"taxonomy":"product_cat","embeddable":true,"href":"https:\/\/tehnikabacko.rs\/index.php\/wp-json\/wp\/v2\/product_cat?post=11149"},{"taxonomy":"product_tag","embeddable":true,"href":"https:\/\/tehnikabacko.rs\/index.php\/wp-json\/wp\/v2\/product_tag?post=11149"}],"curies":[{"name":"wp","href":"https:\/\/api.w.org\/{rel}","templated":true}]}}