{"id":11145,"date":"2025-08-06T12:48:39","date_gmt":"2025-08-06T12:48:39","guid":{"rendered":"https:\/\/tehnikabacko.rs\/?post_type=product&#038;p=11145"},"modified":"2025-10-22T13:46:20","modified_gmt":"2025-10-22T13:46:20","slug":"kzubr-elektricne-makaze-za-staklenu-vunu-kews-320s","status":"publish","type":"product","link":"https:\/\/tehnikabacko.rs\/index.php\/product\/kzubr-elektricne-makaze-za-staklenu-vunu-kews-320s\/","title":{"rendered":"Ma\u0161inica za \u0161i\u0161anje ovaca Kzubr KEWS-320S"},"content":{"rendered":"<p>KZUBR\u00a0elektri\u010dne makaze za staklenu vunu KEWS-320S<\/p>\n<table id=\"prodspec\" class=\"table table-bordered table-hover table-striped\">\n<tbody>\n<tr>\n<td class=\"st\">Tip<\/td>\n<td class=\"sc\">elektri\u010dne makaze za staklenu vunu<\/td>\n<\/tr>\n<tr>\n<td class=\"st\">Karakteristike<\/td>\n<td class=\"sc\">Napon: 220V~230V<br \/>\nFrekvencija: 50\/60Hz<br \/>\nBrzina bez optere\u0107enja: 2400-28000r\/min<br \/>\nZakonska saobraznost: 2 godine<\/td>\n<\/tr>\n<\/tbody>\n<\/table>\n<p>&nbsp;<\/p>\n<p>&nbsp;<\/p>\n<p>&nbsp;<\/p>\n<p>&nbsp;<\/p>\n","protected":false},"excerpt":{"rendered":"<p>KZUBR\u00a0elektri\u010dne makaze za staklenu vunu KEWS-320S Tip elektri\u010dne makaze za staklenu vunu Karakteristike Napon: 220V~230V Frekvencija: 50\/60Hz Brzina bez optere\u0107enja: 2400-28000r\/min Zakonska saobraznost: 2 godine &nbsp; &nbsp; &nbsp; &nbsp;<\/p>\n","protected":false},"featured_media":11362,"comment_status":"open","ping_status":"closed","template":"","meta":{"inline_featured_image":false},"product_brand":[],"product_cat":[351],"product_tag":[],"class_list":{"0":"post-11145","1":"product","2":"type-product","3":"status-publish","4":"has-post-thumbnail","6":"product_cat-makaze","8":"first","9":"instock","10":"sale","11":"shipping-taxable","12":"purchasable","13":"product-type-simple"},"_links":{"self":[{"href":"https:\/\/tehnikabacko.rs\/index.php\/wp-json\/wp\/v2\/product\/11145","targetHints":{"allow":["GET"]}}],"collection":[{"href":"https:\/\/tehnikabacko.rs\/index.php\/wp-json\/wp\/v2\/product"}],"about":[{"href":"https:\/\/tehnikabacko.rs\/index.php\/wp-json\/wp\/v2\/types\/product"}],"replies":[{"embeddable":true,"href":"https:\/\/tehnikabacko.rs\/index.php\/wp-json\/wp\/v2\/comments?post=11145"}],"wp:featuredmedia":[{"embeddable":true,"href":"https:\/\/tehnikabacko.rs\/index.php\/wp-json\/wp\/v2\/media\/11362"}],"wp:attachment":[{"href":"https:\/\/tehnikabacko.rs\/index.php\/wp-json\/wp\/v2\/media?parent=11145"}],"wp:term":[{"taxonomy":"product_brand","embeddable":true,"href":"https:\/\/tehnikabacko.rs\/index.php\/wp-json\/wp\/v2\/product_brand?post=11145"},{"taxonomy":"product_cat","embeddable":true,"href":"https:\/\/tehnikabacko.rs\/index.php\/wp-json\/wp\/v2\/product_cat?post=11145"},{"taxonomy":"product_tag","embeddable":true,"href":"https:\/\/tehnikabacko.rs\/index.php\/wp-json\/wp\/v2\/product_tag?post=11145"}],"curies":[{"name":"wp","href":"https:\/\/api.w.org\/{rel}","templated":true}]}}