{"id":11143,"date":"2025-08-06T12:45:31","date_gmt":"2025-08-06T12:45:31","guid":{"rendered":"https:\/\/tehnikabacko.rs\/?post_type=product&#038;p=11143"},"modified":"2025-10-22T13:47:56","modified_gmt":"2025-10-22T13:47:56","slug":"kzubr-masina-za-otpusavanje-kanalizacije-kgq-80","status":"publish","type":"product","link":"https:\/\/tehnikabacko.rs\/index.php\/product\/kzubr-masina-za-otpusavanje-kanalizacije-kgq-80\/","title":{"rendered":"KZUBR Ma\u0161ina za Otpu\u0161avanje Kanalizacije -KGQ-80"},"content":{"rendered":"<p><strong>KZUBR ma\u0161ina za otpu\u0161avanje kanalizacije \/ kanalizacionih cevi<\/strong><\/p>\n<p>&#8211; Model: \u00a0<strong>GQ-80<\/strong><\/p>\n<p>&#8211; Snaga: \u00a0800w<\/p>\n<p>&#8211; Brzina: \u00a0<strong>400 rpm<\/strong><br \/>\n&#8211; Debljina sajli: \u00a0<strong>fi 16<\/strong><\/p>\n<p>&#8211; Debljina: \u00a0<strong>20 &#8211; 150 mm<\/strong><\/p>\n<p>&nbsp;<\/p>\n<p><img fetchpriority=\"high\" decoding=\"async\" class=\"\" src=\"https:\/\/lagermarket.rs\/cdn\/shop\/files\/KGQ-80_12.png?v=1745924604\" alt=\"KZUBR Ma\u0161ina za Otpu\u0161avanje Kanalizacije -KGQ-80 \u2013 Lagermarket\" width=\"756\" height=\"756\" \/><\/p>\n","protected":false},"excerpt":{"rendered":"<p>KZUBR ma\u0161ina za otpu\u0161avanje kanalizacije \/ kanalizacionih cevi &#8211; Model: \u00a0GQ-80 &#8211; Snaga: \u00a0800w &#8211; Brzina: \u00a0400 rpm &#8211; Debljina sajli: \u00a0fi 16 &#8211; Debljina: \u00a020 &#8211; 150 mm &nbsp;<\/p>\n","protected":false},"featured_media":11364,"comment_status":"open","ping_status":"closed","template":"","meta":{"inline_featured_image":false},"product_brand":[],"product_cat":[390],"product_tag":[],"class_list":{"0":"post-11143","1":"product","2":"type-product","3":"status-publish","4":"has-post-thumbnail","6":"product_cat-kanalizacija","8":"first","9":"instock","10":"sale","11":"shipping-taxable","12":"purchasable","13":"product-type-simple"},"_links":{"self":[{"href":"https:\/\/tehnikabacko.rs\/index.php\/wp-json\/wp\/v2\/product\/11143","targetHints":{"allow":["GET"]}}],"collection":[{"href":"https:\/\/tehnikabacko.rs\/index.php\/wp-json\/wp\/v2\/product"}],"about":[{"href":"https:\/\/tehnikabacko.rs\/index.php\/wp-json\/wp\/v2\/types\/product"}],"replies":[{"embeddable":true,"href":"https:\/\/tehnikabacko.rs\/index.php\/wp-json\/wp\/v2\/comments?post=11143"}],"wp:featuredmedia":[{"embeddable":true,"href":"https:\/\/tehnikabacko.rs\/index.php\/wp-json\/wp\/v2\/media\/11364"}],"wp:attachment":[{"href":"https:\/\/tehnikabacko.rs\/index.php\/wp-json\/wp\/v2\/media?parent=11143"}],"wp:term":[{"taxonomy":"product_brand","embeddable":true,"href":"https:\/\/tehnikabacko.rs\/index.php\/wp-json\/wp\/v2\/product_brand?post=11143"},{"taxonomy":"product_cat","embeddable":true,"href":"https:\/\/tehnikabacko.rs\/index.php\/wp-json\/wp\/v2\/product_cat?post=11143"},{"taxonomy":"product_tag","embeddable":true,"href":"https:\/\/tehnikabacko.rs\/index.php\/wp-json\/wp\/v2\/product_tag?post=11143"}],"curies":[{"name":"wp","href":"https:\/\/api.w.org\/{rel}","templated":true}]}}