{"id":11140,"date":"2025-08-06T12:41:58","date_gmt":"2025-08-06T12:41:58","guid":{"rendered":"https:\/\/tehnikabacko.rs\/?post_type=product&#038;p=11140"},"modified":"2025-10-22T13:48:49","modified_gmt":"2025-10-22T13:48:49","slug":"benzinska-pumpa-za-vodu-kgwp-30a-kzubr","status":"publish","type":"product","link":"https:\/\/tehnikabacko.rs\/index.php\/product\/benzinska-pumpa-za-vodu-kgwp-30a-kzubr\/","title":{"rendered":"Benzinska pumpa za vodu KGWP-30A KZUBR"},"content":{"rendered":"<ul>\n<li>Snaga motora: 6.5 konjska snaga<\/li>\n<li>Model motora: 168F-1<\/li>\n<li>Zapremina rezervoara za gorivo:\u00a03.6L<\/li>\n<li>Protok vode: 56000 l\/sat<\/li>\n<li>Pitisak: 2.6 bar<\/li>\n<li>Max dubina povla\u010denja: 8m<\/li>\n<li>Potro\u0161nja goriva: oko 1 L\/sat<\/li>\n<\/ul>\n<p>Kzubr KGWP-30A je kvalitetna benzinska pumpa za vodu, idealna za navodnjavanje ba\u0161te, poljoprivrednih parcela i seoskih doma\u0107instava. Ova pumpa za zalivanje ima pre\u010dnik priklju\u010dka od 3 cola, \u0161to omogu\u0107ava brzo i efikasno prebacivanje velikih koli\u010dina vode. Sna\u017ean motor obezbe\u0111uje dug radni vek i pouzdan rad \u010dak i u zahtevnim uslovima.<\/p>\n<p>Benzinska pumpa Kzubr KGWP-30A posebno je pogodna za navodnjavanje vo\u0107njaka, plastenika i povrtnjaka, kao i za ispumpavanje bunara ili rezervoara. Zahvaljuju\u0107i robustnoj konstrukciji i jednostavnom odr\u017eavanju, ova pumpa je odli\u010dan izbor za sve koji tra\u017ee pouzdano re\u0161enje za snabdevanje vodom na terenu.<\/p>\n<p>&nbsp;<\/p>\n<p><img decoding=\"async\" src=\"https:\/\/alatmania.rs\/tenancy\/assets\/products\/9\/6\/6\/53966\/_thumb\/kzubr-benzinska-pumpa-za-vodu-kgwp-30a-096d-medium_jpg.png?v=1747117076\" \/><\/p>\n","protected":false},"excerpt":{"rendered":"<p>Snaga motora: 6.5 konjska snaga Model motora: 168F-1 Zapremina rezervoara za gorivo:\u00a03.6L Protok vode: 56000 l\/sat Pitisak: 2.6 bar Max dubina povla\u010denja: 8m Potro\u0161nja goriva: oko 1 L\/sat Kzubr KGWP-30A je kvalitetna benzinska pumpa za vodu, idealna za navodnjavanje ba\u0161te, poljoprivrednih parcela i seoskih doma\u0107instava. Ova pumpa za zalivanje ima pre\u010dnik priklju\u010dka od 3 cola, [&hellip;]<\/p>\n","protected":false},"featured_media":11365,"comment_status":"open","ping_status":"closed","template":"","meta":{"inline_featured_image":false},"product_brand":[],"product_cat":[303,291],"product_tag":[],"class_list":{"0":"post-11140","1":"product","2":"type-product","3":"status-publish","4":"has-post-thumbnail","6":"product_cat-bastanska-pumpa","7":"product_cat-pumpe-za-bastu","9":"first","10":"instock","11":"sale","12":"shipping-taxable","13":"purchasable","14":"product-type-simple"},"_links":{"self":[{"href":"https:\/\/tehnikabacko.rs\/index.php\/wp-json\/wp\/v2\/product\/11140","targetHints":{"allow":["GET"]}}],"collection":[{"href":"https:\/\/tehnikabacko.rs\/index.php\/wp-json\/wp\/v2\/product"}],"about":[{"href":"https:\/\/tehnikabacko.rs\/index.php\/wp-json\/wp\/v2\/types\/product"}],"replies":[{"embeddable":true,"href":"https:\/\/tehnikabacko.rs\/index.php\/wp-json\/wp\/v2\/comments?post=11140"}],"wp:featuredmedia":[{"embeddable":true,"href":"https:\/\/tehnikabacko.rs\/index.php\/wp-json\/wp\/v2\/media\/11365"}],"wp:attachment":[{"href":"https:\/\/tehnikabacko.rs\/index.php\/wp-json\/wp\/v2\/media?parent=11140"}],"wp:term":[{"taxonomy":"product_brand","embeddable":true,"href":"https:\/\/tehnikabacko.rs\/index.php\/wp-json\/wp\/v2\/product_brand?post=11140"},{"taxonomy":"product_cat","embeddable":true,"href":"https:\/\/tehnikabacko.rs\/index.php\/wp-json\/wp\/v2\/product_cat?post=11140"},{"taxonomy":"product_tag","embeddable":true,"href":"https:\/\/tehnikabacko.rs\/index.php\/wp-json\/wp\/v2\/product_tag?post=11140"}],"curies":[{"name":"wp","href":"https:\/\/api.w.org\/{rel}","templated":true}]}}