{"id":11131,"date":"2025-08-05T13:02:06","date_gmt":"2025-08-05T13:02:06","guid":{"rendered":"https:\/\/tehnikabacko.rs\/?post_type=product&#038;p=11131"},"modified":"2025-08-05T13:02:06","modified_gmt":"2025-08-05T13:02:06","slug":"kzubr-kzubr-elektricna-dizalica-vrabac-kpa-500","status":"publish","type":"product","link":"https:\/\/tehnikabacko.rs\/index.php\/product\/kzubr-kzubr-elektricna-dizalica-vrabac-kpa-500\/","title":{"rendered":"Kzubr Kzubr elektri\u010dna dizalica vrabac KPA-500"},"content":{"rendered":"<table width=\"100%\">\n<tbody>\n<tr>\n<td>Opis<\/td>\n<td>&nbsp;<\/p>\n<p>Nosivost: do 500 kilograma \u2013 idealna za lak\u0161e terete i svakodnevne radove.<\/p>\n<p>&nbsp;<\/p>\n<p>Du\u017eina sajle: 12 metara \u2013 omogu\u0107ava rad na ve\u0107im visinama.<\/p>\n<p>&nbsp;<\/p>\n<p>Kompaktne dimenzije: Jednostavna za instalaciju i upotrebu, \u010dak i u ograni\u010denim prostorima.<\/p>\n<p>&nbsp;<\/p>\n<p>Snaga 950w<\/p>\n<p>&nbsp;<\/td>\n<\/tr>\n<tr>\n<td>Prava potro\u0161a\u010da:<\/td>\n<td>Zakonska saobraznost 2 godine<\/td>\n<\/tr>\n<\/tbody>\n<\/table>\n<p>&nbsp;<\/p>\n<p><img decoding=\"async\" src=\"https:\/\/elektrodot.com\/wp-content\/uploads\/2025\/07\/04072025686735c4e3f48-600x465.webp\" alt=\"04072025686735c4e3f48\" \/><\/p>\n","protected":false},"excerpt":{"rendered":"<p>Opis &nbsp; Nosivost: do 500 kilograma \u2013 idealna za lak\u0161e terete i svakodnevne radove. &nbsp; Du\u017eina sajle: 12 metara \u2013 omogu\u0107ava rad na ve\u0107im visinama. &nbsp; Kompaktne dimenzije: Jednostavna za instalaciju i upotrebu, \u010dak i u ograni\u010denim prostorima. &nbsp; Snaga 950w &nbsp; Prava potro\u0161a\u010da: Zakonska saobraznost 2 godine &nbsp;<\/p>\n","protected":false},"featured_media":11132,"comment_status":"open","ping_status":"closed","template":"","meta":{"inline_featured_image":false},"product_brand":[],"product_cat":[350],"product_tag":[],"class_list":{"0":"post-11131","1":"product","2":"type-product","3":"status-publish","4":"has-post-thumbnail","6":"product_cat-dizalice","8":"first","9":"instock","10":"sale","11":"shipping-taxable","12":"purchasable","13":"product-type-simple"},"_links":{"self":[{"href":"https:\/\/tehnikabacko.rs\/index.php\/wp-json\/wp\/v2\/product\/11131","targetHints":{"allow":["GET"]}}],"collection":[{"href":"https:\/\/tehnikabacko.rs\/index.php\/wp-json\/wp\/v2\/product"}],"about":[{"href":"https:\/\/tehnikabacko.rs\/index.php\/wp-json\/wp\/v2\/types\/product"}],"replies":[{"embeddable":true,"href":"https:\/\/tehnikabacko.rs\/index.php\/wp-json\/wp\/v2\/comments?post=11131"}],"wp:featuredmedia":[{"embeddable":true,"href":"https:\/\/tehnikabacko.rs\/index.php\/wp-json\/wp\/v2\/media\/11132"}],"wp:attachment":[{"href":"https:\/\/tehnikabacko.rs\/index.php\/wp-json\/wp\/v2\/media?parent=11131"}],"wp:term":[{"taxonomy":"product_brand","embeddable":true,"href":"https:\/\/tehnikabacko.rs\/index.php\/wp-json\/wp\/v2\/product_brand?post=11131"},{"taxonomy":"product_cat","embeddable":true,"href":"https:\/\/tehnikabacko.rs\/index.php\/wp-json\/wp\/v2\/product_cat?post=11131"},{"taxonomy":"product_tag","embeddable":true,"href":"https:\/\/tehnikabacko.rs\/index.php\/wp-json\/wp\/v2\/product_tag?post=11131"}],"curies":[{"name":"wp","href":"https:\/\/api.w.org\/{rel}","templated":true}]}}