{"id":11129,"date":"2025-08-05T12:52:27","date_gmt":"2025-08-05T12:52:27","guid":{"rendered":"https:\/\/tehnikabacko.rs\/?post_type=product&#038;p=11129"},"modified":"2025-08-05T12:52:27","modified_gmt":"2025-08-05T12:52:27","slug":"kzubr-aparat-za-varenje-mig-mag-tig-mma-900","status":"publish","type":"product","link":"https:\/\/tehnikabacko.rs\/index.php\/product\/kzubr-aparat-za-varenje-mig-mag-tig-mma-900\/","title":{"rendered":"Kzubr Aparat za Varenje MIG-MAG-TIG-MMA-900"},"content":{"rendered":"<h2>Opis<\/h2>\n<p>Kzubr Aparat za Varenje MIG-MAG-TIG-MMA-900<\/p>\n<ul>\n<li>Ulazni napon : 220v<\/li>\n<li>Frekvencija: 50\/60hz<\/li>\n<li>Ulazna snaga: 8,0kva<\/li>\n<li>Radni ciklus :60%<\/li>\n<li>Opseg struje: MIG 30-180A MMA 30-180A<\/li>\n<li>Upotrebljive elektrode MMA :1,6-2,5mm<\/li>\n<li>Maksimalna debljina \u017eice MIG:0,8mm<\/li>\n<\/ul>\n<p>Paket uklju\u010duje:<\/p>\n<p>\u2013\u00a0<b>Pi\u0161tolj<\/b>\u00a0za Co2 i kablovi za TIG varenje,<br \/>\n\u2013\u00a0<b>Kabl<\/b>\u00a0za masu,<br \/>\n\u2013\u00a0<b>Kabli\u00a0<\/b>za elektrodu<br \/>\n\u2013\u00a0<b>Maska<\/b>\u00a0za varenje i<br \/>\n\u2013\u00a0<b>\u010celi\u010dna \u010detka<\/b>.<\/p>\n<p>&nbsp;<\/p>\n<p><img decoding=\"async\" src=\"https:\/\/www.bosshop.rs\/media\/2025\/04\/Kzubr-Aparat-za-Varenje-MIG-MAG-TIG-MMA-900-600x600.jpg\" alt=\"Kzubr Aparat za Varenje MIG-MAG-TIG-MMA-900\" \/><\/p>\n<p>&nbsp;<\/p>\n<p>&nbsp;<\/p>\n","protected":false},"excerpt":{"rendered":"<p>Opis Kzubr Aparat za Varenje MIG-MAG-TIG-MMA-900 Ulazni napon : 220v Frekvencija: 50\/60hz Ulazna snaga: 8,0kva Radni ciklus :60% Opseg struje: MIG 30-180A MMA 30-180A Upotrebljive elektrode MMA :1,6-2,5mm Maksimalna debljina \u017eice MIG:0,8mm Paket uklju\u010duje: \u2013\u00a0Pi\u0161tolj\u00a0za Co2 i kablovi za TIG varenje, \u2013\u00a0Kabl\u00a0za masu, \u2013\u00a0Kabli\u00a0za elektrodu \u2013\u00a0Maska\u00a0za varenje i \u2013\u00a0\u010celi\u010dna \u010detka. &nbsp; &nbsp; &nbsp;<\/p>\n","protected":false},"featured_media":11130,"comment_status":"open","ping_status":"closed","template":"","meta":{"inline_featured_image":false},"product_brand":[],"product_cat":[242],"product_tag":[],"class_list":{"0":"post-11129","1":"product","2":"type-product","3":"status-publish","4":"has-post-thumbnail","6":"product_cat-aparati-za-varenje","8":"first","9":"instock","10":"sale","11":"shipping-taxable","12":"purchasable","13":"product-type-simple"},"_links":{"self":[{"href":"https:\/\/tehnikabacko.rs\/index.php\/wp-json\/wp\/v2\/product\/11129","targetHints":{"allow":["GET"]}}],"collection":[{"href":"https:\/\/tehnikabacko.rs\/index.php\/wp-json\/wp\/v2\/product"}],"about":[{"href":"https:\/\/tehnikabacko.rs\/index.php\/wp-json\/wp\/v2\/types\/product"}],"replies":[{"embeddable":true,"href":"https:\/\/tehnikabacko.rs\/index.php\/wp-json\/wp\/v2\/comments?post=11129"}],"wp:featuredmedia":[{"embeddable":true,"href":"https:\/\/tehnikabacko.rs\/index.php\/wp-json\/wp\/v2\/media\/11130"}],"wp:attachment":[{"href":"https:\/\/tehnikabacko.rs\/index.php\/wp-json\/wp\/v2\/media?parent=11129"}],"wp:term":[{"taxonomy":"product_brand","embeddable":true,"href":"https:\/\/tehnikabacko.rs\/index.php\/wp-json\/wp\/v2\/product_brand?post=11129"},{"taxonomy":"product_cat","embeddable":true,"href":"https:\/\/tehnikabacko.rs\/index.php\/wp-json\/wp\/v2\/product_cat?post=11129"},{"taxonomy":"product_tag","embeddable":true,"href":"https:\/\/tehnikabacko.rs\/index.php\/wp-json\/wp\/v2\/product_tag?post=11129"}],"curies":[{"name":"wp","href":"https:\/\/api.w.org\/{rel}","templated":true}]}}