{"id":11114,"date":"2025-08-05T12:18:16","date_gmt":"2025-08-05T12:18:16","guid":{"rendered":"https:\/\/tehnikabacko.rs\/?post_type=product&#038;p=11114"},"modified":"2025-08-05T12:21:49","modified_gmt":"2025-08-05T12:21:49","slug":"kzubr-aparat-za-varenje-mini-300p","status":"publish","type":"product","link":"https:\/\/tehnikabacko.rs\/index.php\/product\/kzubr-aparat-za-varenje-mini-300p\/","title":{"rendered":"KZUBR Aparat za varenje MINI-300P"},"content":{"rendered":"<table id=\"prodspec\" class=\"table table-bordered table-hover table-striped\">\n<tbody>\n<tr>\n<td class=\"st\">Tip aparata<\/td>\n<td class=\"sc\">Aparat za varenje<\/td>\n<\/tr>\n<tr>\n<td class=\"st\">Karakteristike<\/td>\n<td class=\"sc\">Napon: 220V~230V<br \/>\nFrekvencija: 50\/60Hz<br \/>\nKapacitet ulazne snage: 3.5KVA<br \/>\nOpseg izlazne struje: 20-120A<br \/>\nPrimenjena \u0161ipka za varenje: 1.6-2.5mm<br \/>\nNapon bez optere\u0107enja: 60V<\/td>\n<\/tr>\n<tr>\n<td class=\"st\">Zakonska saobraznost<\/td>\n<td class=\"sc\">Zakonska saobraznost: 2 godine<\/td>\n<\/tr>\n<\/tbody>\n<\/table>\n<p>&nbsp;<\/p>\n<p>Zagarantovana sva prava po Zakonu o za\u0161titi potro\u0161a\u010da.<\/p>\n<p>Ta\u010dan podatak o uvozniku i zemlji porekla je naveden na deklaraciji proizvoda.<\/p>\n<div><\/div>\n<div><img decoding=\"async\" src=\"https:\/\/www.bosshop.rs\/media\/2025\/04\/Kzubr-Aparat-za-Varenje-MINI-300P.jpg\" alt=\"Kzubr Aparat za Varenje MINI-300P - B.O.S. Shop\" \/><\/div>\n","protected":false},"excerpt":{"rendered":"<p>Tip aparata Aparat za varenje Karakteristike Napon: 220V~230V Frekvencija: 50\/60Hz Kapacitet ulazne snage: 3.5KVA Opseg izlazne struje: 20-120A Primenjena \u0161ipka za varenje: 1.6-2.5mm Napon bez optere\u0107enja: 60V Zakonska saobraznost Zakonska saobraznost: 2 godine &nbsp; Zagarantovana sva prava po Zakonu o za\u0161titi potro\u0161a\u010da. Ta\u010dan podatak o uvozniku i zemlji porekla je naveden na deklaraciji proizvoda.<\/p>\n","protected":false},"featured_media":11118,"comment_status":"open","ping_status":"closed","template":"","meta":{"inline_featured_image":false},"product_brand":[],"product_cat":[389],"product_tag":[],"class_list":{"0":"post-11114","1":"product","2":"type-product","3":"status-publish","4":"has-post-thumbnail","6":"product_cat-aparat-za-varenje","8":"first","9":"instock","10":"sale","11":"shipping-taxable","12":"purchasable","13":"product-type-simple"},"_links":{"self":[{"href":"https:\/\/tehnikabacko.rs\/index.php\/wp-json\/wp\/v2\/product\/11114","targetHints":{"allow":["GET"]}}],"collection":[{"href":"https:\/\/tehnikabacko.rs\/index.php\/wp-json\/wp\/v2\/product"}],"about":[{"href":"https:\/\/tehnikabacko.rs\/index.php\/wp-json\/wp\/v2\/types\/product"}],"replies":[{"embeddable":true,"href":"https:\/\/tehnikabacko.rs\/index.php\/wp-json\/wp\/v2\/comments?post=11114"}],"wp:featuredmedia":[{"embeddable":true,"href":"https:\/\/tehnikabacko.rs\/index.php\/wp-json\/wp\/v2\/media\/11118"}],"wp:attachment":[{"href":"https:\/\/tehnikabacko.rs\/index.php\/wp-json\/wp\/v2\/media?parent=11114"}],"wp:term":[{"taxonomy":"product_brand","embeddable":true,"href":"https:\/\/tehnikabacko.rs\/index.php\/wp-json\/wp\/v2\/product_brand?post=11114"},{"taxonomy":"product_cat","embeddable":true,"href":"https:\/\/tehnikabacko.rs\/index.php\/wp-json\/wp\/v2\/product_cat?post=11114"},{"taxonomy":"product_tag","embeddable":true,"href":"https:\/\/tehnikabacko.rs\/index.php\/wp-json\/wp\/v2\/product_tag?post=11114"}],"curies":[{"name":"wp","href":"https:\/\/api.w.org\/{rel}","templated":true}]}}