{"id":11102,"date":"2025-07-30T12:36:56","date_gmt":"2025-07-30T12:36:56","guid":{"rendered":"https:\/\/tehnikabacko.rs\/?post_type=product&#038;p=11102"},"modified":"2025-07-30T12:36:56","modified_gmt":"2025-07-30T12:36:56","slug":"kzubr-zirafa-za-smirglanje-zidova-kds-750","status":"publish","type":"product","link":"https:\/\/tehnikabacko.rs\/index.php\/product\/kzubr-zirafa-za-smirglanje-zidova-kds-750\/","title":{"rendered":"KZUBR \u017dirafa za smirglanje zidova KDS-750"},"content":{"rendered":"<p>Karakteristike:<\/p>\n<ul>\n<li>Napon: 220V~230V<\/li>\n<li>Frekvencija: 50\/60Hz<\/li>\n<li>Ulazna snaga: 750W<\/li>\n<li>Brzina bez optere\u0107enja: 1000-2100r\/min<\/li>\n<li>Pre\u010dnik diska: 230mm<\/li>\n<li>Ugra\u0111eno svetlo<\/li>\n<li>Usisiva\u010d ugra\u0111en u &#8222;\u017eirafu&#8220;<\/li>\n<li>Du\u017eina kada je sklopljena: 134 cm<\/li>\n<li>Du\u017eina kada je rasklopljena: 191 cm<\/li>\n<\/ul>\n<p><img fetchpriority=\"high\" decoding=\"async\" class=\"\" src=\"https:\/\/api.tehnoteka.rs\/uploads\/cache\/product_large\/uploads\/2024\/07\/kzubr-kds-750-zirafa-za-smirglanje-zidova-669f655954aae.webp\" width=\"527\" height=\"502\" \/><\/p>\n","protected":false},"excerpt":{"rendered":"<h4 class=\"px-2 pb-2 pt-3\">Performanse i tehni\u010dke informacije<\/h4>\n<div class=\"row mx-0 px-0 pb-3\">\n<div class=\"attribute_wrap py-2 d-flex col-12 col-lg-6\">\n<div class=\"attribute_name text-gray\">Snaga<\/div>\n<div class=\"pl-5 \">\n<div>750<span class=\"pl-2\">W<\/span><\/div>\n<\/div>\n<\/div>\n<div class=\"attribute_wrap py-2 d-flex col-12 col-lg-6\">\n<div class=\"attribute_name text-gray\">Broj obrtaja<\/div>\n<div class=\"pl-5 \">\n<div>2100<span class=\"pl-2\">o\/min<\/span><\/div>\n<\/div>\n<\/div>\n<div class=\"attribute_wrap py-2 d-flex col-12 col-lg-6\">\n<div class=\"attribute_name text-gray\">Brusna povr\u0161ina<\/div>\n<div class=\"pl-5 \">\n<div>230<span class=\"pl-2\">mm<\/span><\/div>\n<\/div>\n<\/div>\n<div class=\"attribute_wrap py-2 d-flex col-12 col-lg-12\">\n<div class=\"attribute_name text-gray other\">Ostalo<\/div>\n<div class=\"pl-5 attribute_text\">\n<div>\n<div class=\"prewrap-text\">Du\u017eina kada je sklopljena: 134 cm Du\u017eina kada je rasklopljena: 191 cm<\/div>\n<\/div>\n<\/div>\n<\/div>\n<\/div>\n","protected":false},"featured_media":11103,"comment_status":"open","ping_status":"closed","template":"","meta":{"inline_featured_image":false},"product_brand":[],"product_cat":[387],"product_tag":[],"class_list":{"0":"post-11102","1":"product","2":"type-product","3":"status-publish","4":"has-post-thumbnail","6":"product_cat-zirafa-za-zidove","8":"first","9":"instock","10":"sale","11":"shipping-taxable","12":"purchasable","13":"product-type-simple"},"_links":{"self":[{"href":"https:\/\/tehnikabacko.rs\/index.php\/wp-json\/wp\/v2\/product\/11102","targetHints":{"allow":["GET"]}}],"collection":[{"href":"https:\/\/tehnikabacko.rs\/index.php\/wp-json\/wp\/v2\/product"}],"about":[{"href":"https:\/\/tehnikabacko.rs\/index.php\/wp-json\/wp\/v2\/types\/product"}],"replies":[{"embeddable":true,"href":"https:\/\/tehnikabacko.rs\/index.php\/wp-json\/wp\/v2\/comments?post=11102"}],"wp:featuredmedia":[{"embeddable":true,"href":"https:\/\/tehnikabacko.rs\/index.php\/wp-json\/wp\/v2\/media\/11103"}],"wp:attachment":[{"href":"https:\/\/tehnikabacko.rs\/index.php\/wp-json\/wp\/v2\/media?parent=11102"}],"wp:term":[{"taxonomy":"product_brand","embeddable":true,"href":"https:\/\/tehnikabacko.rs\/index.php\/wp-json\/wp\/v2\/product_brand?post=11102"},{"taxonomy":"product_cat","embeddable":true,"href":"https:\/\/tehnikabacko.rs\/index.php\/wp-json\/wp\/v2\/product_cat?post=11102"},{"taxonomy":"product_tag","embeddable":true,"href":"https:\/\/tehnikabacko.rs\/index.php\/wp-json\/wp\/v2\/product_tag?post=11102"}],"curies":[{"name":"wp","href":"https:\/\/api.w.org\/{rel}","templated":true}]}}