{"id":11099,"date":"2025-07-30T12:12:59","date_gmt":"2025-07-30T12:12:59","guid":{"rendered":"https:\/\/tehnikabacko.rs\/?post_type=product&#038;p=11099"},"modified":"2025-07-30T12:12:59","modified_gmt":"2025-07-30T12:12:59","slug":"elektricna-busilica-za-busenje-krh26-850-kzubr","status":"publish","type":"product","link":"https:\/\/tehnikabacko.rs\/index.php\/product\/elektricna-busilica-za-busenje-krh26-850-kzubr\/","title":{"rendered":"Elektri\u010dna bu\u0161ilica za bu\u0161enje KRH26-850 KZUBR"},"content":{"rendered":"<h2>Opis proizvoda<\/h2>\n<p>Napon: 220V~230V<\/p>\n<p>Frekvencija: 50\/60Hz<\/p>\n<p>Ulazna snaga: 850W<\/p>\n<p>Brzina bez optere\u0107enja: 950\/min<\/p>\n<p>Stopa uticaja: 4250r\/min<\/p>\n<p><img fetchpriority=\"high\" decoding=\"async\" class=\"\" src=\"https:\/\/akvamast.rs\/prodavnica\/8361-large_default\/elektricna-busilica-za-busenje-kzubr-krh26-850.jpg\" width=\"476\" height=\"476\" \/><\/p>\n","protected":false},"excerpt":{"rendered":"<p>Napon: 220V~230V<br \/>\nFrekvencija: 50\/60Hz<br \/>\nUlazna snaga: 850W<br \/>\nBrzina bez optere\u0107enja: 950\/mi<\/p>\n","protected":false},"featured_media":11100,"comment_status":"open","ping_status":"closed","template":"","meta":{"inline_featured_image":false},"product_brand":[],"product_cat":[278,280],"product_tag":[],"class_list":{"0":"post-11099","1":"product","2":"type-product","3":"status-publish","4":"has-post-thumbnail","6":"product_cat-elektricna-busilica","7":"product_cat-udarni-cekic","9":"first","10":"instock","11":"sale","12":"shipping-taxable","13":"purchasable","14":"product-type-simple"},"_links":{"self":[{"href":"https:\/\/tehnikabacko.rs\/index.php\/wp-json\/wp\/v2\/product\/11099","targetHints":{"allow":["GET"]}}],"collection":[{"href":"https:\/\/tehnikabacko.rs\/index.php\/wp-json\/wp\/v2\/product"}],"about":[{"href":"https:\/\/tehnikabacko.rs\/index.php\/wp-json\/wp\/v2\/types\/product"}],"replies":[{"embeddable":true,"href":"https:\/\/tehnikabacko.rs\/index.php\/wp-json\/wp\/v2\/comments?post=11099"}],"wp:featuredmedia":[{"embeddable":true,"href":"https:\/\/tehnikabacko.rs\/index.php\/wp-json\/wp\/v2\/media\/11100"}],"wp:attachment":[{"href":"https:\/\/tehnikabacko.rs\/index.php\/wp-json\/wp\/v2\/media?parent=11099"}],"wp:term":[{"taxonomy":"product_brand","embeddable":true,"href":"https:\/\/tehnikabacko.rs\/index.php\/wp-json\/wp\/v2\/product_brand?post=11099"},{"taxonomy":"product_cat","embeddable":true,"href":"https:\/\/tehnikabacko.rs\/index.php\/wp-json\/wp\/v2\/product_cat?post=11099"},{"taxonomy":"product_tag","embeddable":true,"href":"https:\/\/tehnikabacko.rs\/index.php\/wp-json\/wp\/v2\/product_tag?post=11099"}],"curies":[{"name":"wp","href":"https:\/\/api.w.org\/{rel}","templated":true}]}}