{"id":11095,"date":"2025-07-25T11:55:17","date_gmt":"2025-07-25T11:55:17","guid":{"rendered":"https:\/\/tehnikabacko.rs\/?post_type=product&#038;p=11095"},"modified":"2025-07-25T11:55:17","modified_gmt":"2025-07-25T11:55:17","slug":"ingco-aku-set-alata-3-1-cosli250281e","status":"publish","type":"product","link":"https:\/\/tehnikabacko.rs\/index.php\/product\/ingco-aku-set-alata-3-1-cosli250281e\/","title":{"rendered":"Ingco Aku set alata 3\/1 COSLI250281E"},"content":{"rendered":"<p><strong>Specifikacija:<\/strong><\/p>\n<p>Napon: 20V<br \/>\n<strong>Akumulatorska bu\u0161ilica bez \u010detkica (CRHLI20288):<\/strong><\/p>\n<ul>\n<li>Motor bez \u010detkica<\/li>\n<li>Brzina bez opterec\u0301enja: 0-930 o\/min<\/li>\n<li>Brzina udara: 0-4400 o\/min<\/li>\n<li>Energija udara: 4,5J<\/li>\n<li>Maksimalni kapacitet bu\u0161enja: Beton: 28 mm \u010celik: 13 mm Drvo: 40 mm<\/li>\n<li>SDS Plus sistem stezne glave<\/li>\n<\/ul>\n<p><strong>Akumulatorski udarni klju\u010d (CIWLI201351):<\/strong><\/p>\n<ul>\n<li>Motor bez \u010detkica<\/li>\n<li>Napon: 20V<\/li>\n<li>Kvadratni pogon: 3\/4&#8243;<\/li>\n<li>Brzina bez opterec\u0301enja: 0-900\/0-1200\/0-1800 o\/min<\/li>\n<li>Brzina udara: 0-1800\/0-2000\/0-2200 o\/min<\/li>\n<li>Obrtni moment pri\u010dvr\u0161c\u0301ivanja: 1350 Nm<\/li>\n<li>Obrtni moment pri odvrtanju navrtke: 1900 Nm<\/li>\n<\/ul>\n<p><strong>Kompaktna akumulatorska udarna bu\u0161ilica bez \u010detkica (CIDLI209681):<\/strong><\/p>\n<ul>\n<li>Motor bez \u010detkica<\/li>\n<li>Napon: 20 V<\/li>\n<li>Brzina bez opterec\u0301enja: 0-500\/0-2000 o\/min<\/li>\n<li>Maksimalna brzina udara: 30000 o\/min<\/li>\n<li>Maksimalni obrtni moment: 96 Nm<\/li>\n<li>Metalna stezna glava<\/li>\n<li>Kapacitet stezne glave: 13 mm<\/li>\n<li>Pode\u0161avanja obrtnog momenta: 22+1+1<\/li>\n<li>Mehani\u010dki menja\u010d sa 2 brzine<\/li>\n<li>Funkcija zaklju\u010davanja vretena<\/li>\n<li>Integrisano LED radno svetlo<\/li>\n<\/ul>\n<p><strong>Uklju\u010duje:<\/strong><\/p>\n<ul>\n<li>3 kom. burgija (8, 10, 12 mm)<\/li>\n<li>1 kom. dleto<\/li>\n<li>1 kom. tuba za mazivo<\/li>\n<li>1 kom. klju\u010d<\/li>\n<li>3 kom. nasadnih klju\u010deva (27, 30, 32 mm)<\/li>\n<li>3 kom. ravne burgije za drvo bitovi (16,19,22 mm)<\/li>\n<li>3 kom. burgija za zid (5,6,8 mm)<\/li>\n<li>3 kom. HSS burgija (4,5,6 mm)<\/li>\n<li>2 kom. udarnih bitova za odvija\u010d od 65 mm (PH2+PH2,PH2+SL6)<\/li>\n<li>Napon punjenja: 220-240V~50\/60Hz<\/li>\n<li>2 kom. baterije od 5,0 Ah (FBLI2003)<\/li>\n<li>1 kom. punja\u010d (FCLI2001E)<\/li>\n<\/ul>\n<p>Pakovano u kutiji za no\u0161enje<\/p>\n<p>&nbsp;<\/p>\n<p><strong>Garancija: 36 meseci<\/strong><\/p>\n<p><img fetchpriority=\"high\" decoding=\"async\" class=\"\" src=\"https:\/\/static.wixstatic.com\/media\/991003_333bea09dd7a4f40acf2c7be2119b92a~mv2.png\/v1\/fill\/w_793,h_793,al_c,usm_0.66_1.00_0.01\/991003_333bea09dd7a4f40acf2c7be2119b92a~mv2.png\" alt=\"Media: Ingco Aku set alata 3\/1 COSLI250281E Super Ingco\" width=\"515\" height=\"515\" \/><\/p>\n","protected":false},"excerpt":{"rendered":"<p><strong>Ingco Aku set alata 3\/1 COSLI250281E Super Ingco<\/strong>\u00a0 &#8211; sadr\u017ei aku bu\u0161ilicu, aku \u010deki\u0107 bu\u0161ilicu,\u00a0aku udarni odvija\u010d, dve baterije od 5Ah, brzi punja\u010d i dodatke<\/p>\n","protected":false},"featured_media":11096,"comment_status":"open","ping_status":"closed","template":"","meta":{"inline_featured_image":false},"product_brand":[],"product_cat":[232,386,148],"product_tag":[],"class_list":{"0":"post-11095","1":"product","2":"type-product","3":"status-publish","4":"has-post-thumbnail","6":"product_cat-aku-alati","7":"product_cat-aku-udarni-odvijac","8":"product_cat-alati","10":"first","11":"instock","12":"sale","13":"shipping-taxable","14":"purchasable","15":"product-type-simple"},"_links":{"self":[{"href":"https:\/\/tehnikabacko.rs\/index.php\/wp-json\/wp\/v2\/product\/11095","targetHints":{"allow":["GET"]}}],"collection":[{"href":"https:\/\/tehnikabacko.rs\/index.php\/wp-json\/wp\/v2\/product"}],"about":[{"href":"https:\/\/tehnikabacko.rs\/index.php\/wp-json\/wp\/v2\/types\/product"}],"replies":[{"embeddable":true,"href":"https:\/\/tehnikabacko.rs\/index.php\/wp-json\/wp\/v2\/comments?post=11095"}],"wp:featuredmedia":[{"embeddable":true,"href":"https:\/\/tehnikabacko.rs\/index.php\/wp-json\/wp\/v2\/media\/11096"}],"wp:attachment":[{"href":"https:\/\/tehnikabacko.rs\/index.php\/wp-json\/wp\/v2\/media?parent=11095"}],"wp:term":[{"taxonomy":"product_brand","embeddable":true,"href":"https:\/\/tehnikabacko.rs\/index.php\/wp-json\/wp\/v2\/product_brand?post=11095"},{"taxonomy":"product_cat","embeddable":true,"href":"https:\/\/tehnikabacko.rs\/index.php\/wp-json\/wp\/v2\/product_cat?post=11095"},{"taxonomy":"product_tag","embeddable":true,"href":"https:\/\/tehnikabacko.rs\/index.php\/wp-json\/wp\/v2\/product_tag?post=11095"}],"curies":[{"name":"wp","href":"https:\/\/api.w.org\/{rel}","templated":true}]}}