{"id":11080,"date":"2025-07-23T10:52:21","date_gmt":"2025-07-23T10:52:21","guid":{"rendered":"https:\/\/tehnikabacko.rs\/?post_type=product&#038;p=11080"},"modified":"2025-07-23T10:52:21","modified_gmt":"2025-07-23T10:52:21","slug":"nexsas-slavina-bojler-zidna-nx880","status":"publish","type":"product","link":"https:\/\/tehnikabacko.rs\/index.php\/product\/nexsas-slavina-bojler-zidna-nx880\/","title":{"rendered":"NEXSAS SLAVINA BOJLER ZIDNA NX880"},"content":{"rendered":"<table>\n<tbody>\n<tr>\n<td class=\"prvired\"><strong>Brend<\/strong><\/td>\n<td class=\"drugired\">Nexsas<\/td>\n<\/tr>\n<tr>\n<td class=\"prvired\"><strong>Tip<\/strong><\/td>\n<td class=\"drugired\">Slavina bojler za instant zagrevanje vode<\/td>\n<\/tr>\n<tr>\n<td class=\"prvired\"><strong>Snaga<\/strong><\/td>\n<td class=\"drugired\">3000-3300W<\/td>\n<\/tr>\n<tr>\n<td class=\"prvired\"><strong>Napon<\/strong><\/td>\n<td class=\"drugired\">220V\/50Hz<\/td>\n<\/tr>\n<tr>\n<td class=\"prvired\"><strong>Materijal<\/strong><\/td>\n<td class=\"drugired\">Crevo od ner\u0111aju\u0107eg \u010delika<\/td>\n<\/tr>\n<tr>\n<td class=\"prvired\"><strong>Karakteristike<\/strong><\/td>\n<td class=\"drugired\">Treperu\u010di indikator rada<br \/>\nZidna<\/td>\n<\/tr>\n<\/tbody>\n<\/table>\n<p><img fetchpriority=\"high\" decoding=\"async\" class=\"\" src=\"http:\/\/www.tri-o.rs\/images\/thumbs\/0048987_sifart71803_0.jpg\" width=\"305\" height=\"526\" \/><\/p>\n","protected":false},"excerpt":{"rendered":"<p>Slavina bojler za instant zagrevanje vode, 3000-3300W, 220V\/50Hz, crevo od ner\u0111aju\u0107eg \u010delika, treperu\u010di indikator rada, zidna<\/p>\n","protected":false},"featured_media":11082,"comment_status":"open","ping_status":"closed","template":"","meta":{"inline_featured_image":false},"product_brand":[],"product_cat":[368],"product_tag":[],"class_list":{"0":"post-11080","1":"product","2":"type-product","3":"status-publish","4":"has-post-thumbnail","6":"product_cat-slavine","8":"first","9":"instock","10":"sale","11":"shipping-taxable","12":"purchasable","13":"product-type-simple"},"_links":{"self":[{"href":"https:\/\/tehnikabacko.rs\/index.php\/wp-json\/wp\/v2\/product\/11080","targetHints":{"allow":["GET"]}}],"collection":[{"href":"https:\/\/tehnikabacko.rs\/index.php\/wp-json\/wp\/v2\/product"}],"about":[{"href":"https:\/\/tehnikabacko.rs\/index.php\/wp-json\/wp\/v2\/types\/product"}],"replies":[{"embeddable":true,"href":"https:\/\/tehnikabacko.rs\/index.php\/wp-json\/wp\/v2\/comments?post=11080"}],"wp:featuredmedia":[{"embeddable":true,"href":"https:\/\/tehnikabacko.rs\/index.php\/wp-json\/wp\/v2\/media\/11082"}],"wp:attachment":[{"href":"https:\/\/tehnikabacko.rs\/index.php\/wp-json\/wp\/v2\/media?parent=11080"}],"wp:term":[{"taxonomy":"product_brand","embeddable":true,"href":"https:\/\/tehnikabacko.rs\/index.php\/wp-json\/wp\/v2\/product_brand?post=11080"},{"taxonomy":"product_cat","embeddable":true,"href":"https:\/\/tehnikabacko.rs\/index.php\/wp-json\/wp\/v2\/product_cat?post=11080"},{"taxonomy":"product_tag","embeddable":true,"href":"https:\/\/tehnikabacko.rs\/index.php\/wp-json\/wp\/v2\/product_tag?post=11080"}],"curies":[{"name":"wp","href":"https:\/\/api.w.org\/{rel}","templated":true}]}}