{"id":11046,"date":"2025-06-27T12:10:15","date_gmt":"2025-06-27T12:10:15","guid":{"rendered":"https:\/\/tehnikabacko.rs\/?post_type=product&#038;p=11046"},"modified":"2025-06-27T12:10:15","modified_gmt":"2025-06-27T12:10:15","slug":"zx100-automatski-cistac-bazena","status":"publish","type":"product","link":"https:\/\/tehnikabacko.rs\/index.php\/product\/zx100-automatski-cistac-bazena\/","title":{"rendered":"ZX100 Automatski \u010dista\u010d bazena"},"content":{"rendered":"<h3 class=\"d-block h3 fix-weight\">Tehni\u010dke specifikacije<\/h3>\n<table class=\"table\">\n<tbody>\n<tr>\n<td>Materijal<\/td>\n<th>Plastika<\/th>\n<\/tr>\n<tr>\n<td>Boja<\/td>\n<th>Bela<\/th>\n<\/tr>\n<tr>\n<td>Te\u017eina paketa (kg)<\/td>\n<th>6.35<\/th>\n<\/tr>\n<tr>\n<td>Potreban protok pumpe za filtriranje (l\/h)<\/td>\n<th>6 056 &#8211; 13 248<\/th>\n<\/tr>\n<tr>\n<td>Dimenzije pakovanja (cm)<\/td>\n<th>38.1 x 55.2 x 30.8<\/th>\n<\/tr>\n<tr>\n<td>Dimenzije (cm)<\/td>\n<th>40 x 24 x 28<\/th>\n<\/tr>\n<\/tbody>\n<\/table>\n<p><img fetchpriority=\"high\" decoding=\"async\" class=\"\" src=\"https:\/\/intexpartner.com\/media\/productimg\/267\/28006EX_1.webp\" width=\"467\" height=\"467\" \/><\/p>\n","protected":false},"excerpt":{"rendered":"<p>\u010ci\u0161\u0107enje bazena nikada nije bilo tako brzo. Automatski \u010dista\u010d bazena ZX100 precizno uklanja otpad sa dna bazena. Radi bez potrebe za elektri\u010dnim priklju\u010dkom, ali je neophodna INTEX filter pumpa sa protokom vode izme\u0111u 6.056L\/h i 13248 L\/h. Mre\u017easti filter debljine 0,15mm hvata i najsitnije ostatke. ZX100 mo\u017ee da prikupi i do 1,5 L prljav\u0161tine! Za minut mo\u017ee da pokrije udaljenost od 8m radi brzog i efektivnog \u010di\u0161\u0107enje. U pakovanju \u010dista\u010da ZX100 se nalazi savitljivo crevo od 6,5m, proizvod je pogodan za nadzemne bazene do 66&#215;132 cm (okrugli bazeni) ili 975x488x132 cm (pravougaoni bazeni).<\/p>\n","protected":false},"featured_media":11047,"comment_status":"open","ping_status":"closed","template":"","meta":{"inline_featured_image":false},"product_brand":[],"product_cat":[348,308],"product_tag":[],"class_list":{"0":"post-11046","1":"product","2":"type-product","3":"status-publish","4":"has-post-thumbnail","6":"product_cat-dodaci-za-bazen","7":"product_cat-usisivaci-usisivaci","9":"first","10":"instock","11":"sale","12":"shipping-taxable","13":"purchasable","14":"product-type-simple"},"_links":{"self":[{"href":"https:\/\/tehnikabacko.rs\/index.php\/wp-json\/wp\/v2\/product\/11046","targetHints":{"allow":["GET"]}}],"collection":[{"href":"https:\/\/tehnikabacko.rs\/index.php\/wp-json\/wp\/v2\/product"}],"about":[{"href":"https:\/\/tehnikabacko.rs\/index.php\/wp-json\/wp\/v2\/types\/product"}],"replies":[{"embeddable":true,"href":"https:\/\/tehnikabacko.rs\/index.php\/wp-json\/wp\/v2\/comments?post=11046"}],"wp:featuredmedia":[{"embeddable":true,"href":"https:\/\/tehnikabacko.rs\/index.php\/wp-json\/wp\/v2\/media\/11047"}],"wp:attachment":[{"href":"https:\/\/tehnikabacko.rs\/index.php\/wp-json\/wp\/v2\/media?parent=11046"}],"wp:term":[{"taxonomy":"product_brand","embeddable":true,"href":"https:\/\/tehnikabacko.rs\/index.php\/wp-json\/wp\/v2\/product_brand?post=11046"},{"taxonomy":"product_cat","embeddable":true,"href":"https:\/\/tehnikabacko.rs\/index.php\/wp-json\/wp\/v2\/product_cat?post=11046"},{"taxonomy":"product_tag","embeddable":true,"href":"https:\/\/tehnikabacko.rs\/index.php\/wp-json\/wp\/v2\/product_tag?post=11046"}],"curies":[{"name":"wp","href":"https:\/\/api.w.org\/{rel}","templated":true}]}}