{"id":11035,"date":"2025-06-17T09:23:11","date_gmt":"2025-06-17T09:23:11","guid":{"rendered":"https:\/\/tehnikabacko.rs\/?post_type=product&#038;p=11035"},"modified":"2025-06-17T09:23:11","modified_gmt":"2025-06-17T09:23:11","slug":"baterija-akumulator-chilwee-12v-27ah-graphene-black-gold-series-za-elektro-bicikl","status":"publish","type":"product","link":"https:\/\/tehnikabacko.rs\/index.php\/product\/baterija-akumulator-chilwee-12v-27ah-graphene-black-gold-series-za-elektro-bicikl\/","title":{"rendered":"Baterija (akumulator) CHILWEE 12V\/27Ah GRAPHENE Black Gold Series za elektro bicikl"},"content":{"rendered":"<p>Nova tehnologija\u00a0 olovno &#8211; grafenska baterija. Odlikuje je zna\u010dajno du\u017ei \u017eivotni vek i bolja otpornost na temperaturne razlike u odnosu na obi\u010dne olovne baterije za elektri\u010dne bicikle. Mo\u017ee se kombinovati sa baterijama drugih proizvo\u0111a\u010da pa \u010dak i razli\u010dite ampera\u017ee u opsegu 20 do 30Ah.<\/p>\n<ul>\n<li>Baterija za elektri\u010dni bicikl ja\u010dine 12V\/27Ah.<\/li>\n<li>Dimenzije:\u00a0D 176 x V 170 x \u0160 75mm<\/li>\n<\/ul>\n<p>Da bi baterija elektri\u010dnog bicikla trajala \u0161to du\u017ee neophodno je redovno je odr\u017eavati. Nije po\u017eeljno da se baterije isprazne do kraja ve\u0107 po mogu\u0107nosti na 20% kapaciteta baterije\u00a0staviti na punjenje. Vreme punjenja baterija je 6-8 sati.\u00a0Punjenje baterije za elektri\u010dni bicikl ne sme biti du\u017ee od 8 sati, jer sve preko toga mo\u017ee trajno o\u0161tetiti bateriju i skratiti njen vek trajanja. U periodu kada se elektri\u010dni bicikl ne koristi po\u017eeljno je baterije \u010duvati na umerenoj (sobnoj) temperaturi bez velikih oscilacija temperature.Baterije je neophodno\u00a0dopunjavati\u00a0na svake 2 nedelje bez obzira da li se bicikl vozio u tom periodu. Vreme punjenja, tako\u0111e ne sme biti du\u017ei od 8 sati. Ukoliko se baterije nisu napunile ni posle 8 sati punjenja, proverite ispravnost punja\u010da. Ja\u010dina punja\u010da mora biti srazmerna ukupnoj ja\u010dini baterija elektrio bicikla.<\/p>\n<p><img fetchpriority=\"high\" decoding=\"async\" class=\"\" src=\"https:\/\/megafavorit.com\/files\/product_picture\/2839\/lead_picture\/2025.01.16.12.53.02_6788f31e66c10_331591-1200x900_big.jpg\" width=\"443\" height=\"332\" \/><\/p>\n","protected":false},"excerpt":{"rendered":"<ul>\n<li>Baterija za elektri\u010dni bicikl ja\u010dine 12V\/27Ah.<\/li>\n<li>Dimenzije:\u00a0D 176 x V 170 x \u0160 75mm<\/li>\n<\/ul>\n","protected":false},"featured_media":11036,"comment_status":"open","ping_status":"closed","template":"","meta":{"inline_featured_image":false},"product_brand":[],"product_cat":[366],"product_tag":[],"class_list":{"0":"post-11035","1":"product","2":"type-product","3":"status-publish","4":"has-post-thumbnail","6":"product_cat-baterije-za-elektricne-bicikle","8":"first","9":"instock","10":"sale","11":"shipping-taxable","12":"purchasable","13":"product-type-simple"},"_links":{"self":[{"href":"https:\/\/tehnikabacko.rs\/index.php\/wp-json\/wp\/v2\/product\/11035","targetHints":{"allow":["GET"]}}],"collection":[{"href":"https:\/\/tehnikabacko.rs\/index.php\/wp-json\/wp\/v2\/product"}],"about":[{"href":"https:\/\/tehnikabacko.rs\/index.php\/wp-json\/wp\/v2\/types\/product"}],"replies":[{"embeddable":true,"href":"https:\/\/tehnikabacko.rs\/index.php\/wp-json\/wp\/v2\/comments?post=11035"}],"wp:featuredmedia":[{"embeddable":true,"href":"https:\/\/tehnikabacko.rs\/index.php\/wp-json\/wp\/v2\/media\/11036"}],"wp:attachment":[{"href":"https:\/\/tehnikabacko.rs\/index.php\/wp-json\/wp\/v2\/media?parent=11035"}],"wp:term":[{"taxonomy":"product_brand","embeddable":true,"href":"https:\/\/tehnikabacko.rs\/index.php\/wp-json\/wp\/v2\/product_brand?post=11035"},{"taxonomy":"product_cat","embeddable":true,"href":"https:\/\/tehnikabacko.rs\/index.php\/wp-json\/wp\/v2\/product_cat?post=11035"},{"taxonomy":"product_tag","embeddable":true,"href":"https:\/\/tehnikabacko.rs\/index.php\/wp-json\/wp\/v2\/product_tag?post=11035"}],"curies":[{"name":"wp","href":"https:\/\/api.w.org\/{rel}","templated":true}]}}