{"id":11027,"date":"2025-06-05T12:57:25","date_gmt":"2025-06-05T12:57:25","guid":{"rendered":"https:\/\/tehnikabacko.rs\/?post_type=product&#038;p=11027"},"modified":"2026-03-13T08:12:08","modified_gmt":"2026-03-13T08:12:08","slug":"robot-kosacica-villager-quix-oculus-500","status":"publish","type":"product","link":"https:\/\/tehnikabacko.rs\/index.php\/product\/robot-kosacica-villager-quix-oculus-500\/","title":{"rendered":"Robot kosa\u010dica Villager QUIX Oculus 500"},"content":{"rendered":"<table class=\"table product-attrbite-table\">\n<thead>\n<tr>\n<th>Karakteristika<\/th>\n<th>Vrednost<\/th>\n<\/tr>\n<\/thead>\n<tbody>\n<tr>\n<td>Kategorija<\/td>\n<td><a title=\"Robotske kosa\u010dice\" href=\"https:\/\/b2b.agromarket.rs\/robotske-kosacice\">Robotske kosa\u010dice<\/a><\/td>\n<\/tr>\n<tr class=\"attr-table-product-weight\">\n<td>Te\u017eina pakovanja<\/td>\n<td>17.04 kg<\/td>\n<\/tr>\n<tr class=\"attr-brend\">\n<td>Brend<\/td>\n<td><a title=\"Villager\" href=\"https:\/\/b2b.agromarket.rs\/proizvodi\/brend-villager\">Villager<\/a><\/td>\n<\/tr>\n<tr class=\"attr-tip-elektromotora\">\n<td>Tip elektromotora<\/td>\n<td>Indukcioni elektromotor<\/td>\n<\/tr>\n<tr class=\"attr-tip-baterije\">\n<td>Tip baterije<\/td>\n<td>Li-ion<\/td>\n<\/tr>\n<tr class=\"attr-napon\">\n<td>Napon<\/td>\n<td>18 V<\/td>\n<\/tr>\n<tr class=\"attr-povrsina-kosenja-robot-kosacice\">\n<td>Povr\u0161ina ko\u0161enja &#8211; robot kosa\u010dice<\/td>\n<td>500 m\u00b2<\/td>\n<\/tr>\n<tr class=\"attr-sirina-kosenja-robot-kosacice\">\n<td>\u0160irina ko\u0161enja &#8211; robot kosa\u010dice<\/td>\n<td>180 mm<\/td>\n<\/tr>\n<tr class=\"attr-visina-kosenja-robot-kosacice\">\n<td>Visina ko\u0161enja &#8211; robot kosa\u010dice<\/td>\n<td>20 &#8211; 60 mm<\/td>\n<\/tr>\n<tr class=\"attr-kapacitet-baterije-el-aku-uredjaji\">\n<td>Kapacitet baterije &#8211; el.\/aku. ure\u0111aji<\/td>\n<td>2.5 Ah<\/td>\n<\/tr>\n<tr class=\"attr-maksimalni-radni-nagib\">\n<td>Maksimalni radni nagib<\/td>\n<td>42% (22\u00b0)<\/td>\n<\/tr>\n<tr class=\"attr-tip-kosenja\">\n<td>Tip ko\u0161enja<\/td>\n<td>Nasumi\u010dno ko\u0161enje<\/td>\n<\/tr>\n<\/tbody>\n<\/table>\n<p><img fetchpriority=\"high\" decoding=\"async\" class=\"\" src=\"https:\/\/b2b.agromarket.rs\/files\/watermark\/files\/images\/slike_proizvoda\/thumbs_w\/086879_12_w_800_800px.jpg\" alt=\"Robot kosa\u010dica Villager QUIX Oculus 500 \" width=\"463\" height=\"463\" \/><\/p>\n<p><img decoding=\"async\" class=\"\" src=\"https:\/\/b2b.agromarket.rs\/files\/watermark\/files\/images\/slike_proizvoda\/thumbs_w\/086879_w_800_800px.jpg\" alt=\"Robot kosa\u010dica Villager QUIX Oculus 500 \" width=\"368\" height=\"368\" \/><\/p>\n","protected":false},"excerpt":{"rendered":"<p>Villager QUIX Oculus 500 robotska kosilica \u2013 ko\u0161enje bez granica.<br \/>\nUz virtualnu granicu, drop &amp; cut instalaciju i binokularnu kameru sa 3D mapiranjem, ova robot kosilica samostalno i precizno odr\u017eava travnjak do 500 m\u00b2. Zahvaljujuci float cutting sistemu lako se prilago\u0111ava neravninama na terenu.<br \/>\nPogonjena indukcionim motorom i Li-ion baterijom (18 V, 2.5 Ah), radi tiho, efikasno i savladava nagibe do 42%. \u0160irina ko\u0161enja je 180 mm, a visina se pode\u0161ava od 20 do 60 mm.<br \/>\nPametno re\u0161enje za uredan travnjak \u2013 bez napora i bez kompromisa.<\/p>\n","protected":false},"featured_media":11028,"comment_status":"open","ping_status":"closed","template":"","meta":{"inline_featured_image":false},"product_brand":[],"product_cat":[384,257],"product_tag":[],"class_list":{"0":"post-11027","1":"product","2":"type-product","3":"status-publish","4":"has-post-thumbnail","6":"product_cat-robot-kosilice-robot-kosilice","7":"product_cat-villager","9":"first","10":"instock","11":"sale","12":"shipping-taxable","13":"purchasable","14":"product-type-simple"},"_links":{"self":[{"href":"https:\/\/tehnikabacko.rs\/index.php\/wp-json\/wp\/v2\/product\/11027","targetHints":{"allow":["GET"]}}],"collection":[{"href":"https:\/\/tehnikabacko.rs\/index.php\/wp-json\/wp\/v2\/product"}],"about":[{"href":"https:\/\/tehnikabacko.rs\/index.php\/wp-json\/wp\/v2\/types\/product"}],"replies":[{"embeddable":true,"href":"https:\/\/tehnikabacko.rs\/index.php\/wp-json\/wp\/v2\/comments?post=11027"}],"wp:featuredmedia":[{"embeddable":true,"href":"https:\/\/tehnikabacko.rs\/index.php\/wp-json\/wp\/v2\/media\/11028"}],"wp:attachment":[{"href":"https:\/\/tehnikabacko.rs\/index.php\/wp-json\/wp\/v2\/media?parent=11027"}],"wp:term":[{"taxonomy":"product_brand","embeddable":true,"href":"https:\/\/tehnikabacko.rs\/index.php\/wp-json\/wp\/v2\/product_brand?post=11027"},{"taxonomy":"product_cat","embeddable":true,"href":"https:\/\/tehnikabacko.rs\/index.php\/wp-json\/wp\/v2\/product_cat?post=11027"},{"taxonomy":"product_tag","embeddable":true,"href":"https:\/\/tehnikabacko.rs\/index.php\/wp-json\/wp\/v2\/product_tag?post=11027"}],"curies":[{"name":"wp","href":"https:\/\/api.w.org\/{rel}","templated":true}]}}