{"id":11023,"date":"2025-06-02T12:59:49","date_gmt":"2025-06-02T12:59:49","guid":{"rendered":"https:\/\/tehnikabacko.rs\/?post_type=product&#038;p=11023"},"modified":"2025-11-05T12:34:36","modified_gmt":"2025-11-05T12:34:36","slug":"elektricni-skuter-ajkula","status":"publish","type":"product","link":"https:\/\/tehnikabacko.rs\/index.php\/product\/elektricni-skuter-ajkula\/","title":{"rendered":", elektri\u010dni skuter Ajkula"},"content":{"rendered":"<div class=\"fusion-layout-column fusion_builder_column fusion-builder-column-9 fusion_builder_column_1_1 1_1 fusion-flex-column\" data-scroll-devices=\"small-visibility,medium-visibility,large-visibility\">\n<div class=\"fusion-column-wrapper fusion-column-has-shadow fusion-flex-justify-content-flex-start fusion-content-layout-column\">\n<div class=\"fusion-builder-row fusion-builder-row-inner fusion-row fusion-flex-align-items-flex-start fusion-flex-content-wrap\">\n<div class=\"fusion-layout-column fusion_builder_column_inner fusion-builder-nested-column-4 fusion_builder_column_inner_1_2 1_2 fusion-flex-column\" data-scroll-devices=\"small-visibility,medium-visibility,large-visibility\">\n<div class=\"fusion-column-wrapper fusion-column-has-shadow fusion-flex-justify-content-flex-start fusion-content-layout-column\">\n<div class=\"fusion-title title fusion-title-3 fusion-sep-none fusion-title-text fusion-title-size-six\">\n<h6 class=\"fusion-title-heading title-heading-left fusion-responsive-typography-calculated\">Osnovne karakteristike:<\/h6>\n<\/div>\n<div class=\"fusion-separator\">\n<div class=\"fusion-separator-border sep-single sep-solid\"><\/div>\n<\/div>\n<\/div>\n<\/div>\n<div class=\"fusion-layout-column fusion_builder_column_inner fusion-builder-nested-column-5 fusion_builder_column_inner_1_2 1_2 fusion-flex-column\" data-scroll-devices=\"small-visibility,medium-visibility,large-visibility\">\n<div class=\"fusion-column-wrapper fusion-column-has-shadow fusion-flex-justify-content-center fusion-content-layout-row\">\n<div><\/div>\n<\/div>\n<\/div>\n<\/div>\n<\/div>\n<\/div>\n<div class=\"fusion-layout-column fusion_builder_column fusion-builder-column-10 fusion_builder_column_1_1 1_1 fusion-flex-column\" data-scroll-devices=\"small-visibility,medium-visibility,large-visibility\">\n<div class=\"fusion-column-wrapper fusion-column-has-shadow fusion-flex-justify-content-flex-start fusion-content-layout-column\">\n<div class=\"table-2 tabela-woo-tabs\">\n<p>&nbsp;<\/p>\n<table style=\"height: 717px\" width=\"820\">\n<tbody>\n<tr>\n<td align=\"left\">Dimenzije:<\/td>\n<td align=\"left\">180cm*75cm*108cm<\/td>\n<\/tr>\n<tr>\n<td align=\"left\">Osnova To\u010dka:<\/td>\n<td align=\"left\">1150 mm<\/td>\n<\/tr>\n<tr>\n<td align=\"left\">Tip gume:<\/td>\n<td align=\"left\">3.00-10<\/td>\n<\/tr>\n<tr>\n<td align=\"left\">Farovi:<\/td>\n<td align=\"left\">LED<\/td>\n<\/tr>\n<tr>\n<td align=\"left\">Maksimalna brzina:<\/td>\n<td align=\"left\">\u2264 25km\/h<\/td>\n<\/tr>\n<tr>\n<td align=\"left\">Motor:<\/td>\n<td align=\"left\">bez \u010detkica<\/td>\n<\/tr>\n<tr>\n<td align=\"left\">Snaga motora:<\/td>\n<td align=\"left\">250W<\/td>\n<\/tr>\n<tr>\n<td align=\"left\">Tip baterie:<\/td>\n<td align=\"left\">60V 27Ah Grafenska baterija<\/td>\n<\/tr>\n<tr>\n<td align=\"left\">Instrument tabla:<\/td>\n<td align=\"left\">crno-beli digitalni instrument<\/td>\n<\/tr>\n<tr>\n<td align=\"left\">Maksimalni domet:<\/td>\n<td align=\"left\">70-80km\uff08Laboratorijski podaci: put ravan, temperatura 25 stepeni. nosivost 70 kg. stvarna kilometra\u017ea je odre\u0111ena vremenom, temperaturom, otporom vetra, uslovima na putu, navikama u vo\u017enji itd.\uff09<\/td>\n<\/tr>\n<tr>\n<td align=\"left\">Prednja ko\u010dnica:<\/td>\n<td align=\"left\">disk(veliki)<\/td>\n<\/tr>\n<tr>\n<td align=\"left\">Zadnja ko\u010dnica:<\/td>\n<td align=\"left\">disk<\/td>\n<\/tr>\n<tr class=\"dodatnaKarakteristika\">\n<td align=\"left\">Brava:<\/td>\n<td align=\"left\">metalni klju\u010d i daljinski klju\u010d<\/td>\n<\/tr>\n<tr class=\"dodatnaKarakteristika\">\n<td align=\"left\">Maksimalna te\u017eina tereta:<\/td>\n<td align=\"left\">150KG<\/td>\n<\/tr>\n<\/tbody>\n<\/table>\n<p><img decoding=\"async\" src=\"https:\/\/tehnikauka.rs\/wp-content\/uploads\/2025\/04\/csm-ajkula-siva36126.webp\" \/><\/p>\n<\/div>\n<\/div>\n<\/div>\n","protected":false},"excerpt":{"rendered":"<p>CSM AJKULA siva je elektri\u010dni skuter modernog dizajna koji kombinuje sna\u017ean motor bez \u010detkica i grafensku bateriju za domet do 80 km. Opremljen digitalnom tablom s NFC zaklju\u010davanjem, RGB osvetljenjem i disk ko\u010dnicama, pru\u017ea bezbednu, udobnu i vo\u017enju kroz grad. Idealan je izbor za one koji tra\u017ee ekolo\u0161ko, ekonomi\u010dno i vizuelno upe\u010datljivo prevozno sredstvo.<\/p>\n","protected":false},"featured_media":11024,"comment_status":"open","ping_status":"closed","template":"","meta":{"inline_featured_image":false},"product_brand":[],"product_cat":[355,354],"product_tag":[],"class_list":{"0":"post-11023","1":"product","2":"type-product","3":"status-publish","4":"has-post-thumbnail","6":"product_cat-elektricni-bicikli","7":"product_cat-skuter","9":"first","10":"instock","11":"sale","12":"shipping-taxable","13":"purchasable","14":"product-type-simple"},"_links":{"self":[{"href":"https:\/\/tehnikabacko.rs\/index.php\/wp-json\/wp\/v2\/product\/11023","targetHints":{"allow":["GET"]}}],"collection":[{"href":"https:\/\/tehnikabacko.rs\/index.php\/wp-json\/wp\/v2\/product"}],"about":[{"href":"https:\/\/tehnikabacko.rs\/index.php\/wp-json\/wp\/v2\/types\/product"}],"replies":[{"embeddable":true,"href":"https:\/\/tehnikabacko.rs\/index.php\/wp-json\/wp\/v2\/comments?post=11023"}],"wp:featuredmedia":[{"embeddable":true,"href":"https:\/\/tehnikabacko.rs\/index.php\/wp-json\/wp\/v2\/media\/11024"}],"wp:attachment":[{"href":"https:\/\/tehnikabacko.rs\/index.php\/wp-json\/wp\/v2\/media?parent=11023"}],"wp:term":[{"taxonomy":"product_brand","embeddable":true,"href":"https:\/\/tehnikabacko.rs\/index.php\/wp-json\/wp\/v2\/product_brand?post=11023"},{"taxonomy":"product_cat","embeddable":true,"href":"https:\/\/tehnikabacko.rs\/index.php\/wp-json\/wp\/v2\/product_cat?post=11023"},{"taxonomy":"product_tag","embeddable":true,"href":"https:\/\/tehnikabacko.rs\/index.php\/wp-json\/wp\/v2\/product_tag?post=11023"}],"curies":[{"name":"wp","href":"https:\/\/api.w.org\/{rel}","templated":true}]}}