{"id":11018,"date":"2025-05-29T16:57:43","date_gmt":"2025-05-29T16:57:43","guid":{"rendered":"https:\/\/tehnikabacko.rs\/?post_type=product&#038;p=11018"},"modified":"2025-05-29T16:57:43","modified_gmt":"2025-05-29T16:57:43","slug":"colossus-elektricni-bicikl-falcon-css-71q-crni","status":"publish","type":"product","link":"https:\/\/tehnikabacko.rs\/index.php\/product\/colossus-elektricni-bicikl-falcon-css-71q-crni\/","title":{"rendered":"COLOSSUS Elektri\u010dni bicikl FALCON CSS-71Q CRNI"},"content":{"rendered":"<p>poklon KOFER<\/p>\n<p>motor bez \u010detkica<\/p>\n<p>ja\u010dina motora 250W<\/p>\n<p>volta\u017ea motora 48V<\/p>\n<p>brzina 25km\/h<\/p>\n<p>menja\u010d sa 4 brzine<\/p>\n<p>olovna baterija 48V20Ah<\/p>\n<p>punjenje baterije: direktno na biciklu<\/p>\n<p>bo\u010dni nogari; glavni nogari<\/p>\n<p>amortizeri<\/p>\n<p>nosivost do 120kg<\/p>\n<p>ko\u010dnice: prednji disk (hidraulika), zadnja mehani\u010dka ko\u010dnica &#8211; dobo\u0161<\/p>\n<p>pedale za vo\u017enju; mogu\u0107nost vo\u017enje bez pedala, i mogu\u0107nost kombinovane vo\u017enje<\/p>\n<p>vreme punjenja baterije 6-8h<\/p>\n<p>nosa\u010d za kofer<\/p>\n<p>retrovizori<\/p>\n<p>ispod volana poseduje pregradu za odlaganje stvari<\/p>\n<p>produ\u017eeno sedi\u0161te<\/p>\n<p>gepek ispod sedi\u0161ta<\/p>\n<p>stop svetlo, \u017emigavci napred i nazad<\/p>\n<p>displej: pokaziva\u010d brzine kretanja, potro\u0161nje baterije, i pre\u0111ena kilometra\u017ea<\/p>\n<p>klju\u010devi za biciklu + daljinski (mogu\u0107nost vo\u017eenja i bez klju\u010da) &#8211; dva seta klju\u010deva i daljinskog<\/p>\n<p>alarm<\/p>\n<p>gumene, neklizaju\u0107e ru\u010dke<\/p>\n<p>neklizaju\u0107a za\u0161titna patosnica<\/p>\n<p>sirena<\/p>\n<p>boje: bela, crna, plava i crvena<\/p>\n<p>&nbsp;<\/p>\n<p><img fetchpriority=\"high\" decoding=\"async\" class=\"\" src=\"https:\/\/c.cdnmp.net\/871447904\/p\/l\/9\/colossus-elektricni-bicikl-falcon-css-71q-crni~3229.jpg\" width=\"438\" height=\"493\" \/><\/p>\n","protected":false},"excerpt":{"rendered":"<p>poklon KOFER<\/p>\n<p>motor bez \u010detkica<\/p>\n<p>ja\u010dina motora 250W<\/p>\n<p>volta\u017ea motora 48V<\/p>\n<p>brzina 25km\/h<\/p>\n<p>menja\u010d sa 4 brzine<\/p>\n<p>olovna baterija 48V20Ah<\/p>\n","protected":false},"featured_media":11019,"comment_status":"open","ping_status":"closed","template":"","meta":{"inline_featured_image":false},"product_brand":[],"product_cat":[355],"product_tag":[],"class_list":{"0":"post-11018","1":"product","2":"type-product","3":"status-publish","4":"has-post-thumbnail","6":"product_cat-elektricni-bicikli","8":"first","9":"instock","10":"sale","11":"shipping-taxable","12":"purchasable","13":"product-type-simple"},"_links":{"self":[{"href":"https:\/\/tehnikabacko.rs\/index.php\/wp-json\/wp\/v2\/product\/11018","targetHints":{"allow":["GET"]}}],"collection":[{"href":"https:\/\/tehnikabacko.rs\/index.php\/wp-json\/wp\/v2\/product"}],"about":[{"href":"https:\/\/tehnikabacko.rs\/index.php\/wp-json\/wp\/v2\/types\/product"}],"replies":[{"embeddable":true,"href":"https:\/\/tehnikabacko.rs\/index.php\/wp-json\/wp\/v2\/comments?post=11018"}],"wp:featuredmedia":[{"embeddable":true,"href":"https:\/\/tehnikabacko.rs\/index.php\/wp-json\/wp\/v2\/media\/11019"}],"wp:attachment":[{"href":"https:\/\/tehnikabacko.rs\/index.php\/wp-json\/wp\/v2\/media?parent=11018"}],"wp:term":[{"taxonomy":"product_brand","embeddable":true,"href":"https:\/\/tehnikabacko.rs\/index.php\/wp-json\/wp\/v2\/product_brand?post=11018"},{"taxonomy":"product_cat","embeddable":true,"href":"https:\/\/tehnikabacko.rs\/index.php\/wp-json\/wp\/v2\/product_cat?post=11018"},{"taxonomy":"product_tag","embeddable":true,"href":"https:\/\/tehnikabacko.rs\/index.php\/wp-json\/wp\/v2\/product_tag?post=11018"}],"curies":[{"name":"wp","href":"https:\/\/api.w.org\/{rel}","templated":true}]}}