{"id":11016,"date":"2025-05-29T16:45:34","date_gmt":"2025-05-29T16:45:34","guid":{"rendered":"https:\/\/tehnikabacko.rs\/?post_type=product&#038;p=11016"},"modified":"2025-05-29T16:45:34","modified_gmt":"2025-05-29T16:45:34","slug":"eb-sb-250-crveni","status":"publish","type":"product","link":"https:\/\/tehnikabacko.rs\/index.php\/product\/eb-sb-250-crveni\/","title":{"rendered":"EB-SB-250 CRVENI"},"content":{"rendered":"<div class=\"context_info_title\">TEHNI\u010cKI DETALJI<\/div>\n<div class=\"declaration\">Boja: Crvena<br \/>\nMaterijal: Plastika, \u010celik<br \/>\nTip: Dobo\u0161<br \/>\nDimenzija: 16 incha<br \/>\nTip prednje ko\u010dince: Disk<br \/>\nMaximalna nosivost: 120 kg<br \/>\nTe\u017eina: 95 kg<br \/>\nDomet: 0-40 km<br \/>\nDimenzija gume: 16&#215;2,5<br \/>\nNapon Kapacitet : 60v 25ah<br \/>\nModel: Sb-250<br \/>\nTip Baterije: Olovna<br \/>\nTip amortizera: Opruga<br \/>\nbrend: Veneco<\/div>\n<div><\/div>\n<div><img fetchpriority=\"high\" decoding=\"async\" class=\"\" src=\"https:\/\/www.venerabike.rs\/images\/\/proizvodi\/1200\/e-bicikli\/sRd-1300145.jpg\" alt=\"EB-SB-250 CRVENI\" width=\"578\" height=\"427\" \/><\/div>\n","protected":false},"excerpt":{"rendered":"<p>Upoznajte elegantan model elektri\u010dnog bicikla koji kombinuje snagu, sigurnost i naprednu tehnologiju, idealan za svakodnevne vo\u017enje. Opremljen je sa: Tianneng olovnim baterijama 60V25Ah sa dugim vekom trajanja i punja\u010dem za pouzdano napajanje; 16&#8243; x 2.50 vakuum gumama za stabilnost i udobnost na svim terenima;<\/p>\n","protected":false},"featured_media":11017,"comment_status":"open","ping_status":"closed","template":"","meta":{"inline_featured_image":false},"product_brand":[],"product_cat":[355],"product_tag":[],"class_list":{"0":"post-11016","1":"product","2":"type-product","3":"status-publish","4":"has-post-thumbnail","6":"product_cat-elektricni-bicikli","8":"first","9":"instock","10":"sale","11":"shipping-taxable","12":"purchasable","13":"product-type-simple"},"_links":{"self":[{"href":"https:\/\/tehnikabacko.rs\/index.php\/wp-json\/wp\/v2\/product\/11016","targetHints":{"allow":["GET"]}}],"collection":[{"href":"https:\/\/tehnikabacko.rs\/index.php\/wp-json\/wp\/v2\/product"}],"about":[{"href":"https:\/\/tehnikabacko.rs\/index.php\/wp-json\/wp\/v2\/types\/product"}],"replies":[{"embeddable":true,"href":"https:\/\/tehnikabacko.rs\/index.php\/wp-json\/wp\/v2\/comments?post=11016"}],"wp:featuredmedia":[{"embeddable":true,"href":"https:\/\/tehnikabacko.rs\/index.php\/wp-json\/wp\/v2\/media\/11017"}],"wp:attachment":[{"href":"https:\/\/tehnikabacko.rs\/index.php\/wp-json\/wp\/v2\/media?parent=11016"}],"wp:term":[{"taxonomy":"product_brand","embeddable":true,"href":"https:\/\/tehnikabacko.rs\/index.php\/wp-json\/wp\/v2\/product_brand?post=11016"},{"taxonomy":"product_cat","embeddable":true,"href":"https:\/\/tehnikabacko.rs\/index.php\/wp-json\/wp\/v2\/product_cat?post=11016"},{"taxonomy":"product_tag","embeddable":true,"href":"https:\/\/tehnikabacko.rs\/index.php\/wp-json\/wp\/v2\/product_tag?post=11016"}],"curies":[{"name":"wp","href":"https:\/\/api.w.org\/{rel}","templated":true}]}}