{"id":10998,"date":"2025-05-13T11:55:46","date_gmt":"2025-05-13T11:55:46","guid":{"rendered":"https:\/\/tehnikabacko.rs\/?post_type=product&#038;p=10998"},"modified":"2025-05-13T12:37:26","modified_gmt":"2025-05-13T12:37:26","slug":"elektricni-bicikl-10-storm-250w-60v-27ah-grafen-crna","status":"publish","type":"product","link":"https:\/\/tehnikabacko.rs\/index.php\/product\/elektricni-bicikl-10-storm-250w-60v-27ah-grafen-crna\/","title":{"rendered":"Elektri\u010dni bicikl 10&#8243; STORM (250W 60V\/27Ah) GRAFEN"},"content":{"rendered":"<h2 class=\"product-name\">Elektri\u010dni bicikl 10&#8243; STORM (250W 60V\/27Ah) GRAFEN<\/h2>\n<table>\n<tbody>\n<tr>\n<th>Vrsta e-bike:<\/th>\n<td>Gradski (City e -scooter)<\/td>\n<\/tr>\n<tr>\n<th>Obru\u010devi to\u010dkova:<\/th>\n<td>10&#8243; ALU<\/td>\n<\/tr>\n<tr>\n<th>Sp. gume:<\/th>\n<td>3.00-10<\/td>\n<\/tr>\n<tr>\n<th>Baterija:<\/th>\n<td>Olovno-grafenska 60V\/27Ah (5x12V\/27Ah)<\/td>\n<\/tr>\n<tr>\n<th>Snaga motora:<\/th>\n<td>250W<\/td>\n<\/tr>\n<tr>\n<th>Broj brzina:<\/th>\n<td>3 (elektronske)<\/td>\n<\/tr>\n<tr>\n<th>Max. brzina:<\/th>\n<td>25 km\/h<\/td>\n<\/tr>\n<tr>\n<th>Autonomija kretanja:<\/th>\n<td>Do 60km<\/td>\n<\/tr>\n<tr>\n<th>Nosivost:<\/th>\n<td>150 kg<\/td>\n<\/tr>\n<tr>\n<th>Me\u0111uosovinsko rastojanje:<\/th>\n<td>1200 mm<\/td>\n<\/tr>\n<tr>\n<th>Ko\u010dnice:<\/th>\n<td>Hidrauli\u010dna disk ko\u010dnica P\/Z<\/td>\n<\/tr>\n<tr>\n<th>Tempomat:<\/th>\n<td>Ne<\/td>\n<\/tr>\n<tr>\n<th>Alarm:<\/th>\n<td>Da<\/td>\n<\/tr>\n<tr>\n<th>Vreme punjenja:<\/th>\n<td>6 \u2013 8 h<\/td>\n<\/tr>\n<tr>\n<th>Dodatna oprema:<\/th>\n<td>Prednje i zadnje svetlo, \u0161top svetlo, pokaziva\u010di pravca (\u017emigavci) Zadnja kutija za prtljag ili kacigu, prostor za stvari ispod sedi\u0161ta, nogari. Prednja pregrada za odlaganje stvari. Sedi\u0161te za dve osobe, dva klju\u010da. NFC Smart klju\u010d.<\/td>\n<\/tr>\n<tr>\n<th>boje<\/th>\n<td>crna,crvena,plava,siva<\/td>\n<\/tr>\n<\/tbody>\n<\/table>\n<p><img fetchpriority=\"high\" decoding=\"async\" class=\"\" src=\"https:\/\/megafavorit.com\/files\/product_picture\/2918\/lead_picture\/2025.01.27.08.56.40_67973c3845c05_330126-1200x900_big.jpg\" width=\"687\" height=\"515\" \/><\/p>\n<p><img decoding=\"async\" class=\"\" src=\"https:\/\/megafavorit.com\/files\/product_picture\/2918\/picture\/2025.01.27.08.56.41_67973c3975955_330126-1200x900a_big.jpg\" width=\"631\" height=\"473\" \/><\/p>\n","protected":false},"excerpt":{"rendered":"<table>\n<tbody>\n<tr>\n<th>Autonomija kretanja:<\/th>\n<td>Do 60km<\/td>\n<\/tr>\n<tr>\n<th>Nosivost:<\/th>\n<td>150 kg<\/td>\n<\/tr>\n<\/tbody>\n<\/table>\n","protected":false},"featured_media":10999,"comment_status":"open","ping_status":"closed","template":"","meta":{"inline_featured_image":false},"product_brand":[],"product_cat":[355],"product_tag":[],"class_list":{"0":"post-10998","1":"product","2":"type-product","3":"status-publish","4":"has-post-thumbnail","6":"product_cat-elektricni-bicikli","8":"first","9":"instock","10":"sale","11":"shipping-taxable","12":"purchasable","13":"product-type-simple"},"_links":{"self":[{"href":"https:\/\/tehnikabacko.rs\/index.php\/wp-json\/wp\/v2\/product\/10998","targetHints":{"allow":["GET"]}}],"collection":[{"href":"https:\/\/tehnikabacko.rs\/index.php\/wp-json\/wp\/v2\/product"}],"about":[{"href":"https:\/\/tehnikabacko.rs\/index.php\/wp-json\/wp\/v2\/types\/product"}],"replies":[{"embeddable":true,"href":"https:\/\/tehnikabacko.rs\/index.php\/wp-json\/wp\/v2\/comments?post=10998"}],"wp:featuredmedia":[{"embeddable":true,"href":"https:\/\/tehnikabacko.rs\/index.php\/wp-json\/wp\/v2\/media\/10999"}],"wp:attachment":[{"href":"https:\/\/tehnikabacko.rs\/index.php\/wp-json\/wp\/v2\/media?parent=10998"}],"wp:term":[{"taxonomy":"product_brand","embeddable":true,"href":"https:\/\/tehnikabacko.rs\/index.php\/wp-json\/wp\/v2\/product_brand?post=10998"},{"taxonomy":"product_cat","embeddable":true,"href":"https:\/\/tehnikabacko.rs\/index.php\/wp-json\/wp\/v2\/product_cat?post=10998"},{"taxonomy":"product_tag","embeddable":true,"href":"https:\/\/tehnikabacko.rs\/index.php\/wp-json\/wp\/v2\/product_tag?post=10998"}],"curies":[{"name":"wp","href":"https:\/\/api.w.org\/{rel}","templated":true}]}}