{"id":10993,"date":"2025-05-08T13:13:47","date_gmt":"2025-05-08T13:13:47","guid":{"rendered":"https:\/\/tehnikabacko.rs\/?post_type=product&#038;p=10993"},"modified":"2025-05-08T13:13:47","modified_gmt":"2025-05-08T13:13:47","slug":"plato-bastenski-set-sa-jastucima","status":"publish","type":"product","link":"https:\/\/tehnikabacko.rs\/index.php\/product\/plato-bastenski-set-sa-jastucima\/","title":{"rendered":"Plato ba\u0161tenski set sa jastucima"},"content":{"rendered":"<p>&#8211; \u010cetvorodelni metalni set<br \/>\n&#8211; Okvir sa specijalnim premazom<br \/>\n&#8211; 180gm jastuk od polistera<br \/>\n&#8211; Dimenzije cevi: 30\u00d720\u00d70.8mm<br \/>\n&#8211; Stolica 2x: 64\u00d774\u00d764cm<br \/>\n&#8211; Dvoseda: 120\u00d774\u00d764cm<br \/>\n&#8211; \u010cajni sto\u010di\u0107: 75\u00d741\u00d740cm, sa kaljenim staklom od 5 mm<br \/>\n&#8211; Sedi\u0161te i naslon sa tekstilom<br \/>\n&#8211; Pakovanje: 1 set<\/p>\n<p>&nbsp;<\/p>\n<p><img decoding=\"async\" src=\"https:\/\/www.agromarket.rs\/files\/watermark\/files\/images\/slike_proizvoda\/thumbs_w\/082440_1_w_800_800px.jpg\" alt=\"Plato ba\u0161tenski set sa jastucima \" \/><\/p>\n<p>&nbsp;<\/p>\n<p><img decoding=\"async\" src=\"https:\/\/www.agromarket.rs\/files\/watermark\/files\/images\/slike_proizvoda\/thumbs_w\/082440_2_w_800_800px.jpg\" alt=\"Plato ba\u0161tenski set sa jastucima \" \/><\/p>\n","protected":false},"excerpt":{"rendered":"<p>&#8211; \u010cetvorodelni metalni set &#8211; Okvir sa specijalnim premazom &#8211; 180gm jastuk od polistera &#8211; Dimenzije cevi: 30\u00d720\u00d70.8mm &#8211; Stolica 2x: 64\u00d774\u00d764cm &#8211; Dvoseda: 120\u00d774\u00d764cm &#8211; \u010cajni sto\u010di\u0107: 75\u00d741\u00d740cm, sa kaljenim staklom od 5 mm &#8211; Sedi\u0161te i naslon sa tekstilom &#8211; Pakovanje: 1 set &nbsp; &nbsp;<\/p>\n","protected":false},"featured_media":10994,"comment_status":"open","ping_status":"closed","template":"","meta":{"inline_featured_image":false},"product_brand":[],"product_cat":[381],"product_tag":[],"class_list":{"0":"post-10993","1":"product","2":"type-product","3":"status-publish","4":"has-post-thumbnail","6":"product_cat-basta","8":"first","9":"instock","10":"sale","11":"shipping-taxable","12":"purchasable","13":"product-type-simple"},"_links":{"self":[{"href":"https:\/\/tehnikabacko.rs\/index.php\/wp-json\/wp\/v2\/product\/10993","targetHints":{"allow":["GET"]}}],"collection":[{"href":"https:\/\/tehnikabacko.rs\/index.php\/wp-json\/wp\/v2\/product"}],"about":[{"href":"https:\/\/tehnikabacko.rs\/index.php\/wp-json\/wp\/v2\/types\/product"}],"replies":[{"embeddable":true,"href":"https:\/\/tehnikabacko.rs\/index.php\/wp-json\/wp\/v2\/comments?post=10993"}],"wp:featuredmedia":[{"embeddable":true,"href":"https:\/\/tehnikabacko.rs\/index.php\/wp-json\/wp\/v2\/media\/10994"}],"wp:attachment":[{"href":"https:\/\/tehnikabacko.rs\/index.php\/wp-json\/wp\/v2\/media?parent=10993"}],"wp:term":[{"taxonomy":"product_brand","embeddable":true,"href":"https:\/\/tehnikabacko.rs\/index.php\/wp-json\/wp\/v2\/product_brand?post=10993"},{"taxonomy":"product_cat","embeddable":true,"href":"https:\/\/tehnikabacko.rs\/index.php\/wp-json\/wp\/v2\/product_cat?post=10993"},{"taxonomy":"product_tag","embeddable":true,"href":"https:\/\/tehnikabacko.rs\/index.php\/wp-json\/wp\/v2\/product_tag?post=10993"}],"curies":[{"name":"wp","href":"https:\/\/api.w.org\/{rel}","templated":true}]}}