{"id":10991,"date":"2025-05-08T13:11:50","date_gmt":"2025-05-08T13:11:50","guid":{"rendered":"https:\/\/tehnikabacko.rs\/?post_type=product&#038;p=10991"},"modified":"2025-05-08T13:11:50","modified_gmt":"2025-05-08T13:11:50","slug":"fuse-set-u-koferu-vln-3220-baterija-2-0ah-punjac-24a-74-nastavka","status":"publish","type":"product","link":"https:\/\/tehnikabacko.rs\/index.php\/product\/fuse-set-u-koferu-vln-3220-baterija-2-0ah-punjac-24a-74-nastavka\/","title":{"rendered":"FUSE Set u koferu VLN 3220 + baterija 2.0Ah + punjac 2,4A + 74 nastavka"},"content":{"rendered":"<table class=\"table product-attrbite-table\">\n<thead>\n<tr>\n<th>Karakteristika<\/th>\n<th>Vrednost<\/th>\n<\/tr>\n<\/thead>\n<tbody>\n<tr>\n<td>Kategorija<\/td>\n<td><a title=\"Fuse setovi\" href=\"https:\/\/www.agromarket.rs\/villager-fuse-setovi\">Fuse setovi<\/a><\/td>\n<\/tr>\n<tr class=\"attr-table-product-weight\">\n<td>Te\u017eina pakovanja<\/td>\n<td>5.04 kg<\/td>\n<\/tr>\n<tr class=\"attr-brend\">\n<td>Brend<\/td>\n<td><a title=\"Villager\" href=\"https:\/\/www.agromarket.rs\/proizvodi\/brend-villager\">Villager<\/a><\/td>\n<\/tr>\n<tr class=\"attr-tip-elektromotora\">\n<td>Tip elektromotora<\/td>\n<td>Kolektorski<\/td>\n<\/tr>\n<tr class=\"attr-tip-baterije\">\n<td>Tip baterije<\/td>\n<td>Li-ion<\/td>\n<\/tr>\n<tr class=\"attr-napon\">\n<td>Napon<\/td>\n<td>18 V<\/td>\n<\/tr>\n<tr class=\"attr-obrtni-moment\">\n<td>Obrtni moment<\/td>\n<td>35 Nm<\/td>\n<\/tr>\n<tr class=\"attr-prihvat-alata\">\n<td>Prihvat alata<\/td>\n<td>0.8 &#8211; 10 mm<\/td>\n<\/tr>\n<tr class=\"attr-broj-obrtaja-el-aku-uredjaji\">\n<td>Broj obrtaja &#8211; el.\/aku. ure\u0111aji<\/td>\n<td>0 &#8211; 350 rpm \/ 0 &#8211; 1300 rpm<\/td>\n<\/tr>\n<tr class=\"attr-kapacitet-baterije-el-aku-uredjaji\">\n<td>Kapacitet baterije &#8211; el.\/aku. ure\u0111aji<\/td>\n<td>2 Ah<\/td>\n<\/tr>\n<tr class=\"attr-izlazna-jacina-punjaca\">\n<td>Izlazna ja\u010dina punja\u010da<\/td>\n<\/tr>\n<\/tbody>\n<\/table>\n<p><img decoding=\"async\" src=\"https:\/\/www.agromarket.rs\/files\/watermark\/files\/images\/slike_proizvoda\/thumbs_w\/085627_w_800_800px.jpg\" alt=\"FUSE Set u koferu VLN 3220 + baterija 2.0Ah + punjac 2,4A + 74 nastavka \" \/><\/p>\n<p>&nbsp;<\/p>\n<p><img decoding=\"async\" src=\"https:\/\/www.agromarket.rs\/files\/watermark\/files\/images\/slike_proizvoda\/thumbs_w\/085627_1_w_800_800px.jpg\" alt=\"FUSE Set u koferu VLN 3220 + baterija 2.0Ah + punjac 2,4A + 74 nastavka \" \/><\/p>\n","protected":false},"excerpt":{"rendered":"<p>Karakteristika Vrednost Kategorija Fuse setovi Te\u017eina pakovanja 5.04 kg Brend Villager Tip elektromotora Kolektorski Tip baterije Li-ion Napon 18 V Obrtni moment 35 Nm Prihvat alata 0.8 &#8211; 10 mm Broj obrtaja &#8211; el.\/aku. ure\u0111aji 0 &#8211; 350 rpm \/ 0 &#8211; 1300 rpm Kapacitet baterije &#8211; el.\/aku. ure\u0111aji 2 Ah Izlazna ja\u010dina punja\u010da &nbsp;<\/p>\n","protected":false},"featured_media":10992,"comment_status":"open","ping_status":"closed","template":"","meta":{"inline_featured_image":false},"product_brand":[],"product_cat":[232,148,257],"product_tag":[],"class_list":{"0":"post-10991","1":"product","2":"type-product","3":"status-publish","4":"has-post-thumbnail","6":"product_cat-aku-alati","7":"product_cat-alati","8":"product_cat-villager","10":"first","11":"instock","12":"sale","13":"shipping-taxable","14":"purchasable","15":"product-type-simple"},"_links":{"self":[{"href":"https:\/\/tehnikabacko.rs\/index.php\/wp-json\/wp\/v2\/product\/10991","targetHints":{"allow":["GET"]}}],"collection":[{"href":"https:\/\/tehnikabacko.rs\/index.php\/wp-json\/wp\/v2\/product"}],"about":[{"href":"https:\/\/tehnikabacko.rs\/index.php\/wp-json\/wp\/v2\/types\/product"}],"replies":[{"embeddable":true,"href":"https:\/\/tehnikabacko.rs\/index.php\/wp-json\/wp\/v2\/comments?post=10991"}],"wp:featuredmedia":[{"embeddable":true,"href":"https:\/\/tehnikabacko.rs\/index.php\/wp-json\/wp\/v2\/media\/10992"}],"wp:attachment":[{"href":"https:\/\/tehnikabacko.rs\/index.php\/wp-json\/wp\/v2\/media?parent=10991"}],"wp:term":[{"taxonomy":"product_brand","embeddable":true,"href":"https:\/\/tehnikabacko.rs\/index.php\/wp-json\/wp\/v2\/product_brand?post=10991"},{"taxonomy":"product_cat","embeddable":true,"href":"https:\/\/tehnikabacko.rs\/index.php\/wp-json\/wp\/v2\/product_cat?post=10991"},{"taxonomy":"product_tag","embeddable":true,"href":"https:\/\/tehnikabacko.rs\/index.php\/wp-json\/wp\/v2\/product_tag?post=10991"}],"curies":[{"name":"wp","href":"https:\/\/api.w.org\/{rel}","templated":true}]}}