{"id":10989,"date":"2025-05-08T13:09:36","date_gmt":"2025-05-08T13:09:36","guid":{"rendered":"https:\/\/tehnikabacko.rs\/?post_type=product&#038;p=10989"},"modified":"2025-05-08T13:09:36","modified_gmt":"2025-05-08T13:09:36","slug":"bazen-za-vanjsku-upotrebu-pure-spa-plavi","status":"publish","type":"product","link":"https:\/\/tehnikabacko.rs\/index.php\/product\/bazen-za-vanjsku-upotrebu-pure-spa-plavi\/","title":{"rendered":"Bazen za vanjsku upotrebu Pure spa plavi"},"content":{"rendered":"<p>&#8211; Spa sa ugra\u0111enim sistemom za naduvavanje<br \/>\n&#8211; Pre\u010dnik (spoljni): 180cm<br \/>\n&#8211; Pre\u010dnik (unutra\u0161nji): 130cm<br \/>\n&#8211; Visina: 66cm<br \/>\n&#8211; Protok vode: 1700 l\/h<br \/>\n&#8211; Kapacitet: 677 l<br \/>\n&#8211; Greja\u010d: 220-240V<br \/>\n&#8211; Temperatura vode: 20-40\u00b0C<br \/>\n&#8211; Zagrevanje vode: 1.8-3.0\u00b0C\/h<\/p>\n<p>&nbsp;<\/p>\n<p><img decoding=\"async\" src=\"https:\/\/www.agromarket.rs\/files\/watermark\/files\/images\/slike_proizvoda\/thumbs_w\/086963_2_w_800_800px.jpg\" alt=\"Bazen za vanjsku upotrebu Pure spa plavi \" \/><\/p>\n<p>&nbsp;<\/p>\n<p><img decoding=\"async\" src=\"https:\/\/www.agromarket.rs\/files\/watermark\/files\/images\/slike_proizvoda\/thumbs_w\/086963_7_w_800_800px.jpg\" alt=\"Bazen za vanjsku upotrebu Pure spa plavi \" \/><\/p>\n<p>&nbsp;<\/p>\n<p>&nbsp;<\/p>\n","protected":false},"excerpt":{"rendered":"<p>&#8211; Spa sa ugra\u0111enim sistemom za naduvavanje &#8211; Pre\u010dnik (spoljni): 180cm &#8211; Pre\u010dnik (unutra\u0161nji): 130cm &#8211; Visina: 66cm &#8211; Protok vode: 1700 l\/h &#8211; Kapacitet: 677 l &#8211; Greja\u010d: 220-240V &#8211; Temperatura vode: 20-40\u00b0C &#8211; Zagrevanje vode: 1.8-3.0\u00b0C\/h &nbsp; &nbsp; &nbsp; &nbsp;<\/p>\n","protected":false},"featured_media":10990,"comment_status":"open","ping_status":"closed","template":"","meta":{"inline_featured_image":false},"product_brand":[],"product_cat":[347],"product_tag":[],"class_list":{"0":"post-10989","1":"product","2":"type-product","3":"status-publish","4":"has-post-thumbnail","6":"product_cat-bazen","8":"first","9":"instock","10":"sale","11":"shipping-taxable","12":"purchasable","13":"product-type-simple"},"_links":{"self":[{"href":"https:\/\/tehnikabacko.rs\/index.php\/wp-json\/wp\/v2\/product\/10989","targetHints":{"allow":["GET"]}}],"collection":[{"href":"https:\/\/tehnikabacko.rs\/index.php\/wp-json\/wp\/v2\/product"}],"about":[{"href":"https:\/\/tehnikabacko.rs\/index.php\/wp-json\/wp\/v2\/types\/product"}],"replies":[{"embeddable":true,"href":"https:\/\/tehnikabacko.rs\/index.php\/wp-json\/wp\/v2\/comments?post=10989"}],"wp:featuredmedia":[{"embeddable":true,"href":"https:\/\/tehnikabacko.rs\/index.php\/wp-json\/wp\/v2\/media\/10990"}],"wp:attachment":[{"href":"https:\/\/tehnikabacko.rs\/index.php\/wp-json\/wp\/v2\/media?parent=10989"}],"wp:term":[{"taxonomy":"product_brand","embeddable":true,"href":"https:\/\/tehnikabacko.rs\/index.php\/wp-json\/wp\/v2\/product_brand?post=10989"},{"taxonomy":"product_cat","embeddable":true,"href":"https:\/\/tehnikabacko.rs\/index.php\/wp-json\/wp\/v2\/product_cat?post=10989"},{"taxonomy":"product_tag","embeddable":true,"href":"https:\/\/tehnikabacko.rs\/index.php\/wp-json\/wp\/v2\/product_tag?post=10989"}],"curies":[{"name":"wp","href":"https:\/\/api.w.org\/{rel}","templated":true}]}}