{"id":10987,"date":"2025-05-08T13:06:27","date_gmt":"2025-05-08T13:06:27","guid":{"rendered":"https:\/\/tehnikabacko.rs\/?post_type=product&#038;p=10987"},"modified":"2025-05-08T13:06:27","modified_gmt":"2025-05-08T13:06:27","slug":"torente-bastenski-set-abc","status":"publish","type":"product","link":"https:\/\/tehnikabacko.rs\/index.php\/product\/torente-bastenski-set-abc\/","title":{"rendered":"Torente ba\u0161tenski set (a+b+c)"},"content":{"rendered":"<p>Materijal: Metalna konstrukcija, sa poly wood materijalom na vrhu stola<br \/>\n&#8211; Materijal tkanine: 230g 100% polyester,<br \/>\n&#8211; Jastuci sa rajsfe\u0161lusom, 7 cm debljine sedalnih jastuka i naslona za le\u0111a<br \/>\n&#8211; Dimenzije leve sofe: 175 \u00d7 65 \u00d7 73 cm<br \/>\n&#8211; Dimenzije desne sofe: 165 \u00d7 65 \u00d7 73 cm<br \/>\n&#8211; Dimenzije stola: 144 \u00d7 74 \u00d7 66 cm<br \/>\n&#8211; Dimenzije troseda: 171 \u00d7 67 \u00d7 73 cm<br \/>\n&#8211; Pakovanje: 2 kartona \/ 1 set<\/p>\n<p>&nbsp;<\/p>\n<p><img decoding=\"async\" src=\"https:\/\/www.agromarket.rs\/files\/watermark\/files\/images\/slike_proizvoda\/thumbs_w\/060376_2_w_800_800px.jpg\" alt=\"Torente ba\u0161tenski set (a+b+c) \" \/><\/p>\n<p>&nbsp;<\/p>\n<p><img decoding=\"async\" src=\"https:\/\/www.agromarket.rs\/files\/watermark\/files\/images\/slike_proizvoda\/thumbs_w\/060376_3_w_800_800px.jpg\" alt=\"Torente ba\u0161tenski set (a+b+c) \" \/><\/p>\n","protected":false},"excerpt":{"rendered":"<p>Materijal: Metalna konstrukcija, sa poly wood materijalom na vrhu stola &#8211; Materijal tkanine: 230g 100% polyester, &#8211; Jastuci sa rajsfe\u0161lusom, 7 cm debljine sedalnih jastuka i naslona za le\u0111a &#8211; Dimenzije leve sofe: 175 \u00d7 65 \u00d7 73 cm &#8211; Dimenzije desne sofe: 165 \u00d7 65 \u00d7 73 cm &#8211; Dimenzije stola: 144 \u00d7 74 [&hellip;]<\/p>\n","protected":false},"featured_media":10988,"comment_status":"open","ping_status":"closed","template":"","meta":{"inline_featured_image":false},"product_brand":[],"product_cat":[381],"product_tag":[],"class_list":{"0":"post-10987","1":"product","2":"type-product","3":"status-publish","4":"has-post-thumbnail","6":"product_cat-basta","8":"first","9":"instock","10":"sale","11":"shipping-taxable","12":"purchasable","13":"product-type-simple"},"_links":{"self":[{"href":"https:\/\/tehnikabacko.rs\/index.php\/wp-json\/wp\/v2\/product\/10987","targetHints":{"allow":["GET"]}}],"collection":[{"href":"https:\/\/tehnikabacko.rs\/index.php\/wp-json\/wp\/v2\/product"}],"about":[{"href":"https:\/\/tehnikabacko.rs\/index.php\/wp-json\/wp\/v2\/types\/product"}],"replies":[{"embeddable":true,"href":"https:\/\/tehnikabacko.rs\/index.php\/wp-json\/wp\/v2\/comments?post=10987"}],"wp:featuredmedia":[{"embeddable":true,"href":"https:\/\/tehnikabacko.rs\/index.php\/wp-json\/wp\/v2\/media\/10988"}],"wp:attachment":[{"href":"https:\/\/tehnikabacko.rs\/index.php\/wp-json\/wp\/v2\/media?parent=10987"}],"wp:term":[{"taxonomy":"product_brand","embeddable":true,"href":"https:\/\/tehnikabacko.rs\/index.php\/wp-json\/wp\/v2\/product_brand?post=10987"},{"taxonomy":"product_cat","embeddable":true,"href":"https:\/\/tehnikabacko.rs\/index.php\/wp-json\/wp\/v2\/product_cat?post=10987"},{"taxonomy":"product_tag","embeddable":true,"href":"https:\/\/tehnikabacko.rs\/index.php\/wp-json\/wp\/v2\/product_tag?post=10987"}],"curies":[{"name":"wp","href":"https:\/\/api.w.org\/{rel}","templated":true}]}}