{"id":10985,"date":"2025-05-08T13:03:21","date_gmt":"2025-05-08T13:03:21","guid":{"rendered":"https:\/\/tehnikabacko.rs\/?post_type=product&#038;p=10985"},"modified":"2025-05-08T13:03:21","modified_gmt":"2025-05-08T13:03:21","slug":"bastenski-set-calipso-3-1","status":"publish","type":"product","link":"https:\/\/tehnikabacko.rs\/index.php\/product\/bastenski-set-calipso-3-1\/","title":{"rendered":"Ba\u0161tenski set Calipso 3\/1"},"content":{"rendered":"<p>&#8211; Dimenzije stola: 920 x 550x 480 mm<br \/>\n&#8211; Te\u017eina stola: 13 kg<br \/>\n&#8211; Dimenzija fotelje: 720x600x800 mm<br \/>\n&#8211; Te\u017eina fotelje: 13.5 kg<br \/>\n&#8211; Dimenzija dvoseda: 1290x600x800<br \/>\n&#8211; Te\u017eina dvoseda: 19.5 kg<br \/>\n&#8211; Tip drveta: Bukovo drvo<br \/>\n&#8211; Sa jastucima<br \/>\n&#8211; Impregnacija na vodenoj bazi<br \/>\n&#8211; Aqua stop premaz<br \/>\n&#8211; Pakovanje: 4 kartona\/1 set<\/p>\n<p>&nbsp;<\/p>\n<p>&nbsp;<\/p>\n<p><img decoding=\"async\" src=\"https:\/\/www.agromarket.rs\/files\/watermark\/files\/images\/slike_proizvoda\/thumbs_w\/074633_1_w_800_800px.jpg\" alt=\"Ba\u0161tenski set Calipso 3\/1 \" \/><\/p>\n<p>&nbsp;<\/p>\n<p><img decoding=\"async\" src=\"https:\/\/www.agromarket.rs\/files\/watermark\/files\/images\/slike_proizvoda\/thumbs_w\/074633_2_w_800_800px.jpg\" alt=\"Ba\u0161tenski set Calipso 3\/1 \" \/><\/p>\n","protected":false},"excerpt":{"rendered":"<p>&#8211; Dimenzije stola: 920 x 550x 480 mm &#8211; Te\u017eina stola: 13 kg &#8211; Dimenzija fotelje: 720x600x800 mm &#8211; Te\u017eina fotelje: 13.5 kg &#8211; Dimenzija dvoseda: 1290x600x800 &#8211; Te\u017eina dvoseda: 19.5 kg &#8211; Tip drveta: Bukovo drvo &#8211; Sa jastucima &#8211; Impregnacija na vodenoj bazi &#8211; Aqua stop premaz &#8211; Pakovanje: 4 kartona\/1 set &nbsp; [&hellip;]<\/p>\n","protected":false},"featured_media":10986,"comment_status":"open","ping_status":"closed","template":"","meta":{"inline_featured_image":false},"product_brand":[],"product_cat":[381],"product_tag":[],"class_list":{"0":"post-10985","1":"product","2":"type-product","3":"status-publish","4":"has-post-thumbnail","6":"product_cat-basta","8":"first","9":"instock","10":"sale","11":"shipping-taxable","12":"purchasable","13":"product-type-simple"},"_links":{"self":[{"href":"https:\/\/tehnikabacko.rs\/index.php\/wp-json\/wp\/v2\/product\/10985","targetHints":{"allow":["GET"]}}],"collection":[{"href":"https:\/\/tehnikabacko.rs\/index.php\/wp-json\/wp\/v2\/product"}],"about":[{"href":"https:\/\/tehnikabacko.rs\/index.php\/wp-json\/wp\/v2\/types\/product"}],"replies":[{"embeddable":true,"href":"https:\/\/tehnikabacko.rs\/index.php\/wp-json\/wp\/v2\/comments?post=10985"}],"wp:featuredmedia":[{"embeddable":true,"href":"https:\/\/tehnikabacko.rs\/index.php\/wp-json\/wp\/v2\/media\/10986"}],"wp:attachment":[{"href":"https:\/\/tehnikabacko.rs\/index.php\/wp-json\/wp\/v2\/media?parent=10985"}],"wp:term":[{"taxonomy":"product_brand","embeddable":true,"href":"https:\/\/tehnikabacko.rs\/index.php\/wp-json\/wp\/v2\/product_brand?post=10985"},{"taxonomy":"product_cat","embeddable":true,"href":"https:\/\/tehnikabacko.rs\/index.php\/wp-json\/wp\/v2\/product_cat?post=10985"},{"taxonomy":"product_tag","embeddable":true,"href":"https:\/\/tehnikabacko.rs\/index.php\/wp-json\/wp\/v2\/product_tag?post=10985"}],"curies":[{"name":"wp","href":"https:\/\/api.w.org\/{rel}","templated":true}]}}