{"id":10983,"date":"2025-05-08T13:00:36","date_gmt":"2025-05-08T13:00:36","guid":{"rendered":"https:\/\/tehnikabacko.rs\/?post_type=product&#038;p=10983"},"modified":"2025-05-08T13:00:36","modified_gmt":"2025-05-08T13:00:36","slug":"bastenski-set-veneto-sto4stolice-sa-jastucima-crno-sivi","status":"publish","type":"product","link":"https:\/\/tehnikabacko.rs\/index.php\/product\/bastenski-set-veneto-sto4stolice-sa-jastucima-crno-sivi\/","title":{"rendered":"Ba\u0161tenski set Veneto sto+4stolice sa jastucima crno\/sivi"},"content":{"rendered":"<p>&#8211; Dimenzije stolica: 71 \u00d7 53.5 \u00d7 88.5 cm<br \/>\n&#8211; Dimenzije stola: 90 \u00d7 90 \u00d7 88.5 cm<br \/>\n&#8211; Materijal: metalni<br \/>\n&#8211; Jastuci 6cm, staklo 5 mm<br \/>\n&#8211; Boja: sivo-bela<br \/>\n&#8211; Pakovanje: 1 set<\/p>\n<p>&nbsp;<\/p>\n<p><img decoding=\"async\" src=\"https:\/\/www.agromarket.rs\/files\/watermark\/files\/images\/slike_proizvoda\/thumbs_w\/078518_1_w_800_800px.jpg\" alt=\"Ba\u0161tenski set Veneto sto+4stolice sa jastucima crno\/sivi \" \/><\/p>\n<p>&nbsp;<\/p>\n<p><img decoding=\"async\" src=\"https:\/\/www.agromarket.rs\/files\/watermark\/files\/images\/slike_proizvoda\/thumbs_w\/078518_2_w_800_800px.jpg\" alt=\"Ba\u0161tenski set Veneto sto+4stolice sa jastucima crno\/sivi \" \/><\/p>\n","protected":false},"excerpt":{"rendered":"<p>&#8211; Dimenzije stolica: 71 \u00d7 53.5 \u00d7 88.5 cm &#8211; Dimenzije stola: 90 \u00d7 90 \u00d7 88.5 cm &#8211; Materijal: metalni &#8211; Jastuci 6cm, staklo 5 mm &#8211; Boja: sivo-bela &#8211; Pakovanje: 1 set &nbsp; &nbsp;<\/p>\n","protected":false},"featured_media":10984,"comment_status":"open","ping_status":"closed","template":"","meta":{"inline_featured_image":false},"product_brand":[],"product_cat":[381],"product_tag":[],"class_list":{"0":"post-10983","1":"product","2":"type-product","3":"status-publish","4":"has-post-thumbnail","6":"product_cat-basta","8":"first","9":"instock","10":"sale","11":"shipping-taxable","12":"purchasable","13":"product-type-simple"},"_links":{"self":[{"href":"https:\/\/tehnikabacko.rs\/index.php\/wp-json\/wp\/v2\/product\/10983","targetHints":{"allow":["GET"]}}],"collection":[{"href":"https:\/\/tehnikabacko.rs\/index.php\/wp-json\/wp\/v2\/product"}],"about":[{"href":"https:\/\/tehnikabacko.rs\/index.php\/wp-json\/wp\/v2\/types\/product"}],"replies":[{"embeddable":true,"href":"https:\/\/tehnikabacko.rs\/index.php\/wp-json\/wp\/v2\/comments?post=10983"}],"wp:featuredmedia":[{"embeddable":true,"href":"https:\/\/tehnikabacko.rs\/index.php\/wp-json\/wp\/v2\/media\/10984"}],"wp:attachment":[{"href":"https:\/\/tehnikabacko.rs\/index.php\/wp-json\/wp\/v2\/media?parent=10983"}],"wp:term":[{"taxonomy":"product_brand","embeddable":true,"href":"https:\/\/tehnikabacko.rs\/index.php\/wp-json\/wp\/v2\/product_brand?post=10983"},{"taxonomy":"product_cat","embeddable":true,"href":"https:\/\/tehnikabacko.rs\/index.php\/wp-json\/wp\/v2\/product_cat?post=10983"},{"taxonomy":"product_tag","embeddable":true,"href":"https:\/\/tehnikabacko.rs\/index.php\/wp-json\/wp\/v2\/product_tag?post=10983"}],"curies":[{"name":"wp","href":"https:\/\/api.w.org\/{rel}","templated":true}]}}