{"id":10975,"date":"2025-05-08T12:51:00","date_gmt":"2025-05-08T12:51:00","guid":{"rendered":"https:\/\/tehnikabacko.rs\/?post_type=product&#038;p=10975"},"modified":"2026-03-21T08:02:11","modified_gmt":"2026-03-21T08:02:11","slug":"motorna-kosacica-villager-prime-5111-t","status":"publish","type":"product","link":"https:\/\/tehnikabacko.rs\/index.php\/product\/motorna-kosacica-villager-prime-5111-t\/","title":{"rendered":"Motorna kosa\u010dica Villager Prime 5111 T"},"content":{"rendered":"<table class=\"table product-attrbite-table\" style=\"height: 635px;\" width=\"969\">\n<thead>\n<tr>\n<th>Karakteristika<\/th>\n<th>Vrednost<\/th>\n<\/tr>\n<\/thead>\n<tbody>\n<tr>\n<td>Kategorija<\/td>\n<td><a title=\"Motorne kosa\u010dice\" href=\"https:\/\/www.agromarket.rs\/motorne-kosacice\">Motorne kosa\u010dice<\/a><\/td>\n<\/tr>\n<tr class=\"attr-table-product-weight\">\n<td>Te\u017eina pakovanja<\/td>\n<td>37.6 kg<\/td>\n<\/tr>\n<tr class=\"attr-brend\">\n<td>Brend<\/td>\n<td><a title=\"Villager\" href=\"https:\/\/www.agromarket.rs\/proizvodi\/brend-villager\">Villager<\/a><\/td>\n<\/tr>\n<tr class=\"attr-tip-motora\">\n<td>Tip motora<\/td>\n<td>T8S<\/td>\n<\/tr>\n<tr class=\"attr-snaga-motora\">\n<td>Snaga motora<\/td>\n<td>3 kW<\/td>\n<\/tr>\n<tr class=\"attr-zapremina-motora\">\n<td>Zapremina motora<\/td>\n<td>173 cm\u00b3<\/td>\n<\/tr>\n<tr class=\"attr-broj-obrtaja\">\n<td>Broj obrtaja<\/td>\n<td>3000 rpm<\/td>\n<\/tr>\n<tr class=\"attr-sirina-kosenja\">\n<td>\u0160irina ko\u0161enja<\/td>\n<td>501 mm<\/td>\n<\/tr>\n<tr class=\"attr-visina-kosenja\">\n<td>Visina ko\u0161enja<\/td>\n<td>25 &#8211; 75 mm (7 nivoa, centralno)<\/td>\n<\/tr>\n<tr class=\"attr-tip-pogona\">\n<td>Tip pogona<\/td>\n<td>Samohodni<\/td>\n<\/tr>\n<tr class=\"attr-tip-kucista\">\n<td>Tip ku\u0107i\u0161ta<\/td>\n<td>\u010celi\u010dno<\/td>\n<\/tr>\n<tr class=\"attr-zapremina-sakupljaca\">\n<td>Zapremina sakuplja\u010da<\/td>\n<td>60 l<\/td>\n<\/tr>\n<\/tbody>\n<\/table>\n<p>&nbsp;<\/p>\n<p><img decoding=\"async\" src=\"https:\/\/www.agromarket.rs\/files\/watermark\/files\/images\/slike_proizvoda\/thumbs_w\/082400_1_w_800_800px.jpg\" alt=\"Motorna kosa\u010dica Villager Prime 5111 T \" \/><\/p>\n<p>&nbsp;<\/p>\n<p><img decoding=\"async\" src=\"https:\/\/www.agromarket.rs\/files\/watermark\/files\/images\/slike_proizvoda\/thumbs_w\/082400_6_w_800_800px.jpg\" alt=\"Motorna kosa\u010dica Villager Prime 5111 T \" \/><\/p>\n","protected":false},"excerpt":{"rendered":"<p>Karakteristika Vrednost Kategorija Motorne kosa\u010dice Te\u017eina pakovanja 37.6 kg Brend Villager Tip motora T8S Snaga motora 3 kW Zapremina motora 173 cm\u00b3 Broj obrtaja 3000 rpm \u0160irina ko\u0161enja 501 mm Visina ko\u0161enja 25 &#8211; 75 mm (7 nivoa, centralno) Tip pogona Samohodni Tip ku\u0107i\u0161ta \u010celi\u010dno Zapremina sakuplja\u010da 60 l &nbsp; &nbsp;<\/p>\n","protected":false},"featured_media":10977,"comment_status":"open","ping_status":"closed","template":"","meta":{"inline_featured_image":false},"product_brand":[],"product_cat":[244,272],"product_tag":[],"class_list":{"0":"post-10975","1":"product","2":"type-product","3":"status-publish","4":"has-post-thumbnail","6":"product_cat-kosacice","7":"product_cat-motorna-kosilica","9":"first","10":"instock","11":"sale","12":"shipping-taxable","13":"purchasable","14":"product-type-simple"},"_links":{"self":[{"href":"https:\/\/tehnikabacko.rs\/index.php\/wp-json\/wp\/v2\/product\/10975","targetHints":{"allow":["GET"]}}],"collection":[{"href":"https:\/\/tehnikabacko.rs\/index.php\/wp-json\/wp\/v2\/product"}],"about":[{"href":"https:\/\/tehnikabacko.rs\/index.php\/wp-json\/wp\/v2\/types\/product"}],"replies":[{"embeddable":true,"href":"https:\/\/tehnikabacko.rs\/index.php\/wp-json\/wp\/v2\/comments?post=10975"}],"wp:featuredmedia":[{"embeddable":true,"href":"https:\/\/tehnikabacko.rs\/index.php\/wp-json\/wp\/v2\/media\/10977"}],"wp:attachment":[{"href":"https:\/\/tehnikabacko.rs\/index.php\/wp-json\/wp\/v2\/media?parent=10975"}],"wp:term":[{"taxonomy":"product_brand","embeddable":true,"href":"https:\/\/tehnikabacko.rs\/index.php\/wp-json\/wp\/v2\/product_brand?post=10975"},{"taxonomy":"product_cat","embeddable":true,"href":"https:\/\/tehnikabacko.rs\/index.php\/wp-json\/wp\/v2\/product_cat?post=10975"},{"taxonomy":"product_tag","embeddable":true,"href":"https:\/\/tehnikabacko.rs\/index.php\/wp-json\/wp\/v2\/product_tag?post=10975"}],"curies":[{"name":"wp","href":"https:\/\/api.w.org\/{rel}","templated":true}]}}