{"id":10960,"date":"2025-04-03T13:14:57","date_gmt":"2025-04-03T13:14:57","guid":{"rendered":"https:\/\/tehnikabacko.rs\/?post_type=product&#038;p=10960"},"modified":"2025-06-01T15:20:48","modified_gmt":"2025-06-01T15:20:48","slug":"karcher-k-7-smart-control","status":"publish","type":"product","link":"https:\/\/tehnikabacko.rs\/index.php\/product\/karcher-k-7-smart-control\/","title":{"rendered":"Karcher K 7 Smart Control"},"content":{"rendered":"<table class=\"table\">\n<tbody>\n<tr>\n<td>rsta struje<\/td>\n<td>1 \u2013 230 \u2013 50<\/td>\n<\/tr>\n<tr>\n<td>Pritisak(bar\/MPa)<\/td>\n<td>20 \u2013 180 \/ 2 \u2013 18<\/td>\n<\/tr>\n<tr>\n<td>Protok vode:<\/td>\n<td>600 l\/h<\/td>\n<\/tr>\n<tr>\n<td>Povr\u0161inski efekat:<\/td>\n<td>60 m\u00b2<\/td>\n<\/tr>\n<tr>\n<td>Max. temperatura ulazne vode:<\/td>\n<td>60 C<\/td>\n<\/tr>\n<tr>\n<td>Snaga:<\/td>\n<td>3 kW<\/td>\n<\/tr>\n<tr>\n<td>Te\u017eina bez pribora:<\/td>\n<td>17,63 kg<\/td>\n<\/tr>\n<tr>\n<td>Te\u017eina uklj. ambala\u017eu:<\/td>\n<td>22,2 kg<\/td>\n<\/tr>\n<tr>\n<td>Dimenzije (D \u00d7 \u0160 \u00d7 V):<\/td>\n<td>458 x 330 x 666<\/td>\n<\/tr>\n<\/tbody>\n<\/table>\n<h5 class=\"et_pb_toggle_title\">Oprema<\/h5>\n<div class=\"et_pb_toggle_content clearfix\">\n<ul>\n<li>Visokopritisni pi\u0161tolji, G 180 Q Smart Control<\/li>\n<li>Multi Jet 3 u 1<\/li>\n<li>Kompresorsko crevo, 10 metara<\/li>\n<li><span class=\"fix-spelling\">Quick Connect<\/span>\u00a0bo\u010dno na ure\u0111aju<\/li>\n<li>Kori\u0161\u0107enje sredstva za \u010di\u0161\u0107enje pomo\u0107u, Plug \u2018n\u2019 Clean sistem<\/li>\n<li>Teleskopska dr\u0161ka<\/li>\n<li>Motor sa vodenim hla\u0111enjem<\/li>\n<li>Meka torba Soft Bag<\/li>\n<li>Integrisani vodeni filter<\/li>\n<li>Adapter priklju\u010dak za ba\u0161tensko crevo A3\/4\u2033<\/li>\n<li>Kompatibilnost sa bluetooth ure\u0111ajima<\/li>\n<\/ul>\n<p><img fetchpriority=\"high\" decoding=\"async\" class=\"\" src=\"https:\/\/s1.kaercher-media.com\/mam\/13172300\/mainproduct\/168181\/d1.jpg\" alt=\"K\u00e4rcher Kompresorski \u010dista\u010d K7 Premium Smart Control\" width=\"540\" height=\"540\" \/><\/p>\n<\/div>\n","protected":false},"excerpt":{"rendered":"<p>Kompresorski \u010dista\u010d K7 Premium Smart Control lako se povezuje sa pametnim telefonom preko Bluetooth veze. To zna\u010di da korisnik preko aplikacije K\u00e4rcher Home &amp; Garden ima pristup prakti\u010dnim savetima, trikovima i pode\u0161avanjima za razne situacije u \u010di\u0161\u0107enju i u vezi s vrstom predmeta. Aplikacija ima korisne funkcije kao \u0161to su savetnik za primenu za jo\u0161 bolje rezultate, uputstva za monta\u017eu, uputstva za odr\u017eavanje i negu, kao i portal K\u00e4rcher Service. Ure\u0111aj ima re\u017eim poja\u010danja za dodatnu snagu koji poma\u017ee u otklanjanju uporne ne\u010disto\u0107e. Pi\u0161tolj za raspr\u0161ivanje G 180 Q Smart Control sa LCD ekranom i mlazna cev 3 u 1 Multi Jet tako\u0111e pru\u017eaju maksimalnu kontrolu. Pritisak se pode\u0161ava direktno na pi\u0161tolju ili se \u0161alje pi\u0161tolju za raspr\u0161ivanje pomo\u0107u savetnika za primenu preko aplikacije. Na LCD ekranu mo\u017eete proveriti koji nivo pritiska je pode\u0161en, da li se mo\u017ee aktivirati ve\u0107a snaga i da li je ure\u0111aj jo\u0161 uvek u re\u017eimu mirovanja. Ostala oprema obuhvata motalicu za crevo za udobno rukovanje, sistem za sredstvo za \u010di\u0161\u0107enje Plug \u2019n\u2019 Clean, visokokvalitetnu aluminijumsku teleskopsku dr\u0161ku i mesto za odlaganje dodatne opreme nadohvat ruke.<\/p>\n","protected":false},"featured_media":10961,"comment_status":"open","ping_status":"closed","template":"","meta":{"inline_featured_image":false},"product_brand":[],"product_cat":[289],"product_tag":[],"class_list":{"0":"post-10960","1":"product","2":"type-product","3":"status-publish","4":"has-post-thumbnail","6":"product_cat-perac-pod-pritiskom","8":"first","9":"instock","10":"sale","11":"shipping-taxable","12":"purchasable","13":"product-type-simple"},"_links":{"self":[{"href":"https:\/\/tehnikabacko.rs\/index.php\/wp-json\/wp\/v2\/product\/10960","targetHints":{"allow":["GET"]}}],"collection":[{"href":"https:\/\/tehnikabacko.rs\/index.php\/wp-json\/wp\/v2\/product"}],"about":[{"href":"https:\/\/tehnikabacko.rs\/index.php\/wp-json\/wp\/v2\/types\/product"}],"replies":[{"embeddable":true,"href":"https:\/\/tehnikabacko.rs\/index.php\/wp-json\/wp\/v2\/comments?post=10960"}],"wp:featuredmedia":[{"embeddable":true,"href":"https:\/\/tehnikabacko.rs\/index.php\/wp-json\/wp\/v2\/media\/10961"}],"wp:attachment":[{"href":"https:\/\/tehnikabacko.rs\/index.php\/wp-json\/wp\/v2\/media?parent=10960"}],"wp:term":[{"taxonomy":"product_brand","embeddable":true,"href":"https:\/\/tehnikabacko.rs\/index.php\/wp-json\/wp\/v2\/product_brand?post=10960"},{"taxonomy":"product_cat","embeddable":true,"href":"https:\/\/tehnikabacko.rs\/index.php\/wp-json\/wp\/v2\/product_cat?post=10960"},{"taxonomy":"product_tag","embeddable":true,"href":"https:\/\/tehnikabacko.rs\/index.php\/wp-json\/wp\/v2\/product_tag?post=10960"}],"curies":[{"name":"wp","href":"https:\/\/api.w.org\/{rel}","templated":true}]}}