{"id":10958,"date":"2025-04-03T13:05:15","date_gmt":"2025-04-03T13:05:15","guid":{"rendered":"https:\/\/tehnikabacko.rs\/?post_type=product&#038;p=10958"},"modified":"2025-06-01T16:52:28","modified_gmt":"2025-06-01T16:52:28","slug":"karcher-k7-power-flex-perac-pod-pritiskom","status":"publish","type":"product","link":"https:\/\/tehnikabacko.rs\/index.php\/product\/karcher-k7-power-flex-perac-pod-pritiskom\/","title":{"rendered":"KARCHER K7 Power Flex Pera\u010d pod pritiskom"},"content":{"rendered":"<table class=\"w-full overflow-hidden rounded-[5px]\">\n<tbody class=\"border-separate\">\n<tr class=\"border-t-2 border-white\">\n<td class=\"w-1\/3 max-w-[15ch] break-words border-r-2 border-white bg-gray-200 px-3 py-2\">Napajanje<\/td>\n<td class=\"max-w-[20ch] break-words bg-gray-100 px-3 py-2\">Elektri\u010dno<\/td>\n<\/tr>\n<tr class=\"border-t-2 border-white\">\n<td class=\"w-1\/3 max-w-[15ch] break-words border-r-2 border-white bg-gray-200 px-3 py-2\">Maksimalni pritisak vode<\/td>\n<td class=\"max-w-[20ch] break-words bg-gray-100 px-3 py-2\">180 bar<\/td>\n<\/tr>\n<tr class=\"border-t-2 border-white\">\n<td class=\"w-1\/3 max-w-[15ch] break-words border-r-2 border-white bg-gray-200 px-3 py-2\">Maksimalni protok vode<\/td>\n<td class=\"max-w-[20ch] break-words bg-gray-100 px-3 py-2\">600 l\/h<\/td>\n<\/tr>\n<tr class=\"border-t-2 border-white\">\n<td class=\"w-1\/3 max-w-[15ch] break-words border-r-2 border-white bg-gray-200 px-3 py-2\">Snaga<\/td>\n<td class=\"max-w-[20ch] break-words bg-gray-100 px-3 py-2\">3000 W<\/td>\n<\/tr>\n<tr class=\"border-t-2 border-white\">\n<td class=\"w-1\/3 max-w-[15ch] break-words border-r-2 border-white bg-gray-200 px-3 py-2\">Maksimalna temperatura vode<\/td>\n<td class=\"max-w-[20ch] break-words bg-gray-100 px-3 py-2\">60\u00b0C<\/td>\n<\/tr>\n<tr class=\"border-t-2 border-white\">\n<td class=\"w-1\/3 max-w-[15ch] break-words border-r-2 border-white bg-gray-200 px-3 py-2\">Du\u017eina creva<\/td>\n<td class=\"max-w-[20ch] break-words bg-gray-100 px-3 py-2\">10 m<\/td>\n<\/tr>\n<tr class=\"border-t-2 border-white\">\n<td class=\"w-1\/3 max-w-[15ch] break-words border-r-2 border-white bg-gray-200 px-3 py-2\">Karakteristike<\/td>\n<td class=\"max-w-[20ch] break-words bg-gray-100 px-3 py-2\">Napon: 230 V ~ 50 HzU\u010dinak po povr\u0161ini: 60 m\u00b2\/hQuick Connect bo\u010dno na ure\u0111ajuPlug &#8216;n&#8217; Clean sistemTeleskopska dr\u0161kaMotor sa vodenim hla\u0111enjemIntegrisani vodeni filter<\/td>\n<\/tr>\n<tr class=\"border-t-2 border-white\">\n<td class=\"w-1\/3 max-w-[15ch] break-words border-r-2 border-white bg-gray-200 px-3 py-2\">Boja<\/td>\n<td class=\"max-w-[20ch] break-words bg-gray-100 px-3 py-2\">Vi\u0161ebojna<\/td>\n<\/tr>\n<tr class=\"border-t-2 border-white\">\n<td class=\"w-1\/3 max-w-[15ch] break-words border-r-2 border-white bg-gray-200 px-3 py-2\">Dimenzije<\/td>\n<td class=\"max-w-[20ch] break-words bg-gray-100 px-3 py-2\">59.7 x 39.7 x 71.3 cm<\/td>\n<\/tr>\n<tr class=\"border-t-2 border-white\">\n<td class=\"w-1\/3 max-w-[15ch] break-words border-r-2 border-white bg-gray-200 px-3 py-2\">Obim isporuke<\/td>\n<td class=\"max-w-[20ch] break-words bg-gray-100 px-3 py-2\">Pera\u010d pod pritiskomG 180 Q visokopritisni pi\u0161toljCrevo visokog pritiska 10 mVario Power mlaznicaBlaster mlaznicaAdapter priklju\u010dak za ba\u0161tensko crevo 3\/4&#8243;<\/td>\n<\/tr>\n<tr class=\"border-t-2 border-white\">\n<td class=\"w-1\/3 max-w-[15ch] break-words border-r-2 border-white bg-gray-200 px-3 py-2\">Prava potro\u0161a\u010da<\/td>\n<td class=\"max-w-[20ch] break-words bg-gray-100 px-3 py-2\">Zagarantovana sva prava kupaca po osnovu zakona o za\u0161titi potro\u0161a\u010da<\/td>\n<\/tr>\n<tr class=\"border-t-2 border-white\">\n<td class=\"break-words border-r-2 border-white bg-gray-200 px-3 py-2\" colspan=\"2\"><strong>Deklaracija<\/strong><\/td>\n<\/tr>\n<tr class=\"border-t-2 border-white\">\n<td class=\"w-1\/3 max-w-[15ch] break-words border-r-2 border-white bg-gray-200 px-3 py-2\">Naziv i vrsta robe<\/td>\n<td class=\"max-w-[20ch] break-words bg-gray-100 px-3 py-2\">KARCHER K7 Power Flex Pera\u010d pod pritiskom Pera\u010di pod pritiskom<\/td>\n<\/tr>\n<tr class=\"border-t-2 border-white\">\n<td class=\"w-1\/3 max-w-[15ch] break-words border-r-2 border-white bg-gray-200 px-3 py-2\">Model<\/td>\n<td class=\"max-w-[20ch] break-words bg-gray-100 px-3 py-2\">1.317-300.0<\/td>\n<\/tr>\n<tr class=\"border-t-2 border-white\">\n<td class=\"w-1\/3 max-w-[15ch] break-words border-r-2 border-white bg-gray-200 px-3 py-2\">Uvoznik<\/td>\n<td class=\"max-w-[20ch] break-words bg-gray-100 px-3 py-2\">Precizan podatak o uvozniku je dostupan na deklaraciji proizvoda<\/td>\n<\/tr>\n<tr class=\"border-t-2 border-white\">\n<td class=\"w-1\/3 max-w-[15ch] break-words border-r-2 border-white bg-gray-200 px-3 py-2\">Zemlja porekla<\/td>\n<td class=\"max-w-[20ch] break-words bg-gray-100 px-3 py-2\">Italija<\/td>\n<\/tr>\n<\/tbody>\n<\/table>\n<p><img fetchpriority=\"high\" decoding=\"async\" class=\"\" src=\"https:\/\/gigatron.rs\/_next\/image?url=https%3A%2F%2Fgigatron-stg.9pixels.dev%2Fmedia%2Fcatalog%2Fproduct%2Fcache%2Fd62e1a0582bf7257bddc609f302ce89c%2Fi%2Fm%2Fimage67d01c4383011.jpg&amp;w=3840&amp;q=75\" width=\"458\" height=\"458\" \/><\/p>\n","protected":false},"excerpt":{"rendered":"<p>Snaga:3000 WMaksimalni protok vode:600 l\/hMaksimalni pritisak vode:180 bar<\/p>\n","protected":false},"featured_media":10959,"comment_status":"open","ping_status":"closed","template":"","meta":{"inline_featured_image":false},"product_brand":[],"product_cat":[289],"product_tag":[],"class_list":{"0":"post-10958","1":"product","2":"type-product","3":"status-publish","4":"has-post-thumbnail","6":"product_cat-perac-pod-pritiskom","8":"first","9":"instock","10":"sale","11":"shipping-taxable","12":"purchasable","13":"product-type-simple"},"_links":{"self":[{"href":"https:\/\/tehnikabacko.rs\/index.php\/wp-json\/wp\/v2\/product\/10958","targetHints":{"allow":["GET"]}}],"collection":[{"href":"https:\/\/tehnikabacko.rs\/index.php\/wp-json\/wp\/v2\/product"}],"about":[{"href":"https:\/\/tehnikabacko.rs\/index.php\/wp-json\/wp\/v2\/types\/product"}],"replies":[{"embeddable":true,"href":"https:\/\/tehnikabacko.rs\/index.php\/wp-json\/wp\/v2\/comments?post=10958"}],"wp:featuredmedia":[{"embeddable":true,"href":"https:\/\/tehnikabacko.rs\/index.php\/wp-json\/wp\/v2\/media\/10959"}],"wp:attachment":[{"href":"https:\/\/tehnikabacko.rs\/index.php\/wp-json\/wp\/v2\/media?parent=10958"}],"wp:term":[{"taxonomy":"product_brand","embeddable":true,"href":"https:\/\/tehnikabacko.rs\/index.php\/wp-json\/wp\/v2\/product_brand?post=10958"},{"taxonomy":"product_cat","embeddable":true,"href":"https:\/\/tehnikabacko.rs\/index.php\/wp-json\/wp\/v2\/product_cat?post=10958"},{"taxonomy":"product_tag","embeddable":true,"href":"https:\/\/tehnikabacko.rs\/index.php\/wp-json\/wp\/v2\/product_tag?post=10958"}],"curies":[{"name":"wp","href":"https:\/\/api.w.org\/{rel}","templated":true}]}}