{"id":10956,"date":"2025-04-03T12:54:59","date_gmt":"2025-04-03T12:54:59","guid":{"rendered":"https:\/\/tehnikabacko.rs\/?post_type=product&#038;p=10956"},"modified":"2025-06-01T16:09:20","modified_gmt":"2025-06-01T16:09:20","slug":"k-5-power-control","status":"publish","type":"product","link":"https:\/\/tehnikabacko.rs\/index.php\/product\/k-5-power-control\/","title":{"rendered":"K 5 Power Control"},"content":{"rendered":"<div class=\"tm_product_techdata__item\">\n<h3>ehni\u010dki podaci<\/h3>\n<table class=\"woocommerce-product-attributes shop_attributes\">\n<tbody>\n<tr class=\"woocommerce-product-attributes-item woocommerce-product-attributes-item--weight\">\n<th class=\"woocommerce-product-attributes-item__label\">Te\u017eina<\/th>\n<td class=\"woocommerce-product-attributes-item__value\">16,2 kg<\/td>\n<\/tr>\n<tr class=\"woocommerce-product-attributes-item woocommerce-product-attributes-item--dimensions\">\n<th class=\"woocommerce-product-attributes-item__label\">Dimenzije<\/th>\n<td class=\"woocommerce-product-attributes-item__value\">40,2 \u00d7 30,6 \u00d7 58,8 cm<\/td>\n<\/tr>\n<tr class=\"woocommerce-product-attributes-item woocommerce-product-attributes-item--attribute_pa_strujni-tip-v-hz\">\n<th class=\"woocommerce-product-attributes-item__label\">Strujni tip (V\/Hz)<\/th>\n<td class=\"woocommerce-product-attributes-item__value\">230 \/ 50<\/td>\n<\/tr>\n<tr class=\"woocommerce-product-attributes-item woocommerce-product-attributes-item--attribute_pa_pritisak-bar\">\n<th class=\"woocommerce-product-attributes-item__label\">Pritisak (bar)<\/th>\n<td class=\"woocommerce-product-attributes-item__value\">145<\/td>\n<\/tr>\n<tr class=\"woocommerce-product-attributes-item woocommerce-product-attributes-item--attribute_pa_protok-l-h\">\n<th class=\"woocommerce-product-attributes-item__label\">Protok (l\/h)<\/th>\n<td class=\"woocommerce-product-attributes-item__value\">max. 500<\/td>\n<\/tr>\n<tr class=\"woocommerce-product-attributes-item woocommerce-product-attributes-item--attribute_pa_ucinak\">\n<th class=\"woocommerce-product-attributes-item__label\">U\u010dinak po povr\u0161ini (m\u00b2\/h)<\/th>\n<td class=\"woocommerce-product-attributes-item__value\">40<\/td>\n<\/tr>\n<tr class=\"woocommerce-product-attributes-item woocommerce-product-attributes-item--attribute_pa_ulazna-temperatura-c\">\n<th class=\"woocommerce-product-attributes-item__label\">Ulazna temperatura (\u00b0C)<\/th>\n<td class=\"woocommerce-product-attributes-item__value\">max. 40<\/td>\n<\/tr>\n<tr class=\"woocommerce-product-attributes-item woocommerce-product-attributes-item--attribute_pa_prikljucna-snaga-kw\">\n<th class=\"woocommerce-product-attributes-item__label\">Priklju\u010dna snaga (kW)<\/th>\n<td class=\"woocommerce-product-attributes-item__value\">2,1<\/td>\n<\/tr>\n<tr class=\"woocommerce-product-attributes-item woocommerce-product-attributes-item--attribute_pa_prikljucni-kabl-m\">\n<th class=\"woocommerce-product-attributes-item__label\">Priklju\u010dni kabl (m)<\/th>\n<td class=\"woocommerce-product-attributes-item__value\">5<\/td>\n<\/tr>\n<tr class=\"woocommerce-product-attributes-item woocommerce-product-attributes-item--attribute_pa_tezina-bez-pribora-kg\">\n<th class=\"woocommerce-product-attributes-item__label\">Te\u017eina bez pribora (kg)<\/th>\n<td class=\"woocommerce-product-attributes-item__value\">13<\/td>\n<\/tr>\n<\/tbody>\n<\/table>\n<\/div>\n<div class=\"tm_product_equipment__item\">\n<h3>Oprema<\/h3>\n<p><strong>Visokopritisni pi\u0161tolj, G 160 Q Power Control<\/strong><strong>Vario Power mlaz<\/strong><strong>Blaster mlaznica<\/strong><strong>Visokopritisno crevo, 10 m<\/strong><strong>Quick Connect bo\u010dno na ure\u0111aju<\/strong><strong>Kori\u0161\u0107enje sredstva za \u010di\u0161\u0107enje pomo\u0107u, Plug &#8216;n&#8217; Clean sistem<\/strong><strong>Teleskopska dr\u0161ka<\/strong><strong>Motor sa vodenim hla\u0111enjem<\/strong><strong>Meka torba Soft Bag<\/strong><strong>Integrisani vodeni filter<\/strong><strong>Adapter priklju\u010dak za ba\u0161tensko crevo A3\/4&#8243;<\/strong><\/div>\n<div><img fetchpriority=\"high\" decoding=\"async\" class=\"\" src=\"https:\/\/karchershop.rs\/wp-content\/webp-express\/webp-images\/uploads\/2022\/10\/d0-61.jpg.webp\" width=\"811\" height=\"811\" \/><\/div>\n","protected":false},"excerpt":{"rendered":"<p>Za ve\u0107u kontrolu i bolje rukovanje \u2013 preko aplikacije K\u00e4rcher Home &amp; Garden korisnik ima pomo\u0107 u raznim situacijama \u010di\u0161\u0107enja i tokom \u010di\u0161\u0107enja razli\u010ditih predmeta. Savetnik za primenu opisuje optimalni nivo pritiska za izabrani predmet koji se \u010disti. Pritisak se mo\u017ee ru\u010dno podesiti okretanjem Vario Power cevi za raspr\u0161ivanje. Aplikacija sadr\u017ei i druge korisne funkcije kao \u0161to su savetnik za primenu za jo\u0161 bolje rezultate, uputstva za monta\u017eu, uputstva za odr\u017eavanje i negu, kao i portal K\u00e4rcher Service. Podaci o ostaloj opremi: Pi\u0161tolj za raspr\u0161ivanje G 160 Q Power Control, skida\u010d ne\u010disto\u0107a, sistem za sredstvo za \u010di\u0161\u0107enje Plug \u2019n\u2019 Clean za brzu i \u010distu zamenu deterd\u017eenta, izuzetno kvalitetnu aluminijumsku teleskopsku dr\u0161ku za lak\u0161i transport i skladi\u0161te koje \u0161tedi prostor, Quick Connect sistem za brzo povezivanje i skidanje visokopritisnog creva sa ure\u0111aja i pi\u0161tolja za raspr\u0161ivanje bez muke, kao i parking poziciju kako bi oprema uvek bila lako dostupna.<\/p>\n","protected":false},"featured_media":10957,"comment_status":"open","ping_status":"closed","template":"","meta":{"inline_featured_image":false},"product_brand":[],"product_cat":[289],"product_tag":[],"class_list":{"0":"post-10956","1":"product","2":"type-product","3":"status-publish","4":"has-post-thumbnail","6":"product_cat-perac-pod-pritiskom","8":"first","9":"instock","10":"sale","11":"shipping-taxable","12":"purchasable","13":"product-type-simple"},"_links":{"self":[{"href":"https:\/\/tehnikabacko.rs\/index.php\/wp-json\/wp\/v2\/product\/10956","targetHints":{"allow":["GET"]}}],"collection":[{"href":"https:\/\/tehnikabacko.rs\/index.php\/wp-json\/wp\/v2\/product"}],"about":[{"href":"https:\/\/tehnikabacko.rs\/index.php\/wp-json\/wp\/v2\/types\/product"}],"replies":[{"embeddable":true,"href":"https:\/\/tehnikabacko.rs\/index.php\/wp-json\/wp\/v2\/comments?post=10956"}],"wp:featuredmedia":[{"embeddable":true,"href":"https:\/\/tehnikabacko.rs\/index.php\/wp-json\/wp\/v2\/media\/10957"}],"wp:attachment":[{"href":"https:\/\/tehnikabacko.rs\/index.php\/wp-json\/wp\/v2\/media?parent=10956"}],"wp:term":[{"taxonomy":"product_brand","embeddable":true,"href":"https:\/\/tehnikabacko.rs\/index.php\/wp-json\/wp\/v2\/product_brand?post=10956"},{"taxonomy":"product_cat","embeddable":true,"href":"https:\/\/tehnikabacko.rs\/index.php\/wp-json\/wp\/v2\/product_cat?post=10956"},{"taxonomy":"product_tag","embeddable":true,"href":"https:\/\/tehnikabacko.rs\/index.php\/wp-json\/wp\/v2\/product_tag?post=10956"}],"curies":[{"name":"wp","href":"https:\/\/api.w.org\/{rel}","templated":true}]}}