{"id":10950,"date":"2025-04-03T11:50:55","date_gmt":"2025-04-03T11:50:55","guid":{"rendered":"https:\/\/tehnikabacko.rs\/?post_type=product&#038;p=10950"},"modified":"2025-06-02T10:02:38","modified_gmt":"2025-06-02T10:02:38","slug":"karcher-perac-pod-pritiskom-k-4-classic","status":"publish","type":"product","link":"https:\/\/tehnikabacko.rs\/index.php\/product\/karcher-perac-pod-pritiskom-k-4-classic\/","title":{"rendered":"Karcher pera\u010d pod pritiskom K 4 Classic"},"content":{"rendered":"<h3>Tehni\u010dki podaci<\/h3>\n<table class=\"table\" style=\"height: 375px\" width=\"740\">\n<tbody>\n<tr>\n<td>Napon napajanja (Ph\/V\/\u00a0<span class=\"fix-spelling\">Hz<\/span>\u00a0)<\/td>\n<td>1 \/ 220 &#8211; 240 \/ 50 &#8211; 60<\/td>\n<\/tr>\n<tr>\n<td>Pritisak (bar)<\/td>\n<td>20 &#8211; max.\u00a0130<\/td>\n<\/tr>\n<tr>\n<td>Protok vode\u00a0 (l\/h)<\/td>\n<td>420<\/td>\n<\/tr>\n<tr>\n<td>Povr\u0161inski u\u010dinak (m\u00b2\/h)<\/td>\n<td>30<\/td>\n<\/tr>\n<tr>\n<td>Ulazna temperatura (\u00b0C)<\/td>\n<td>max.\u00a040<\/td>\n<\/tr>\n<tr>\n<td>Priklju\u010dna snaga (W)<\/td>\n<td>1800<\/td>\n<\/tr>\n<tr>\n<td>Du\u017eina kabla (m)<\/td>\n<td>5<\/td>\n<\/tr>\n<tr>\n<td>Te\u017eina bez pribora (kg)<\/td>\n<td>4,6<\/td>\n<\/tr>\n<tr>\n<td>Te\u017eina sa priborom (kg)<\/td>\n<td>6,5<\/td>\n<\/tr>\n<tr>\n<td>Dimenzije (D x \u0160 x V) (mm)<\/td>\n<td>264 x 256 x 450<\/td>\n<\/tr>\n<\/tbody>\n<\/table>\n<p>&nbsp;<\/p>\n<p><img decoding=\"async\" src=\"https:\/\/www.karcher-centar-mlazmatik.rs\/images\/products\/big\/3071.jpg\" \/><img fetchpriority=\"high\" decoding=\"async\" class=\"\" src=\"https:\/\/www.karcher-centar-mlazmatik.rs\/images\/products\/big\/3071.jpg\" width=\"230\" height=\"230\" \/><\/p>\n","protected":false},"excerpt":{"rendered":"<p>Ovaj ure\u0111aj mo\u017ee stati bilo gde: bilo u prtlja\u017eniku automobila ili u ormari\u0107u, visokopritisni pera\u010d Karcher K 4 Classic mo\u017ee se bez napora odlo\u017eiti bilo gde i lako transportovati zahvaljuju\u0107i svojim kompaktnim dimenzijama. Ipak, i dalje nudi punu izvedbu. Osim toga, aluminijska teleskopska ru\u010dka podesiva po visini osigurava da je visina povla\u010denja uvek udobna. Ostali detalji opreme uklju\u010duju\u00a0<span class=\"fix-spelling\">Quick Connect<\/span>\u00a0pi\u0161tolj , 6-metarsko visokopritisno crevo, Vario Power mlaznicu(VPS), turbo mlaznicu za tvrdokorne ne\u010disto\u0107e i filter za vodu. \u0160tavi\u0161e,\u00a0 Karcher K 4 Classic, s povr\u0161inskim u\u010dinkom od 30 m\u00b2\/h, idealan je za redovno \u010di\u0161\u0107enje umerenih\u00a0 prljav\u0161tine (mali automobili, vrtne ograde, bicikli, itd.).<\/p>\n","protected":false},"featured_media":10951,"comment_status":"open","ping_status":"closed","template":"","meta":{"inline_featured_image":false},"product_brand":[],"product_cat":[289],"product_tag":[],"class_list":{"0":"post-10950","1":"product","2":"type-product","3":"status-publish","4":"has-post-thumbnail","6":"product_cat-perac-pod-pritiskom","8":"first","9":"instock","10":"sale","11":"shipping-taxable","12":"purchasable","13":"product-type-simple"},"_links":{"self":[{"href":"https:\/\/tehnikabacko.rs\/index.php\/wp-json\/wp\/v2\/product\/10950","targetHints":{"allow":["GET"]}}],"collection":[{"href":"https:\/\/tehnikabacko.rs\/index.php\/wp-json\/wp\/v2\/product"}],"about":[{"href":"https:\/\/tehnikabacko.rs\/index.php\/wp-json\/wp\/v2\/types\/product"}],"replies":[{"embeddable":true,"href":"https:\/\/tehnikabacko.rs\/index.php\/wp-json\/wp\/v2\/comments?post=10950"}],"wp:featuredmedia":[{"embeddable":true,"href":"https:\/\/tehnikabacko.rs\/index.php\/wp-json\/wp\/v2\/media\/10951"}],"wp:attachment":[{"href":"https:\/\/tehnikabacko.rs\/index.php\/wp-json\/wp\/v2\/media?parent=10950"}],"wp:term":[{"taxonomy":"product_brand","embeddable":true,"href":"https:\/\/tehnikabacko.rs\/index.php\/wp-json\/wp\/v2\/product_brand?post=10950"},{"taxonomy":"product_cat","embeddable":true,"href":"https:\/\/tehnikabacko.rs\/index.php\/wp-json\/wp\/v2\/product_cat?post=10950"},{"taxonomy":"product_tag","embeddable":true,"href":"https:\/\/tehnikabacko.rs\/index.php\/wp-json\/wp\/v2\/product_tag?post=10950"}],"curies":[{"name":"wp","href":"https:\/\/api.w.org\/{rel}","templated":true}]}}