{"id":10945,"date":"2025-03-10T14:00:04","date_gmt":"2025-03-10T14:00:04","guid":{"rendered":"https:\/\/tehnikabacko.rs\/?post_type=product&#038;p=10945"},"modified":"2025-03-27T08:41:37","modified_gmt":"2025-03-27T08:41:37","slug":"adk-traktorska-kosilica-t102h-l3","status":"publish","type":"product","link":"https:\/\/tehnikabacko.rs\/index.php\/product\/adk-traktorska-kosilica-t102h-l3\/","title":{"rendered":"ADK traktorska kosilica T102H-L3"},"content":{"rendered":"<div class=\"electro-description clearfix\">\n<div class=\"ealati_specifikacija\">\n<h2>TEHNI\u010cKE KARAKTERISTIKE<\/h2>\n<p class=\"ealati_row\"><span class=\"ealati_span\">Model<\/span><span class=\"ealati_span\">T102H-L3<\/span><\/p>\n<p class=\"ealati_row\"><span class=\"ealati_span\">Motor<\/span><span class=\"ealati_span\">Loncin<\/span><\/p>\n<p class=\"ealati_row\"><span class=\"ealati_span\">Model motora<\/span><span class=\"ealati_span\">LC1P92F-1<\/span><\/p>\n<p class=\"ealati_row\"><span class=\"ealati_span\">Led zaslon na upravlja\u010du<\/span><span class=\"ealati_span\">Da<\/span><\/p>\n<p class=\"ealati_row\"><span class=\"ealati_span\">Zapremina motora<\/span><span class=\"ealati_span\">452 cm3<\/span><\/p>\n<p class=\"ealati_row\"><span class=\"ealati_span\">Snaga<\/span><span class=\"ealati_span\">9,2 kW \/ 12,50 KS \/ 3,600 o\/min<\/span><\/p>\n<p class=\"ealati_row\"><span class=\"ealati_span\">Kapacitet baterije<\/span><span class=\"ealati_span\">DC 12V\/15 Ah<\/span><\/p>\n<p class=\"ealati_row\"><span class=\"ealati_span\">\u0160irina ko\u0161nje<\/span><span class=\"ealati_span\">102 cm<\/span><\/p>\n<p class=\"ealati_row\"><span class=\"ealati_span\">Broj o\u0161trica no\u017ea<\/span><span class=\"ealati_span\">2<\/span><\/p>\n<p class=\"ealati_row\"><span class=\"ealati_span\">Uklju\u010divanje o\u0161trice no\u017ea<\/span><span class=\"ealati_span\">Elektri\u010dno<\/span><\/p>\n<p class=\"ealati_row\"><span class=\"ealati_span\">Visina ko\u0161nje \/ broj polo\u017eaja visine ko\u0161nje<\/span><span class=\"ealati_span\">30 \u2013 90 mm \/ 8 polo\u017eaja<\/span><\/p>\n<p class=\"ealati_row\"><span class=\"ealati_span\">Pode\u0161avanje visine ko\u0161nje<\/span><span class=\"ealati_span\">Ru\u010dno pomo\u0107u poluge<\/span><\/p>\n<p class=\"ealati_row\"><span class=\"ealati_span\">Ko\u0161nja unazad<\/span><span class=\"ealati_span\">Da<\/span><\/p>\n<p class=\"ealati_row\"><span class=\"ealati_span\">Tip no\u017ea<\/span><span class=\"ealati_span\">standardni (3 u 1 funkcija)<\/span><\/p>\n<p class=\"ealati_row\"><span class=\"ealati_span\">\u010cep mal\u010diranja<\/span><span class=\"ealati_span\">Da<\/span><\/p>\n<p class=\"ealati_row\"><span class=\"ealati_span\">Prijenos<\/span><span class=\"ealati_span\">Hidrostatski<\/span><\/p>\n<p class=\"ealati_row\"><span class=\"ealati_span\">Kapacitet ko\u0161are za travu<\/span><span class=\"ealati_span\">280 L<\/span><\/p>\n<p class=\"ealati_row\"><span class=\"ealati_span\">Veli\u010dina kota\u010da<\/span><span class=\"ealati_span\">15\u2033 prednji \/ 18 \u201cstra\u017enji<\/span><\/p>\n<p class=\"ealati_row\"><span class=\"ealati_span\">Svjetlo<\/span><span class=\"ealati_span\">Led<\/span><\/p>\n<p class=\"ealati_row\"><span class=\"ealati_span\">Odbojnik<\/span><span class=\"ealati_span\">Da<\/span><\/p>\n<p>&nbsp;<\/p>\n<\/div>\n<\/div>\n<div class=\"product_meta\"><img fetchpriority=\"high\" decoding=\"async\" class=\"\" src=\"https:\/\/www.ealati.hr\/wp-content\/uploads\/2025\/01\/B261-T102HL3-ADK-scaled.jpg\" width=\"466\" height=\"311\" \/><img decoding=\"async\" class=\"\" src=\"https:\/\/www.ealati.hr\/wp-content\/uploads\/2025\/01\/D261-T102HL3-ADK-scaled.jpg\" width=\"395\" height=\"264\" \/><\/div>\n<div><\/div>\n","protected":false},"excerpt":{"rendered":"<p>Vrtni traktor T102H-L3 Loncin nudi snagu, u\u010dinkovitost i napredne zna\u010dajke za profesionalno odr\u017eavanje travnjaka. Opremljen je mo\u0107nim Loncin motorom modela LC1P92F-1, zapremine 452 cm3, s maksimalnom snagom od 9,2 kW (12,50 KS) pri 3600 o\/min. HIDROSTATSKI prijenos omogu\u0107uje jednostavno i pouzdano upravljanje, dok LED zaslon na upravlja\u010du osigurava lak pregled va\u017enih informacija tijekom rada. Traktor ima \u0161irinu ko\u0161nje od 102 cm, a dvostruke o\u0161trice no\u017ea osiguravaju precizno i brzo rezanje. Elektri\u010dno uklju\u010divanje no\u017eeva dodatno olak\u0161ava upotrebu. Visina ko\u0161nje mo\u017ee se ru\u010dno podesiti pomo\u0107u poluge u osam polo\u017eaja, od 30 do 90 mm, pru\u017eaju\u0107i potpunu prilagodbu razli\u010ditim uvjetima na terenu. Funkcija ko\u0161nje unazad i standardni 3-u-1 no\u017e s \u010depom za mal\u010diranje omogu\u0107uju svestranu upotrebu. Veliki kapacitet ko\u0161are za travu od 280 litara \u010dini ovaj traktor izuzetno prakti\u010dnim za velike travnate povr\u0161ine. Prednji kota\u010di veli\u010dine 15\u2033 i stra\u017enji kota\u010di od 18\u2033 pru\u017eaju stabilnost i udobnost, dok LED svjetla omogu\u0107uju rad u slabijim svjetlosnim uvjetima. Robusni odbojnik dodatno osigurava dugotrajnost i za\u0161titu tijekom uporabe. 102H-L3 Loncin savr\u0161en je izbor za zahtjevne korisnike koji tra\u017ee pouzdano rje\u0161enje za odr\u017eavanje travnjaka.<\/p>\n","protected":false},"featured_media":10946,"comment_status":"open","ping_status":"closed","template":"","meta":{"inline_featured_image":false},"product_brand":[],"product_cat":[244,272,273],"product_tag":[],"class_list":{"0":"post-10945","1":"product","2":"type-product","3":"status-publish","4":"has-post-thumbnail","6":"product_cat-kosacice","7":"product_cat-motorna-kosilica","8":"product_cat-traktorska-kosilica","10":"first","11":"instock","12":"sale","13":"shipping-taxable","14":"purchasable","15":"product-type-simple"},"_links":{"self":[{"href":"https:\/\/tehnikabacko.rs\/index.php\/wp-json\/wp\/v2\/product\/10945","targetHints":{"allow":["GET"]}}],"collection":[{"href":"https:\/\/tehnikabacko.rs\/index.php\/wp-json\/wp\/v2\/product"}],"about":[{"href":"https:\/\/tehnikabacko.rs\/index.php\/wp-json\/wp\/v2\/types\/product"}],"replies":[{"embeddable":true,"href":"https:\/\/tehnikabacko.rs\/index.php\/wp-json\/wp\/v2\/comments?post=10945"}],"wp:featuredmedia":[{"embeddable":true,"href":"https:\/\/tehnikabacko.rs\/index.php\/wp-json\/wp\/v2\/media\/10946"}],"wp:attachment":[{"href":"https:\/\/tehnikabacko.rs\/index.php\/wp-json\/wp\/v2\/media?parent=10945"}],"wp:term":[{"taxonomy":"product_brand","embeddable":true,"href":"https:\/\/tehnikabacko.rs\/index.php\/wp-json\/wp\/v2\/product_brand?post=10945"},{"taxonomy":"product_cat","embeddable":true,"href":"https:\/\/tehnikabacko.rs\/index.php\/wp-json\/wp\/v2\/product_cat?post=10945"},{"taxonomy":"product_tag","embeddable":true,"href":"https:\/\/tehnikabacko.rs\/index.php\/wp-json\/wp\/v2\/product_tag?post=10945"}],"curies":[{"name":"wp","href":"https:\/\/api.w.org\/{rel}","templated":true}]}}