{"id":10942,"date":"2025-03-01T09:48:04","date_gmt":"2025-03-01T09:48:04","guid":{"rendered":"https:\/\/tehnikabacko.rs\/?post_type=product&#038;p=10942"},"modified":"2025-10-28T13:56:15","modified_gmt":"2025-10-28T13:56:15","slug":"motorna-testera-demon-rq-65-cs65t","status":"publish","type":"product","link":"https:\/\/tehnikabacko.rs\/index.php\/product\/motorna-testera-demon-rq-65-cs65t\/","title":{"rendered":"Motorna testera DEMON RQ 65 \u2013 CS65T"},"content":{"rendered":"<p><em><strong>Karakteristike:<\/strong><\/em><\/p>\n<p><b>Snaga:\u00a0<\/b>4.4ks<\/p>\n<p><strong>Snaga motora:\u00a0<\/strong>2,55kw<\/p>\n<p><strong>Motor:\u00a0<\/strong>61,5 ccm<strong><br \/>\n<\/strong><strong>Rezni alat:\u00a0<\/strong>40 cm , 325 \u00a01,5\u00a0 32 zuba,<strong><br \/>\nTe\u017eina:<\/strong>\u00a06 kg<strong><br \/>\n<\/strong><strong>Gorivo:\u00a0<\/strong>me\u0161avina, 2,5% sa sinteti\u010dkim uljem<\/p>\n<p><strong>Opis testere:<\/strong><\/p>\n<p>Motorna testera je u originalnom DEMON pakovanju oznake CS-65T. Nakon va\u0111enja iz kutije, novu testeru je prvo neophodno otko\u010diti. U pitanju je vrlo jednostavna procedura, treba samo sna\u017eno povu\u0107i polugu ko\u010dnice unazad. Potom se skida deklo ma\u010da. Alat za skidanje dekle ma\u010da se nalazi u donjem le\u017ei\u0161tu testere-ispod rezervoara.<\/p>\n<p>Nakon toga postavlja se ma\u010d i lanac. Lanac treba postaviti da le\u017ee u prsten lan\u010danika. Potom vratiti deklo ma\u010da. Prilikom vra\u0107anja dekle ma\u010da, treba voditi ra\u010duna da \u0161paner ulegne u rupu na ma\u010du. Rupa na ma\u010du koju treba ga\u0111ati je ona koja prolazi kroz celu \u0161irinu ma\u010da ( Gde je ma\u010d skroz probu\u0161en ), a nalazi se simetri\u010dno sa obe strane centralnog proreza. Rezni zubi lanca u gornjem delu ma\u010da treba da gledaju u suprotnom pravcu od testere.<\/p>\n<p><img fetchpriority=\"high\" decoding=\"async\" class=\"\" src=\"https:\/\/media1.lakodoalata.rs\/2023\/09\/demon-testera-top1.jpg\" width=\"490\" height=\"490\" \/><\/p>\n<p><img decoding=\"async\" class=\"\" src=\"https:\/\/media1.lakodoalata.rs\/2023\/09\/pilarka-spalinowa-demon-cs-65t-3.jpg\" width=\"497\" height=\"301\" \/><\/p>\n","protected":false},"excerpt":{"rendered":"<p>Motorna testera DEMON CS65t je odli\u010dna za korisnike koji seku i velike koli\u010dine drva! Kva\u010dilo je izradjeno od \u010dvrstog materijala kao i svi ostali delovi.<br \/>\nMa\u010d i lanac su korektnog kvaliteta! Motorna testera DEMON CS65t je proverenog kvaliteta koja re\u017ee do 200m3 bez ikakvog problema!<br \/>\nPoseduje ergo start poteznicu, koja slu\u017ei za lak\u0161e paljenje ja\u010dih modela testera. Saug je polu-automatski, vra\u0107a se okidanjem gasa.<br \/>\nDemon motorna testera je veoma efikasna. Laka je i jednostavna za kori\u0161\u0107enje. Mo\u017ee da se koristi za rad u \u0161umi<a href=\"https:\/\/ljuba.rs\/product\/radilice-za-demon-testere\/\">,<\/a>\u00a0ba\u0161ti<a href=\"https:\/\/mar-pol.sklep.pl\/starter-pilarki-cs-65t,3,8635,6068\">,<\/a>\u00a0vo\u0107njaku ili za pripremu ogreva za zimu. Motorna testera ima sna\u017ean dvotaktni motor. Savr\u0161en balans snage i antivibracionog sistema pru\u017ea visoke performanse i udobnost u radu.<\/p>\n","protected":false},"featured_media":10943,"comment_status":"open","ping_status":"closed","template":"","meta":{"inline_featured_image":false},"product_brand":[],"product_cat":[283,287],"product_tag":[],"class_list":{"0":"post-10942","1":"product","2":"type-product","3":"status-publish","4":"has-post-thumbnail","6":"product_cat-motorna-testera","7":"product_cat-testere","9":"first","10":"instock","11":"sale","12":"shipping-taxable","13":"purchasable","14":"product-type-simple"},"_links":{"self":[{"href":"https:\/\/tehnikabacko.rs\/index.php\/wp-json\/wp\/v2\/product\/10942","targetHints":{"allow":["GET"]}}],"collection":[{"href":"https:\/\/tehnikabacko.rs\/index.php\/wp-json\/wp\/v2\/product"}],"about":[{"href":"https:\/\/tehnikabacko.rs\/index.php\/wp-json\/wp\/v2\/types\/product"}],"replies":[{"embeddable":true,"href":"https:\/\/tehnikabacko.rs\/index.php\/wp-json\/wp\/v2\/comments?post=10942"}],"wp:featuredmedia":[{"embeddable":true,"href":"https:\/\/tehnikabacko.rs\/index.php\/wp-json\/wp\/v2\/media\/10943"}],"wp:attachment":[{"href":"https:\/\/tehnikabacko.rs\/index.php\/wp-json\/wp\/v2\/media?parent=10942"}],"wp:term":[{"taxonomy":"product_brand","embeddable":true,"href":"https:\/\/tehnikabacko.rs\/index.php\/wp-json\/wp\/v2\/product_brand?post=10942"},{"taxonomy":"product_cat","embeddable":true,"href":"https:\/\/tehnikabacko.rs\/index.php\/wp-json\/wp\/v2\/product_cat?post=10942"},{"taxonomy":"product_tag","embeddable":true,"href":"https:\/\/tehnikabacko.rs\/index.php\/wp-json\/wp\/v2\/product_tag?post=10942"}],"curies":[{"name":"wp","href":"https:\/\/api.w.org\/{rel}","templated":true}]}}