{"id":10940,"date":"2025-03-01T09:29:57","date_gmt":"2025-03-01T09:29:57","guid":{"rendered":"https:\/\/tehnikabacko.rs\/?post_type=product&#038;p=10940"},"modified":"2025-03-01T09:29:57","modified_gmt":"2025-03-01T09:29:57","slug":"motorna-testera-demon-cs-58t-3-0ks-40cm","status":"publish","type":"product","link":"https:\/\/tehnikabacko.rs\/index.php\/product\/motorna-testera-demon-cs-58t-3-0ks-40cm\/","title":{"rendered":"Motorna testera Demon CS 58T 3.0ks 40cm"},"content":{"rendered":"<p>Motorna testera Demon CS 58T\u00a0 je<a href=\"https:\/\/lakodoalata.rs\/product\/testera-demon-cs-58-t\/\">\u00a0odli\u010dna<\/a>\u00a0za korisnike koji seku koli\u010dine drva koja su namenjena za doma\u0107insto i manju se\u010du!<br \/>\nMa\u010d i lanac su korektnog kvaliteta!<\/p>\n<p><strong>Karakteristike:<\/strong><\/p>\n<p><strong>Snaga:<\/strong>\u00a02.2 kw \u2013 3 Ks<br \/>\n<strong>Motor:<\/strong>\u00a055 ccm<br \/>\n<strong>Rezni alat :<\/strong>\u00a040 cm , 325 1,5 32 zuba,<br \/>\n<strong>Tezina:<\/strong>\u00a05.5 kg<br \/>\n<strong>Gorivo:<\/strong>\u00a0me\u0161avina, 2.5 % sa sinteti\u010dkim uljem<\/p>\n<p><strong>Oprema :<\/strong><br \/>\nturpija<br \/>\nkombinovani T klju\u010d za sve\u0107icu i ma\u010d<br \/>\n\u0161rafciger<br \/>\nnavlaka za ma\u010d<br \/>\nfla\u0161a za me\u0161avinu<\/p>\n<p>Motorna testera poseduje ergo start poteznicu, koja slu\u017ei za lakse paljenje ja\u010dih modela testera. Saug je polu-automatski, vra\u0107a se okidanjem gasa.<br \/>\nDemon motorna testera je veoma efikasna. Laka je i jednostavna za kori\u0161\u0107enje. Mo\u017ee da se koristi za rad u \u0161umi,\u00a0ba\u0161ti,\u00a0vo\u0107njaku ili za pripremu ogreva za zimu. Motorna testera ima sna\u017ean dvotaktni motor. Savr\u0161en balans snage i antivibracionog sistema pru\u017ea visoke performanse i udobnost u<a href=\"http:\/\/borism.kpizlog,rs\/\">\u00a0radu<\/a>.<\/p>\n<p><img fetchpriority=\"high\" decoding=\"async\" class=\"\" src=\"https:\/\/media1.lakodoalata.rs\/2023\/03\/jpg.jpg\" width=\"439\" height=\"439\" \/><\/p>\n","protected":false},"excerpt":{"rendered":"<p>Motorna testera poseduje ergo start poteznicu, koja slu\u017ei za lakse paljenje ja\u010dih modela testera. Saug je polu-automatski, vra\u0107a se okidanjem gasa.<\/p>\n<p>Karakteristike:<\/p>\n<p>Snaga: 2.2 kw \u2013 3 Ks<br \/>\nMotor: 55 ccm<br \/>\nRezni alat : 40 cm , 325 1,5 32 zuba,<br \/>\nTezina: 5.5 kg<br \/>\nGorivo: me\u0161avina, 2.5 % sa sinteti\u010dkim uljem<\/p>\n<p>Oprema :<br \/>\nturpija<br \/>\nkombinovani T kljuc za svecicu i mac<br \/>\nsrafciger<br \/>\nnavlaka za mac<br \/>\nflasa za mesavinu<\/p>\n","protected":false},"featured_media":10941,"comment_status":"open","ping_status":"closed","template":"","meta":{"inline_featured_image":false},"product_brand":[],"product_cat":[283,287],"product_tag":[],"class_list":{"0":"post-10940","1":"product","2":"type-product","3":"status-publish","4":"has-post-thumbnail","6":"product_cat-motorna-testera","7":"product_cat-testere","9":"first","10":"instock","11":"sale","12":"shipping-taxable","13":"purchasable","14":"product-type-simple"},"_links":{"self":[{"href":"https:\/\/tehnikabacko.rs\/index.php\/wp-json\/wp\/v2\/product\/10940","targetHints":{"allow":["GET"]}}],"collection":[{"href":"https:\/\/tehnikabacko.rs\/index.php\/wp-json\/wp\/v2\/product"}],"about":[{"href":"https:\/\/tehnikabacko.rs\/index.php\/wp-json\/wp\/v2\/types\/product"}],"replies":[{"embeddable":true,"href":"https:\/\/tehnikabacko.rs\/index.php\/wp-json\/wp\/v2\/comments?post=10940"}],"wp:featuredmedia":[{"embeddable":true,"href":"https:\/\/tehnikabacko.rs\/index.php\/wp-json\/wp\/v2\/media\/10941"}],"wp:attachment":[{"href":"https:\/\/tehnikabacko.rs\/index.php\/wp-json\/wp\/v2\/media?parent=10940"}],"wp:term":[{"taxonomy":"product_brand","embeddable":true,"href":"https:\/\/tehnikabacko.rs\/index.php\/wp-json\/wp\/v2\/product_brand?post=10940"},{"taxonomy":"product_cat","embeddable":true,"href":"https:\/\/tehnikabacko.rs\/index.php\/wp-json\/wp\/v2\/product_cat?post=10940"},{"taxonomy":"product_tag","embeddable":true,"href":"https:\/\/tehnikabacko.rs\/index.php\/wp-json\/wp\/v2\/product_tag?post=10940"}],"curies":[{"name":"wp","href":"https:\/\/api.w.org\/{rel}","templated":true}]}}