{"id":10933,"date":"2025-02-25T15:32:47","date_gmt":"2025-02-25T15:32:47","guid":{"rendered":"https:\/\/tehnikabacko.rs\/?post_type=product&#038;p=10933"},"modified":"2025-02-25T15:32:47","modified_gmt":"2025-02-25T15:32:47","slug":"kzubr-mig-mma-400-aparat-za-zavarivanje","status":"publish","type":"product","link":"https:\/\/tehnikabacko.rs\/index.php\/product\/kzubr-mig-mma-400-aparat-za-zavarivanje\/","title":{"rendered":"Kzubr MIG\/MMA-400 aparat za zavarivanje"},"content":{"rendered":"<p>Kzubr MIG\/MMA-400 aparat za zavarivanje<\/p>\n<p>Ulazni napon:\u00a0220V 50\/60Hz<br \/>\nUlazna snaga: -MIG 5,6 KVA<br \/>\n-MMA 5,7\u00a0KVA<br \/>\nPodru\u010dje zavarivanja: -MIG 20-200A<br \/>\n-MMA 20-180A<br \/>\nPre\u010dnik \u017eice: 0.8-1.0mm<br \/>\nPre\u010dnik elektrode: 0.6-4.0mm<\/p>\n<p>Saobraznost: 24 meseca<\/p>\n<p><img fetchpriority=\"high\" decoding=\"async\" class=\"\" src=\"https:\/\/zimcommerce.com\/tenancy\/assets\/products\/4\/4\/4\/3444\/_thumb\/150598868-643b0febc1df31-955794684dcef1b2-8dc9-41-medium_jpg.jpg?v=1730878156\" width=\"586\" height=\"670\" \/><\/p>\n","protected":false},"excerpt":{"rendered":"<p>Kzubr MIG\/MMA-400 aparat za zavarivanje Ulazni napon:\u00a0220V 50\/60Hz Ulazna snaga: -MIG 5,6 KVA -MMA 5,7\u00a0KVA Podru\u010dje zavarivanja: -MIG 20-200A -MMA 20-180A Pre\u010dnik \u017eice: 0.8-1.0mm Pre\u010dnik elektrode: 0.6-4.0mm Saobraznost: 24 meseca<\/p>\n","protected":false},"featured_media":10934,"comment_status":"open","ping_status":"closed","template":"","meta":{"inline_featured_image":false},"product_brand":[],"product_cat":[242],"product_tag":[],"class_list":{"0":"post-10933","1":"product","2":"type-product","3":"status-publish","4":"has-post-thumbnail","6":"product_cat-aparati-za-varenje","8":"first","9":"instock","10":"sale","11":"shipping-taxable","12":"purchasable","13":"product-type-simple"},"_links":{"self":[{"href":"https:\/\/tehnikabacko.rs\/index.php\/wp-json\/wp\/v2\/product\/10933","targetHints":{"allow":["GET"]}}],"collection":[{"href":"https:\/\/tehnikabacko.rs\/index.php\/wp-json\/wp\/v2\/product"}],"about":[{"href":"https:\/\/tehnikabacko.rs\/index.php\/wp-json\/wp\/v2\/types\/product"}],"replies":[{"embeddable":true,"href":"https:\/\/tehnikabacko.rs\/index.php\/wp-json\/wp\/v2\/comments?post=10933"}],"wp:featuredmedia":[{"embeddable":true,"href":"https:\/\/tehnikabacko.rs\/index.php\/wp-json\/wp\/v2\/media\/10934"}],"wp:attachment":[{"href":"https:\/\/tehnikabacko.rs\/index.php\/wp-json\/wp\/v2\/media?parent=10933"}],"wp:term":[{"taxonomy":"product_brand","embeddable":true,"href":"https:\/\/tehnikabacko.rs\/index.php\/wp-json\/wp\/v2\/product_brand?post=10933"},{"taxonomy":"product_cat","embeddable":true,"href":"https:\/\/tehnikabacko.rs\/index.php\/wp-json\/wp\/v2\/product_cat?post=10933"},{"taxonomy":"product_tag","embeddable":true,"href":"https:\/\/tehnikabacko.rs\/index.php\/wp-json\/wp\/v2\/product_tag?post=10933"}],"curies":[{"name":"wp","href":"https:\/\/api.w.org\/{rel}","templated":true}]}}