{"id":10928,"date":"2025-02-22T09:32:32","date_gmt":"2025-02-22T09:32:32","guid":{"rendered":"https:\/\/tehnikabacko.rs\/?post_type=product&#038;p=10928"},"modified":"2025-02-22T09:32:32","modified_gmt":"2025-02-22T09:32:32","slug":"scheppach-motorni-trimer-za-travu-1-9ks-bmst52-pro","status":"publish","type":"product","link":"https:\/\/tehnikabacko.rs\/index.php\/product\/scheppach-motorni-trimer-za-travu-1-9ks-bmst52-pro\/","title":{"rendered":"Scheppach motorni trimer za travu 1.9KS BMST52-PRO"},"content":{"rendered":"<p class=\"description\">Model BMST52-PRO<br \/>\nKatalo\u0161ka oznaka 59107209985<br \/>\nSnaga 1.40 kW \/ 1.9 KS<br \/>\nZapremina motora 52 cm\u00b3<br \/>\nMotor Scheppach<br \/>\nTip motora 2-taktni, vazdu\u0161no hla\u0111eni<br \/>\nPogon Centrifugalno kva\u010dilo<br \/>\nSistem prenosa Kardan<br \/>\nTip kardanske cevi Nedjeljiva aluminijumska<br \/>\nTip remena Na oba ramena (Premium)<br \/>\nBroj obrtaja &#8211; nit 8000 o\/min<br \/>\nBroj obrtaja &#8211; no\u017e 9000 o\/min<br \/>\nRadni zahvat niti 43 cm<br \/>\nRadni zahvat no\u017ea (3-kraki) 25.5 cm<br \/>\nZapremina rezervoara za gorivo 1.2 l<br \/>\nRu\u010dka Dupla<br \/>\nTe\u017eina 7.2 kg.<\/p>\n<p>Obim isporuke:<br \/>\nNo\u017e za trimer<br \/>\nGlava sa strunom (silk)<br \/>\nUprta\u010d\/pojas\/remen (oba ramena)<br \/>\nBoca za gorivo<br \/>\nKlju\u010d za sve\u0107icu.<\/p>\n<p class=\"note\"><b>GARANCIJA 5 godina (2+3 god uz registraciju)<\/b><\/p>\n","protected":false},"excerpt":{"rendered":"<p>Scheppach BMST52-PRO je vrhunski motorni trimer za travu sa 1.9 KS sna\u017enim motorom koji sa lako\u0107om savladava veoma visoku travu i \u0161iblje.<br \/>\n<b>Trimeri iz serije BMST namjenjeni su za intezivan rad u doma\u0107instvu, odlikuje ih izdr\u017eljivost i odli\u010dna egonomija u radu.<\/b><\/p>\n<p>Trimeri iz serije BMST namjenjeni su za intezivan rad u doma\u0107instvu.<br \/>\nPrekida\u010d za zaustavljanje i blokada kontrole gasa za laku kontrolu.<br \/>\nTehnologija protiv vibracija i naramenica (uklju\u010dena) omogu\u0107avaju udoban rad bez umora.<br \/>\nAutomatsko izvla\u010danje silka za lak\u0161i rad.<br \/>\nPodesiva \u201cbicikl\u201d ru\u010dka za ergonomski rad.<\/p>\n","protected":false},"featured_media":10929,"comment_status":"open","ping_status":"closed","template":"","meta":{"inline_featured_image":false},"product_brand":[],"product_cat":[320,290],"product_tag":[],"class_list":{"0":"post-10928","1":"product","2":"type-product","3":"status-publish","4":"has-post-thumbnail","6":"product_cat-motorni-trimeri","7":"product_cat-trimeri-za-travu","9":"first","10":"instock","11":"sale","12":"shipping-taxable","13":"purchasable","14":"product-type-simple"},"_links":{"self":[{"href":"https:\/\/tehnikabacko.rs\/index.php\/wp-json\/wp\/v2\/product\/10928","targetHints":{"allow":["GET"]}}],"collection":[{"href":"https:\/\/tehnikabacko.rs\/index.php\/wp-json\/wp\/v2\/product"}],"about":[{"href":"https:\/\/tehnikabacko.rs\/index.php\/wp-json\/wp\/v2\/types\/product"}],"replies":[{"embeddable":true,"href":"https:\/\/tehnikabacko.rs\/index.php\/wp-json\/wp\/v2\/comments?post=10928"}],"wp:featuredmedia":[{"embeddable":true,"href":"https:\/\/tehnikabacko.rs\/index.php\/wp-json\/wp\/v2\/media\/10929"}],"wp:attachment":[{"href":"https:\/\/tehnikabacko.rs\/index.php\/wp-json\/wp\/v2\/media?parent=10928"}],"wp:term":[{"taxonomy":"product_brand","embeddable":true,"href":"https:\/\/tehnikabacko.rs\/index.php\/wp-json\/wp\/v2\/product_brand?post=10928"},{"taxonomy":"product_cat","embeddable":true,"href":"https:\/\/tehnikabacko.rs\/index.php\/wp-json\/wp\/v2\/product_cat?post=10928"},{"taxonomy":"product_tag","embeddable":true,"href":"https:\/\/tehnikabacko.rs\/index.php\/wp-json\/wp\/v2\/product_tag?post=10928"}],"curies":[{"name":"wp","href":"https:\/\/api.w.org\/{rel}","templated":true}]}}