{"id":10924,"date":"2025-02-22T09:15:53","date_gmt":"2025-02-22T09:15:53","guid":{"rendered":"https:\/\/tehnikabacko.rs\/?post_type=product&#038;p=10924"},"modified":"2025-02-22T09:15:53","modified_gmt":"2025-02-22T09:15:53","slug":"scheppach-motorni-trimer-za-travu-1-9ks-bcgt5200","status":"publish","type":"product","link":"https:\/\/tehnikabacko.rs\/index.php\/product\/scheppach-motorni-trimer-za-travu-1-9ks-bcgt5200\/","title":{"rendered":"Scheppach motorni trimer za travu 1.9KS BCGT5200"},"content":{"rendered":"<p>Karakteristike:<br \/>\nSnaga: 1.40 kW \/ 1.9 KS.<br \/>\nZapremina motora: 52 cm\u00b3.<br \/>\nMotor: Scheppach.<br \/>\nTip motora: 2-taktni, vazdu\u0161no hla\u0111eni.<br \/>\nPogon: Centrifugalno kva\u010dilo.<br \/>\nSistem prenosa: Kardan.<br \/>\nTip kardanske cijevi: Nedjeljiva aluminijumska.<br \/>\nTip remena: Na oba ramena.<br \/>\nBroj obrtaja &#8211; nit: 6000 o\/min.<br \/>\nBroj obrtaja &#8211; no\u017e: 6800 o\/min.<br \/>\nRadni zahvat niti: 42 cm.<br \/>\nRadni zahvat no\u017ea (3-kraki): 25.5 cm.<br \/>\nZapremina rezervoara za gorivo: 1.2 l.<br \/>\nRu\u010dka: Dupla.<br \/>\nScheppach BCGT5200 je vrhunski motorni trimer za travu sa 1.9 KS sna\u017enim motorom koji sa lako\u0107om savladava veoma visoku travu i \u0161iblje.<br \/>\nPrekida\u010d za zaustavljanje i blokada kontrole gasa za laku kontrolu.<br \/>\nTehnologija protiv vibracija i naramenica (uklju\u010dena) omogu\u0107avaju udoban rad bez umora.<br \/>\nAutomatsko izvla\u010denje silka za lak\u0161i rad.<br \/>\nPodesiva \u201cbicikl\u201d ru\u010dka za ergonomski rad.<\/p>\n<p>Obim isporuke:<br \/>\nMotorni trimer<br \/>\nNo\u017e za trimer<br \/>\nGlava sa strunom (silk)<br \/>\nUprta\u010d\/pojas\/remen (oba ramena)<br \/>\nBoca za gorivo<br \/>\nKlju\u010d za sve\u0107icu<\/p>\n<p>&nbsp;<\/p>\n<p><img decoding=\"async\" src=\"https:\/\/www.superalati.rs\/user\/include\/superalati\/images\/items\/scheppach_motorni_trimer_BCGT5200.jpg\" alt=\"Scheppach motorni trimer za travu 1.9KS BCGT5200\" \/><\/p>\n<p><img decoding=\"async\" src=\"https:\/\/www.superalati.rs\/user\/include\/superalati\/images\/items\/scheppach_motorni_trimer_BCGT5200_a.jpg\" alt=\"Scheppach motorni trimer za travu 1.9KS BCGT5200-1\" \/><\/p>\n","protected":false},"excerpt":{"rendered":"<p>Motorni trimer za travu 1.9KS Scheppach BCGT5200<\/p>\n<p><b>Scheppach motorni trimer za travu 1.9KS BCGT5200<\/b>\u00a0je dizajniran za efikasno \u0161i\u0161anje trave i korova.<br \/>\nErgonomski dizajn dr\u0161ke omogu\u0107ava udobno kori\u0161\u0107enje tokom du\u017eih perioda rada.<br \/>\n<b>Motorni trimer za travu 1.9KS Scheppach BCGT5200<\/b>\u00a0idealan je za ku\u0107ne korisnike, kao i za manje profesionalne primene, pru\u017eaju\u0107i dobar balans izme\u0111u cene i performansi.<\/p>\n","protected":false},"featured_media":10925,"comment_status":"open","ping_status":"closed","template":"","meta":{"inline_featured_image":false},"product_brand":[],"product_cat":[320,290],"product_tag":[],"class_list":{"0":"post-10924","1":"product","2":"type-product","3":"status-publish","4":"has-post-thumbnail","6":"product_cat-motorni-trimeri","7":"product_cat-trimeri-za-travu","9":"first","10":"instock","11":"sale","12":"shipping-taxable","13":"purchasable","14":"product-type-simple"},"_links":{"self":[{"href":"https:\/\/tehnikabacko.rs\/index.php\/wp-json\/wp\/v2\/product\/10924","targetHints":{"allow":["GET"]}}],"collection":[{"href":"https:\/\/tehnikabacko.rs\/index.php\/wp-json\/wp\/v2\/product"}],"about":[{"href":"https:\/\/tehnikabacko.rs\/index.php\/wp-json\/wp\/v2\/types\/product"}],"replies":[{"embeddable":true,"href":"https:\/\/tehnikabacko.rs\/index.php\/wp-json\/wp\/v2\/comments?post=10924"}],"wp:featuredmedia":[{"embeddable":true,"href":"https:\/\/tehnikabacko.rs\/index.php\/wp-json\/wp\/v2\/media\/10925"}],"wp:attachment":[{"href":"https:\/\/tehnikabacko.rs\/index.php\/wp-json\/wp\/v2\/media?parent=10924"}],"wp:term":[{"taxonomy":"product_brand","embeddable":true,"href":"https:\/\/tehnikabacko.rs\/index.php\/wp-json\/wp\/v2\/product_brand?post=10924"},{"taxonomy":"product_cat","embeddable":true,"href":"https:\/\/tehnikabacko.rs\/index.php\/wp-json\/wp\/v2\/product_cat?post=10924"},{"taxonomy":"product_tag","embeddable":true,"href":"https:\/\/tehnikabacko.rs\/index.php\/wp-json\/wp\/v2\/product_tag?post=10924"}],"curies":[{"name":"wp","href":"https:\/\/api.w.org\/{rel}","templated":true}]}}