{"id":10921,"date":"2025-02-21T15:03:13","date_gmt":"2025-02-21T15:03:13","guid":{"rendered":"https:\/\/tehnikabacko.rs\/?post_type=product&#038;p=10921"},"modified":"2025-02-21T15:03:14","modified_gmt":"2025-02-21T15:03:14","slug":"scheppach-ceona-strizna-kosacica-kosilica-bms196-88","status":"publish","type":"product","link":"https:\/\/tehnikabacko.rs\/index.php\/product\/scheppach-ceona-strizna-kosacica-kosilica-bms196-88\/","title":{"rendered":"Scheppach \u010deona stri\u017ena kosa\u010dica kosilica BMS196-88"},"content":{"rendered":"<div class=\"dwspecs-product-table-group\">\n<table>\n<tbody>\n<tr>\n<td>Proizvo\u0111a\u010d<\/td>\n<td>Scheppach<\/td>\n<\/tr>\n<tr>\n<td>Model<\/td>\n<td>BMS196-88<\/td>\n<\/tr>\n<tr>\n<td>Katalo\u0161ka oznaka<\/td>\n<td>5908902903<\/td>\n<\/tr>\n<tr>\n<td>Snaga<\/td>\n<td>4.2 kW \/5.7 KS<\/td>\n<\/tr>\n<tr>\n<td>Zapremina motora<\/td>\n<td>196 cm\u00b3<\/td>\n<\/tr>\n<\/tbody>\n<\/table>\n<\/div>\n<div class=\"dwspecs-product-table-group\">\n<table>\n<tbody>\n<tr>\n<td>Motor<\/td>\n<td>4 -taktni, Euro 5<\/td>\n<\/tr>\n<tr>\n<td>Preporu\u010dena povr\u0161ina ko\u0161enja<\/td>\n<td>3000 m\u00b2<\/td>\n<\/tr>\n<tr>\n<td>\u0160irina ko\u0161enja<\/td>\n<td>88 cm<\/td>\n<\/tr>\n<tr>\n<td>Visina ko\u0161enja (min-max)<\/td>\n<td>30 &#8211; 60 mm<\/td>\n<\/tr>\n<tr>\n<td>Gorivo<\/td>\n<td>Bezolovni benzin<\/td>\n<\/tr>\n<\/tbody>\n<\/table>\n<\/div>\n<div class=\"dwspecs-product-table-group\">\n<table>\n<tbody>\n<tr>\n<td>Te\u017eina<\/td>\n<td>58 kg<\/td>\n<\/tr>\n<tr>\n<td>Dodatne informacije<\/td>\n<td>Upravlja\u010d sa prigu\u0161ivanjem vibracija podesiv na 3 visine<\/td>\n<\/tr>\n<\/tbody>\n<\/table>\n<\/div>\n<p>&nbsp;<\/p>\n<p>&nbsp;<\/p>\n<p><img fetchpriority=\"high\" decoding=\"async\" class=\"\" src=\"https:\/\/www.masineialati.ba\/wp-content\/uploads\/2024\/04\/Scheppach-ceona-strizna-kosacica-kosilica-BMS196-88-7.webp\" alt=\"Scheppach \u010deona stri\u017ena kosa\u010dica kosilica BMS196-88\" width=\"386\" height=\"386\" \/><\/p>\n<p>&nbsp;<\/p>\n<p><img decoding=\"async\" class=\"\" src=\"https:\/\/www.masineialati.ba\/wp-content\/uploads\/2024\/04\/Scheppach-ceona-strizna-kosacica-kosilica-BMS196-88-3.webp\" alt=\"Scheppach \u010deona stri\u017ena kosa\u010dica kosilica BMS196-88\" width=\"322\" height=\"322\" \/><\/p>\n","protected":false},"excerpt":{"rendered":"<div>Scheppach \u010deona kosilica BMS196-88 idealna je za ko\u0161enje neravnog terena i velikih povr\u0161ina sa visokom travom, kao \u0161to su vo\u0107njaci, pa\u0161njaci ili prirodne ba\u0161te. Sa izuzetno velikom \u0161irinom ko\u0161nje od 88 cm, brzinom\u00a0 od 2,52 km\/h i sna\u017enim 4-taktnim benzinskim motorom od 5.7 KS \/ 4.2 kW, kosilica je dizajnirana za travnjake do 3.000 m2. Velike gume sa gaze\u0107im slojem za terensku vo\u017enju osiguravaju posebno dobro prianjanje, \u010dak i na kosim terenima.<\/div>\n<ul>\n<li>Idealan za te\u0161ke terene, padine, kao \u0161to su vo\u0107njaci, pa\u0161njaci ili prirodni vrtovi<\/li>\n<li>Sna\u017ean 4-taktni benzinski motor od 5.7 KS \/ 4.2 kW sa 196 cm\u00b3<\/li>\n<li>Brz napredak ko\u0161enja zahvaljuju\u0107i izuzetno velikoj \u0161irini ko\u0161enja od 88 cm<\/li>\n<li>Preporu\u010duje se za travnjake do 3.000 m2 \/ povla\u010denje<\/li>\n<li>Pode\u0161avanje visine ko\u0161enja\u00a0 od 30 \u2013 60 mm<\/li>\n<li>Upravlja\u010d sa prigu\u0161ivanjem vibracija podesiv na 3 visine \u2013 za ergonomski rad<\/li>\n<li>Velike gume sa terenskim slojem za posebno dobru vu\u010du<\/li>\n<li>Brzina naprijed od 2,52 km\/h osigurava brz napredak u radu<\/li>\n<\/ul>\n","protected":false},"featured_media":10922,"comment_status":"open","ping_status":"closed","template":"","meta":{"inline_featured_image":false},"product_brand":[],"product_cat":[244,272],"product_tag":[],"class_list":{"0":"post-10921","1":"product","2":"type-product","3":"status-publish","4":"has-post-thumbnail","6":"product_cat-kosacice","7":"product_cat-motorna-kosilica","9":"first","10":"instock","11":"sale","12":"shipping-taxable","13":"purchasable","14":"product-type-simple"},"_links":{"self":[{"href":"https:\/\/tehnikabacko.rs\/index.php\/wp-json\/wp\/v2\/product\/10921","targetHints":{"allow":["GET"]}}],"collection":[{"href":"https:\/\/tehnikabacko.rs\/index.php\/wp-json\/wp\/v2\/product"}],"about":[{"href":"https:\/\/tehnikabacko.rs\/index.php\/wp-json\/wp\/v2\/types\/product"}],"replies":[{"embeddable":true,"href":"https:\/\/tehnikabacko.rs\/index.php\/wp-json\/wp\/v2\/comments?post=10921"}],"wp:featuredmedia":[{"embeddable":true,"href":"https:\/\/tehnikabacko.rs\/index.php\/wp-json\/wp\/v2\/media\/10922"}],"wp:attachment":[{"href":"https:\/\/tehnikabacko.rs\/index.php\/wp-json\/wp\/v2\/media?parent=10921"}],"wp:term":[{"taxonomy":"product_brand","embeddable":true,"href":"https:\/\/tehnikabacko.rs\/index.php\/wp-json\/wp\/v2\/product_brand?post=10921"},{"taxonomy":"product_cat","embeddable":true,"href":"https:\/\/tehnikabacko.rs\/index.php\/wp-json\/wp\/v2\/product_cat?post=10921"},{"taxonomy":"product_tag","embeddable":true,"href":"https:\/\/tehnikabacko.rs\/index.php\/wp-json\/wp\/v2\/product_tag?post=10921"}],"curies":[{"name":"wp","href":"https:\/\/api.w.org\/{rel}","templated":true}]}}