{"id":10917,"date":"2025-02-21T14:36:03","date_gmt":"2025-02-21T14:36:03","guid":{"rendered":"https:\/\/tehnikabacko.rs\/?post_type=product&#038;p=10917"},"modified":"2025-02-21T14:36:03","modified_gmt":"2025-02-21T14:36:03","slug":"scheppach-motorna-kosacica-kosilica-ms173-51e-4-1-ks","status":"publish","type":"product","link":"https:\/\/tehnikabacko.rs\/index.php\/product\/scheppach-motorna-kosacica-kosilica-ms173-51e-4-1-ks\/","title":{"rendered":"Scheppach motorna kosa\u010dica kosilica MS173-51E 4.1 KS"},"content":{"rendered":"<div class=\"dwspecs-product-table-group\">\n<table>\n<tbody>\n<tr>\n<td>Proizvo\u0111a\u010d<\/td>\n<td>Scheppach<\/td>\n<\/tr>\n<tr>\n<td>Model<\/td>\n<td>MS173-51E<\/td>\n<\/tr>\n<tr>\n<td>Katalo\u0161ka oznaka<\/td>\n<td>5911247905<\/td>\n<\/tr>\n<tr>\n<td>Snaga<\/td>\n<td>3.0 kW \/ 4.1 KS<\/td>\n<\/tr>\n<tr>\n<td>Zapremina motora<\/td>\n<td>173 cm\u00b3<\/td>\n<\/tr>\n<\/tbody>\n<\/table>\n<\/div>\n<div class=\"dwspecs-product-table-group\">\n<table>\n<tbody>\n<tr>\n<td>Motor<\/td>\n<td>4-taktni zrakom hla\u0111en motor benzin<\/td>\n<\/tr>\n<tr>\n<td>Tip pogona<\/td>\n<td>Samohodna<\/td>\n<\/tr>\n<tr>\n<td>Pogon to\u010dkova<\/td>\n<td>Zadnji<\/td>\n<\/tr>\n<tr>\n<td>Startovanje motora<\/td>\n<td>Pritiskom na taster (elektro-start)<\/td>\n<\/tr>\n<tr>\n<td>Preporu\u010dena povr\u0161ina ko\u0161enja<\/td>\n<td>1600 m\u00b2<\/td>\n<\/tr>\n<tr>\n<td>\u0160irina ko\u0161enja<\/td>\n<td>51 cm<\/td>\n<\/tr>\n<tr>\n<td>Pode\u0161avanje visine ko\u0161enja<\/td>\n<td>7x centralno<\/td>\n<\/tr>\n<tr>\n<td>Visina ko\u0161enja (min-max)<\/td>\n<td>25 &#8211; 75 mm<\/td>\n<\/tr>\n<tr>\n<td>Gorivo<\/td>\n<td>Bezolovni benzin<\/td>\n<\/tr>\n<tr>\n<td>Korpa (materijal)<\/td>\n<td>Platno<\/td>\n<\/tr>\n<tr>\n<td>Zapremina korpe<\/td>\n<td>65 l<\/td>\n<\/tr>\n<tr>\n<td>Ru\u010dka<\/td>\n<td>Sklopiva sa pode\u0161avanjem visine<\/td>\n<\/tr>\n<tr>\n<td>Mlaznica za pranje kosi\u0161ta<\/td>\n<td>Da<\/td>\n<\/tr>\n<\/tbody>\n<\/table>\n<\/div>\n<div class=\"dwspecs-product-table-group\">\n<table>\n<tbody>\n<tr>\n<td>Dimenzije<\/td>\n<td>1640 x 560 x 1060\/1130 mm<\/td>\n<\/tr>\n<tr>\n<td>Te\u017eina<\/td>\n<td>37.14 kg<\/td>\n<\/tr>\n<tr>\n<td>Dodatne informacije<\/td>\n<td>Uklju\u010duju\u0107i funkciju bo\u010dnog izbacivanja i mal\u010diranja<\/td>\n<\/tr>\n<tr>\n<td>Isporu\u010deni pribor<\/td>\n<td>Uklju\u010dujuc\u0301i bateriju i punja\u010d<\/td>\n<\/tr>\n<\/tbody>\n<\/table>\n<\/div>\n<p>&nbsp;<\/p>\n<p><img fetchpriority=\"high\" decoding=\"async\" class=\"\" src=\"https:\/\/www.masineialati.ba\/wp-content\/uploads\/2023\/05\/5911247905_M2023_keyfact12.jpg\" alt=\"Scheppach motorna kosa\u010dica kosilica MS173-51E 4.1 KS\" width=\"404\" height=\"404\" \/><\/p>\n<p>&nbsp;<\/p>\n","protected":false},"excerpt":{"rendered":"<p>Samohodna benzinska kosilica \u0161irine 51 cm razvijena je za vec\u0301e izazove. Stabilna konstrukcija je dizajnirana za izdr\u017eljivost. Ko\u0161enje i hvatanje ili mal\u010diranje \u2013 \u010dak i pod te\u0161kim uslovima \u2013 to su prednosti benzinske kosilice MS173-51E iz Scheppacha. Zahvaljujuc\u0301i sna\u017enom 4-taktnom benzinskom motoru, pogonu na to\u010dkove i \u0161irini ko\u0161enja od 51 cm, \u010dak i vec\u0301a povr\u0161ina travnjaka mo\u017ee da se pokosi za kratko vrijeme.<\/p>\n<p>Sna\u017ean 4-taktni benzinski motor<br \/>\n51 cm \u0161irina sje\u010denja<br \/>\nOpremljen profesionalnom opremom za visok obrtni moment, visoke performanse i dug radni vijek<br \/>\nIntegrisana funkcija \u010di\u0161c\u0301enja sa priklju\u010dkom za vodu<br \/>\nRobusna kutija za sakupljanje od 65 L<br \/>\nSklopiva ru\u010dka za lako skladi\u0161tenje ili transport koji \u0161tedi prostor<br \/>\nVisok obrtni moment za udoban rad \u010dak i na dugoj travi<br \/>\nLako ko\u0161enje zahvaljujuc\u0301i pogonu na to\u010dkove<br \/>\nCentralno pode\u0161avanje visine sje\u010denja u 7 faza (25 \u2013 75 mm)<br \/>\nUklju\u010dujuc\u0301i bateriju i punja\u010d<\/p>\n","protected":false},"featured_media":10918,"comment_status":"open","ping_status":"closed","template":"","meta":{"inline_featured_image":false},"product_brand":[],"product_cat":[272],"product_tag":[],"class_list":{"0":"post-10917","1":"product","2":"type-product","3":"status-publish","4":"has-post-thumbnail","6":"product_cat-motorna-kosilica","8":"first","9":"instock","10":"sale","11":"shipping-taxable","12":"purchasable","13":"product-type-simple"},"_links":{"self":[{"href":"https:\/\/tehnikabacko.rs\/index.php\/wp-json\/wp\/v2\/product\/10917","targetHints":{"allow":["GET"]}}],"collection":[{"href":"https:\/\/tehnikabacko.rs\/index.php\/wp-json\/wp\/v2\/product"}],"about":[{"href":"https:\/\/tehnikabacko.rs\/index.php\/wp-json\/wp\/v2\/types\/product"}],"replies":[{"embeddable":true,"href":"https:\/\/tehnikabacko.rs\/index.php\/wp-json\/wp\/v2\/comments?post=10917"}],"wp:featuredmedia":[{"embeddable":true,"href":"https:\/\/tehnikabacko.rs\/index.php\/wp-json\/wp\/v2\/media\/10918"}],"wp:attachment":[{"href":"https:\/\/tehnikabacko.rs\/index.php\/wp-json\/wp\/v2\/media?parent=10917"}],"wp:term":[{"taxonomy":"product_brand","embeddable":true,"href":"https:\/\/tehnikabacko.rs\/index.php\/wp-json\/wp\/v2\/product_brand?post=10917"},{"taxonomy":"product_cat","embeddable":true,"href":"https:\/\/tehnikabacko.rs\/index.php\/wp-json\/wp\/v2\/product_cat?post=10917"},{"taxonomy":"product_tag","embeddable":true,"href":"https:\/\/tehnikabacko.rs\/index.php\/wp-json\/wp\/v2\/product_tag?post=10917"}],"curies":[{"name":"wp","href":"https:\/\/api.w.org\/{rel}","templated":true}]}}