{"id":10914,"date":"2025-02-21T14:00:55","date_gmt":"2025-02-21T14:00:55","guid":{"rendered":"https:\/\/tehnikabacko.rs\/?post_type=product&#038;p=10914"},"modified":"2026-01-30T14:15:27","modified_gmt":"2026-01-30T14:15:27","slug":"scheppach-motorna-kosacica-kosilica-mp132-42-3-3-ks","status":"publish","type":"product","link":"https:\/\/tehnikabacko.rs\/index.php\/product\/scheppach-motorna-kosacica-kosilica-mp132-42-3-3-ks\/","title":{"rendered":"Scheppach motorna kosa\u010dica kosilica MP132-42 3.3 KS"},"content":{"rendered":"<div class=\"dwspecs-product-table-group\">\n<table>\n<tbody>\n<tr>\n<td>Proizvo\u0111a\u010d<\/td>\n<td>Scheppach<\/td>\n<\/tr>\n<tr>\n<td>Model<\/td>\n<td>MP132-42<\/td>\n<\/tr>\n<tr>\n<td>Katalo\u0161ka oznaka<\/td>\n<td>5911248903<\/td>\n<\/tr>\n<tr>\n<td>Snaga<\/td>\n<td>2.4 kW \/ 3.3 KS<\/td>\n<\/tr>\n<tr>\n<td>Zapremina motora<\/td>\n<td>131 cm\u00b3<\/td>\n<\/tr>\n<\/tbody>\n<\/table>\n<\/div>\n<div class=\"dwspecs-product-table-group\">\n<table>\n<tbody>\n<tr>\n<td>Motor<\/td>\n<td>4-taktni zrakom hla\u0111en motor benzin<\/td>\n<\/tr>\n<tr>\n<td>Tip pogona<\/td>\n<td>Guraju\u0107i<\/td>\n<\/tr>\n<tr>\n<td>Startovanje motora<\/td>\n<td>Ru\u010dno<\/td>\n<\/tr>\n<tr>\n<td>Preporu\u010dena povr\u0161ina ko\u0161enja<\/td>\n<td>800 m\u00b2<\/td>\n<\/tr>\n<tr>\n<td>\u0160irina ko\u0161enja<\/td>\n<td>42 cm<\/td>\n<\/tr>\n<tr>\n<td>Pode\u0161avanje visine ko\u0161enja<\/td>\n<td>7x centralno<\/td>\n<\/tr>\n<tr>\n<td>Visina ko\u0161enja (min-max)<\/td>\n<td>25 &#8211; 75 mm<\/td>\n<\/tr>\n<tr>\n<td>Gorivo<\/td>\n<td>Bezolovni benzin<\/td>\n<\/tr>\n<tr>\n<td>Korpa (materijal)<\/td>\n<td>Platno<\/td>\n<\/tr>\n<tr>\n<td>Zapremina korpe<\/td>\n<td>45 l<\/td>\n<\/tr>\n<tr>\n<td>Ku\u0107i\u0161te<\/td>\n<td>\u010celik<\/td>\n<\/tr>\n<tr>\n<td>Ru\u010dka<\/td>\n<td>Sklopiva sa pode\u0161avanjem visine<\/td>\n<\/tr>\n<tr>\n<td>Mlaznica za pranje kosi\u0161ta<\/td>\n<td>Da<\/td>\n<\/tr>\n<\/tbody>\n<\/table>\n<\/div>\n<div class=\"dwspecs-product-table-group\">\n<table>\n<tbody>\n<tr>\n<td>Dimenzije<\/td>\n<td>1300 x 510 x 1080 mm<\/td>\n<\/tr>\n<tr>\n<td>Te\u017eina<\/td>\n<td>20.9 kg<\/td>\n<\/tr>\n<\/tbody>\n<\/table>\n<\/div>\n<p>&nbsp;<\/p>\n<p>&nbsp;<\/p>\n<p>&nbsp;<\/p>\n<p><img fetchpriority=\"high\" decoding=\"async\" class=\"\" src=\"https:\/\/www.masineialati.ba\/wp-content\/uploads\/2024\/03\/Scheppach-motorna-kosacica-kosilica-MP132-42-3.3-KS1.webp\" alt=\"Scheppach motorna kosa\u010dica kosilica MP132-42 3.3 KS\" width=\"433\" height=\"433\" \/><\/p>\n<p>&nbsp;<\/p>\n","protected":false},"excerpt":{"rendered":"<div>\n<p>MP132-42, najkompaktnija benzinska kosilica za travu , zgodna je i manevarska idealan izbor za male ba\u0161te. Udobna ru\u010dka i veliki to\u010dkovi sa kugli\u010dnim le\u017eajevima obezbe\u0111uju udobno rukovanje na ravnom terenu.<\/p>\n<\/div>\n<ul>\n<li>Sna\u017ean 4-taktni benzinski motor<\/li>\n<li>42 cm \u0161irine ko\u0161enja<\/li>\n<li>Integrisana funkcija \u010di\u0161c\u0301enja sa priklju\u010dkom za vodu<\/li>\n<li>Robusna korpa\u00a0 za sakupljanje od 45 L sa indikatorom nivoa<\/li>\n<li>Sklopiva ru\u010dka za lako skladi\u0161tenje ili transport koji \u0161tedi prostor<\/li>\n<li>Centralno pode\u0161avanje visine ko\u0161enja u 7 nivoa (25 \u2013 75 mm)<\/li>\n<\/ul>\n<div class=\"dwspecs-product-table-group\"><\/div>\n","protected":false},"featured_media":10911,"comment_status":"open","ping_status":"closed","template":"","meta":{"inline_featured_image":false},"product_brand":[],"product_cat":[272],"product_tag":[],"class_list":{"0":"post-10914","1":"product","2":"type-product","3":"status-publish","4":"has-post-thumbnail","6":"product_cat-motorna-kosilica","8":"first","9":"instock","10":"sale","11":"shipping-taxable","12":"purchasable","13":"product-type-simple"},"_links":{"self":[{"href":"https:\/\/tehnikabacko.rs\/index.php\/wp-json\/wp\/v2\/product\/10914","targetHints":{"allow":["GET"]}}],"collection":[{"href":"https:\/\/tehnikabacko.rs\/index.php\/wp-json\/wp\/v2\/product"}],"about":[{"href":"https:\/\/tehnikabacko.rs\/index.php\/wp-json\/wp\/v2\/types\/product"}],"replies":[{"embeddable":true,"href":"https:\/\/tehnikabacko.rs\/index.php\/wp-json\/wp\/v2\/comments?post=10914"}],"wp:featuredmedia":[{"embeddable":true,"href":"https:\/\/tehnikabacko.rs\/index.php\/wp-json\/wp\/v2\/media\/10911"}],"wp:attachment":[{"href":"https:\/\/tehnikabacko.rs\/index.php\/wp-json\/wp\/v2\/media?parent=10914"}],"wp:term":[{"taxonomy":"product_brand","embeddable":true,"href":"https:\/\/tehnikabacko.rs\/index.php\/wp-json\/wp\/v2\/product_brand?post=10914"},{"taxonomy":"product_cat","embeddable":true,"href":"https:\/\/tehnikabacko.rs\/index.php\/wp-json\/wp\/v2\/product_cat?post=10914"},{"taxonomy":"product_tag","embeddable":true,"href":"https:\/\/tehnikabacko.rs\/index.php\/wp-json\/wp\/v2\/product_tag?post=10914"}],"curies":[{"name":"wp","href":"https:\/\/api.w.org\/{rel}","templated":true}]}}