{"id":10909,"date":"2025-02-21T12:55:02","date_gmt":"2025-02-21T12:55:02","guid":{"rendered":"https:\/\/tehnikabacko.rs\/?post_type=product&#038;p=10909"},"modified":"2025-02-21T12:55:02","modified_gmt":"2025-02-21T12:55:02","slug":"scheppach-motorna-kosacica-kosilica-ms225-56-6-0-ks","status":"publish","type":"product","link":"https:\/\/tehnikabacko.rs\/index.php\/product\/scheppach-motorna-kosacica-kosilica-ms225-56-6-0-ks\/","title":{"rendered":"Scheppach motorna kosa\u010dica kosilica MS225-56 6.0 KS"},"content":{"rendered":"<div class=\"dwspecs-product-table-group\">\n<table>\n<tbody>\n<tr>\n<td>Proizvo\u0111a\u010d<\/td>\n<td>Scheppach<\/td>\n<\/tr>\n<tr>\n<td>Model<\/td>\n<td>MS225-56<\/td>\n<\/tr>\n<tr>\n<td>Katalo\u0161ka oznaka<\/td>\n<td>5911277803<\/td>\n<\/tr>\n<tr>\n<td>Snaga<\/td>\n<td>6.0 KS<\/td>\n<\/tr>\n<tr>\n<td>Zapremina motora<\/td>\n<td>225 cm\u00b3<\/td>\n<\/tr>\n<\/tbody>\n<\/table>\n<\/div>\n<div class=\"dwspecs-product-table-group\">\n<table>\n<tbody>\n<tr>\n<td>Motor<\/td>\n<td>4-taktni motor,vazdu\u0161no hlal\u0111en<\/td>\n<\/tr>\n<tr>\n<td>Tip pogona<\/td>\n<td>Samohodna<\/td>\n<\/tr>\n<tr>\n<td>Startovanje motora<\/td>\n<td>Ru\u010dno<\/td>\n<\/tr>\n<tr>\n<td>Preporu\u010dena povr\u0161ina ko\u0161enja<\/td>\n<td>2200 m\u00b2<\/td>\n<\/tr>\n<tr>\n<td>\u0160irina ko\u0161enja<\/td>\n<td>56 cm<\/td>\n<\/tr>\n<tr>\n<td>Pode\u0161avanje visine ko\u0161enja<\/td>\n<td>7x centralno<\/td>\n<\/tr>\n<tr>\n<td>Visina ko\u0161enja (min-max)<\/td>\n<td>25 &#8211; 75 mm<\/td>\n<\/tr>\n<tr>\n<td>Gorivo<\/td>\n<td>Bezolovni benzin<\/td>\n<\/tr>\n<tr>\n<td>Korpa (materijal)<\/td>\n<td>Platno<\/td>\n<\/tr>\n<tr>\n<td>Zapremina korpe<\/td>\n<td>65 l<\/td>\n<\/tr>\n<tr>\n<td>Ku\u0107i\u0161te<\/td>\n<td>\u010celik<\/td>\n<\/tr>\n<tr>\n<td>Ru\u010dka<\/td>\n<td>Sklopiva sa pode\u0161avanjem visine<\/td>\n<\/tr>\n<tr>\n<td>Mlaznica za pranje kosi\u0161ta<\/td>\n<td>Da<\/td>\n<\/tr>\n<\/tbody>\n<\/table>\n<\/div>\n<div class=\"dwspecs-product-table-group\">\n<p>&nbsp;<\/p>\n<p>&nbsp;<\/p>\n<table style=\"height: 116px\" width=\"1133\">\n<tbody>\n<tr>\n<td>Dimenzije<\/td>\n<td>1610 x 695 x 1055 mm<\/td>\n<\/tr>\n<tr>\n<td>Te\u017eina<\/td>\n<td>35 kg<\/td>\n<\/tr>\n<\/tbody>\n<\/table>\n<\/div>\n<p>&nbsp;<\/p>\n<p>&nbsp;<\/p>\n<p><img fetchpriority=\"high\" decoding=\"async\" class=\"\" src=\"https:\/\/www.masineialati.ba\/wp-content\/uploads\/2024\/04\/Scheppach-motorna-kosacica-kosilica-MS225-56-6.0-KS-77.webp\" alt=\"Scheppach motorna kosa\u010dica kosilica MS225-56 6.0 KS\" width=\"444\" height=\"444\" \/><img decoding=\"async\" class=\"\" src=\"https:\/\/www.masineialati.ba\/wp-content\/uploads\/2024\/04\/Scheppach-motorna-kosacica-kosilica-MS225-56-6.0-KS-3.webp\" alt=\"Scheppach motorna kosa\u010dica kosilica MS225-56 6.0 KS\" width=\"419\" height=\"419\" \/><\/p>\n<p>&nbsp;<\/p>\n<p>&nbsp;<\/p>\n","protected":false},"excerpt":{"rendered":"<ul>\n<li>\u00a0Sna\u017ean 4-taktni benzinski motor od 224 cm\u00b3 sa 6 KS<\/li>\n<li>XXL \u0161irina reza od 56 cm<\/li>\n<li>Pogodno za vrtove do 2200 m2<\/li>\n<li>Sa profesionalnim mjenja\u010dem za ekstra veliki obrtni moment i posebno visoke performanse<\/li>\n<li>Easy Clean \u2013 funkcija \u010di\u0161\u0107enja sa priklju\u010dkom za vodu<\/li>\n<li>Robusna kutija za sakupljanje tkanina od 65 L<\/li>\n<li>Sklopiva ru\u010dka za jednostavno skladi\u0161tenje koje \u0161tedi prostor<\/li>\n<li>Integrirano bo\u010dno i stra\u017enje pra\u017enjenje, kao i funkcija mal\u010diranja za profesionalne rezultate<\/li>\n<li>Lako ko\u0161enje \u010dak i na padinama zahvaljuju\u0107i promenljivom pogonu na to\u010dkove<\/li>\n<li>Centralno 7-struko pode\u0161avanje visine ko\u0161enja (25 \u2013 75 mm)<\/li>\n<li>Ru\u010dka za no\u0161enje na prednjoj strani za lak\u0161i transpor<\/li>\n<\/ul>\n","protected":false},"featured_media":10907,"comment_status":"open","ping_status":"closed","template":"","meta":{"inline_featured_image":false},"product_brand":[],"product_cat":[272],"product_tag":[],"class_list":{"0":"post-10909","1":"product","2":"type-product","3":"status-publish","4":"has-post-thumbnail","6":"product_cat-motorna-kosilica","8":"first","9":"instock","10":"sale","11":"shipping-taxable","12":"purchasable","13":"product-type-simple"},"_links":{"self":[{"href":"https:\/\/tehnikabacko.rs\/index.php\/wp-json\/wp\/v2\/product\/10909","targetHints":{"allow":["GET"]}}],"collection":[{"href":"https:\/\/tehnikabacko.rs\/index.php\/wp-json\/wp\/v2\/product"}],"about":[{"href":"https:\/\/tehnikabacko.rs\/index.php\/wp-json\/wp\/v2\/types\/product"}],"replies":[{"embeddable":true,"href":"https:\/\/tehnikabacko.rs\/index.php\/wp-json\/wp\/v2\/comments?post=10909"}],"wp:featuredmedia":[{"embeddable":true,"href":"https:\/\/tehnikabacko.rs\/index.php\/wp-json\/wp\/v2\/media\/10907"}],"wp:attachment":[{"href":"https:\/\/tehnikabacko.rs\/index.php\/wp-json\/wp\/v2\/media?parent=10909"}],"wp:term":[{"taxonomy":"product_brand","embeddable":true,"href":"https:\/\/tehnikabacko.rs\/index.php\/wp-json\/wp\/v2\/product_brand?post=10909"},{"taxonomy":"product_cat","embeddable":true,"href":"https:\/\/tehnikabacko.rs\/index.php\/wp-json\/wp\/v2\/product_cat?post=10909"},{"taxonomy":"product_tag","embeddable":true,"href":"https:\/\/tehnikabacko.rs\/index.php\/wp-json\/wp\/v2\/product_tag?post=10909"}],"curies":[{"name":"wp","href":"https:\/\/api.w.org\/{rel}","templated":true}]}}