{"id":10906,"date":"2025-02-21T12:06:56","date_gmt":"2025-02-21T12:06:56","guid":{"rendered":"https:\/\/tehnikabacko.rs\/?post_type=product&#038;p=10906"},"modified":"2025-02-21T12:06:56","modified_gmt":"2025-02-21T12:06:56","slug":"scheppach-motorna-kosacica-3-5ks-mp150-46","status":"publish","type":"product","link":"https:\/\/tehnikabacko.rs\/index.php\/product\/scheppach-motorna-kosacica-3-5ks-mp150-46\/","title":{"rendered":"Scheppach motorna kosa\u010dica 3.5KS MP150-46"},"content":{"rendered":"<p>Motorna kosa\u010dica 3.5KS Scheppach MP150-46<\/p>\n<p><b>Scheppach motorna kosa\u010dica 3.5KS MP150-46<\/b>\u00a0je savr\u0161en izbor za sve koji \u017eele kvalitetno i brzo ko\u0161enje trave.<br \/>\n<b>Motorna kosa\u010dica 3.5KS Scheppach MP150-46<\/b>\u00a0ima \u010dvrstu konstrukciju i dugotrajne komponente.<\/p>\n<p>Karakteristike:<br \/>\nSnaga: 2.6 kW \/ 3.5 KS.<br \/>\nZapremina motora: 150 cm\u00b3.<br \/>\nMotor: 4-taktni zrakom hla\u0111en motor benzin.<br \/>\nTip pogona: Guraju\u0107i.<br \/>\nStartovanje motora: Ru\u010dno.<br \/>\nPreporu\u010dena povr\u0161ina ko\u0161enja: 1000 m\u00b2.<br \/>\n\u0160irina ko\u0161enja: 46 cm.<br \/>\nPode\u0161avanje visine ko\u0161enja: 7x centralno.<br \/>\nVisina ko\u0161enja (min-max): 25 &#8211; 75 mm.<br \/>\nPromjer to\u010dkova prednjih\/zadnjih: 580\/460.<br \/>\nGorivo: Bezolovni benzin.<br \/>\nKorpa (materijal): Platno.<br \/>\nZapremina korpe: 55 l.<br \/>\nKu\u0107i\u0161te: \u010celik.<br \/>\nRu\u010dka: Sklopiva sa pode\u0161avanjem visine.<br \/>\nDodatne informacije: Uklju\u010duju\u0107i funkciju bo\u010dnog izbacivanja i mal\u010diranja.<br \/>\nOkretna i sna\u017ena kosilica za vrtove do 1000 m\u00b2.<br \/>\nScheppach MP150-46 idealna je kosilica za sve koji tra\u017ee laganu, ali robusnu i sna\u017enu kosilicu.<br \/>\nNjegov 4-taktni benzinski motor od 3,5 KS kosilici uvijek daje potrebnu snagu za pouzdano rezanje duge i mokre trave.<br \/>\nRobusna kutija za skupljanje tkanine sadr\u017ei 55 litara poko\u0161ene trave.<br \/>\nFunkcija bo\u010dnog izbacivanja i mal\u010diranja pret kosilicu u vi\u0161enamjenski pogon.<br \/>\nSna\u017eni 4-taktni benzinski motor od 3,5 KS od 150 ccm s elektropokreta\u010dem.<br \/>\nUdobna \u0161irina rezanja od 46 cm.<br \/>\nPrikladno za vrtove do 1000 m\u00b2.<br \/>\nIntegrirana funkcija \u010di\u0161\u0107enja s priklju\u010dkom za vodu.<br \/>\nRobustan skuplja\u010d trave od tkanine od 55 L s plasti\u010dnim poklopcem za u\u010dinkovito punjenje i jednostavno pra\u017enjenje.<br \/>\nSklopiva ru\u010dka za jednostavno skladi\u0161tenje ili transport koji \u0161tedi prostor.<br \/>\nCentralno pode\u0161avanje visine rezanja u 7 stepeni (25 \u2013 75 mm).<\/p>\n<p>&nbsp;<\/p>\n<p>&nbsp;<\/p>\n<p>&nbsp;<\/p>\n<p><img fetchpriority=\"high\" decoding=\"async\" class=\"\" src=\"https:\/\/www.superalati.rs\/user\/include\/superalati\/images\/items\/scheppach_motorna_kosacica_MP15046_a.jpg\" alt=\"Scheppach motorna kosa\u010dica 3.5KS MP150-46-1\" width=\"593\" height=\"593\" \/><\/p>\n<p>&nbsp;<\/p>\n<p>&nbsp;<\/p>\n<p>&nbsp;<\/p>\n<p>&nbsp;<\/p>\n<p><img decoding=\"async\" class=\"\" src=\"https:\/\/www.superalati.rs\/user\/include\/superalati\/images\/items\/scheppach_motorna_kosacica_MP15046_a4.jpg\" alt=\"Scheppach motorna kosa\u010dica 3.5KS MP150-46-5\" width=\"599\" height=\"599\" \/><\/p>\n<p>&nbsp;<\/p>\n","protected":false},"excerpt":{"rendered":"<p>Motorna kosa\u010dica 3.5KS Scheppach MP150-46<\/p>\n<p><b>Scheppach motorna kosa\u010dica 3.5KS MP150-46<\/b>\u00a0je savr\u0161en izbor za sve koji \u017eele kvalitetno i brzo ko\u0161enje trave.<br \/>\n<b>Motorna kosa\u010dica 3.5KS Scheppach MP150-46<\/b>\u00a0ima \u010dvrstu konstrukciju i dugotrajne komponente.<\/p>\n<p>Karakteristike:<br \/>\nSnaga: 2.6 kW \/ 3.5 KS.<br \/>\nZapremina motora: 150 cm\u00b3.<br \/>\nMotor: 4-taktni zrakom hla\u0111en motor benzin.<br \/>\nTip pogona: Guraju\u0107i.<br \/>\nStartovanje motora: Ru\u010dno.<br \/>\nPreporu\u010dena povr\u0161ina ko\u0161enja: 1000 m\u00b2.<br \/>\n\u0160irina ko\u0161enja: 46 cm.<br \/>\nPode\u0161avanje visine ko\u0161enja: 7x centralno.<br \/>\nVisina ko\u0161enja (min-max): 25 &#8211; 75 mm.<br \/>\nPromjer to\u010dkova prednjih\/zadnjih: 580\/460.<br \/>\nGorivo: Bezolovni benzin.<br \/>\nKorpa (materijal): Platno.<br \/>\nZapremina korpe: 55 l.<br \/>\nKu\u0107i\u0161te: \u010celik.<br \/>\nRu\u010dka: Sklopiva sa pode\u0161avanjem visine.<br \/>\nDodatne informacije: Uklju\u010duju\u0107i funkciju bo\u010dnog izbacivanja i mal\u010diranja.<br \/>\nOkretna i sna\u017ena kosilica za vrtove do 1000 m\u00b2.<br \/>\nScheppach MP150-46 idealna je kosilica za sve koji tra\u017ee laganu, ali robusnu i sna\u017enu kosilicu.<br \/>\nNjegov 4-taktni benzinski motor od 3,5 KS kosilici uvijek daje potrebnu snagu za pouzdano rezanje duge i mokre trave.<br \/>\nRobusna kutija za skupljanje tkanine sadr\u017ei 55 litara poko\u0161ene trave.<br \/>\nFunkcija bo\u010dnog izbacivanja i mal\u010diranja pret kosilicu u vi\u0161enamjenski pogon.<br \/>\nSna\u017eni 4-taktni benzinski motor od 3,5 KS od 150 ccm s elektropokreta\u010dem.<br \/>\nUdobna \u0161irina rezanja od 46 cm.<br \/>\nPrikladno za vrtove do 1000 m\u00b2.<br \/>\nIntegrirana funkcija \u010di\u0161\u0107enja s priklju\u010dkom za vodu.<br \/>\nRobustan skuplja\u010d trave od tkanine od 55 L s plasti\u010dnim poklopcem za u\u010dinkovito punjenje i jednostavno pra\u017enjenje.<br \/>\nSklopiva ru\u010dka za jednostavno skladi\u0161tenje ili transport koji \u0161tedi prostor.<br \/>\nCentralno pode\u0161avanje visine rezanja u 7 stepeni (25 \u2013 75 mm).<\/p>\n","protected":false},"featured_media":10907,"comment_status":"open","ping_status":"closed","template":"","meta":{"inline_featured_image":false},"product_brand":[],"product_cat":[272],"product_tag":[],"class_list":{"0":"post-10906","1":"product","2":"type-product","3":"status-publish","4":"has-post-thumbnail","6":"product_cat-motorna-kosilica","8":"first","9":"instock","10":"sale","11":"shipping-taxable","12":"purchasable","13":"product-type-simple"},"_links":{"self":[{"href":"https:\/\/tehnikabacko.rs\/index.php\/wp-json\/wp\/v2\/product\/10906","targetHints":{"allow":["GET"]}}],"collection":[{"href":"https:\/\/tehnikabacko.rs\/index.php\/wp-json\/wp\/v2\/product"}],"about":[{"href":"https:\/\/tehnikabacko.rs\/index.php\/wp-json\/wp\/v2\/types\/product"}],"replies":[{"embeddable":true,"href":"https:\/\/tehnikabacko.rs\/index.php\/wp-json\/wp\/v2\/comments?post=10906"}],"wp:featuredmedia":[{"embeddable":true,"href":"https:\/\/tehnikabacko.rs\/index.php\/wp-json\/wp\/v2\/media\/10907"}],"wp:attachment":[{"href":"https:\/\/tehnikabacko.rs\/index.php\/wp-json\/wp\/v2\/media?parent=10906"}],"wp:term":[{"taxonomy":"product_brand","embeddable":true,"href":"https:\/\/tehnikabacko.rs\/index.php\/wp-json\/wp\/v2\/product_brand?post=10906"},{"taxonomy":"product_cat","embeddable":true,"href":"https:\/\/tehnikabacko.rs\/index.php\/wp-json\/wp\/v2\/product_cat?post=10906"},{"taxonomy":"product_tag","embeddable":true,"href":"https:\/\/tehnikabacko.rs\/index.php\/wp-json\/wp\/v2\/product_tag?post=10906"}],"curies":[{"name":"wp","href":"https:\/\/api.w.org\/{rel}","templated":true}]}}