{"id":10891,"date":"2025-02-04T13:51:01","date_gmt":"2025-02-04T13:51:01","guid":{"rendered":"https:\/\/tehnikabacko.rs\/?post_type=product&#038;p=10891"},"modified":"2025-02-04T13:51:17","modified_gmt":"2025-02-04T13:51:17","slug":"aparat-za-vakumiranje-css-5075-colossus","status":"publish","type":"product","link":"https:\/\/tehnikabacko.rs\/index.php\/product\/aparat-za-vakumiranje-css-5075-colossus\/","title":{"rendered":"APARAT ZA VAKUMIRANJE CSS-5075 COLOSSUS"},"content":{"rendered":"<p>Opis proizvoda:Digitalni panel na dodir (touch) Pet funkcija: vakuumiranje suvih namirnica vakuumiranje vla\u017enih namirnica samo zaptivanje kese puls funkcija vakuumiranje posude otkazivanje vakuumiranja Indikaciona lampica Zaptivna linija \u0161irine 3 mm Dodaci: cev\u010dica za vakuumiranje posuda No\u017e za se\u010denje kesa Pet kesa Dodatni otvor za vakuum na vrhu aparata za vakuumiranje posuda Ugra\u0111en rashladni sistem za grejnu \u0161ipku Maksimalna \u0161irina kesa 30 cm Vakuumski pritisak -0.5~-0,7 bar Odr\u017eava hranu sve\u017eom do 5 x du\u017eeTip:Vakuum\/Zavariva\u010dBoja:InoxSnaga:130 WPrava potro\u0161a\u010da:Zakonska saobraznost 2 godineEAN:8606012417878<\/p>\n","protected":false},"excerpt":{"rendered":"<p>Opis proizvoda:Digitalni panel na dodir (touch) Pet funkcija: vakuumiranje suvih namirnica vakuumiranje vla\u017enih namirnica samo zaptivanje kese puls funkcija vakuumiranje posude otkazivanje vakuumiranja Indikaciona lampica Zaptivna linija \u0161irine 3 mm Dodaci: cev\u010dica za vakuumiranje posuda No\u017e za se\u010denje kesa Pet kesa Dodatni otvor za vakuum na vrhu aparata za vakuumiranje posuda Ugra\u0111en rashladni sistem za [&hellip;]<\/p>\n","protected":false},"featured_media":10892,"comment_status":"open","ping_status":"closed","template":"","meta":{"inline_featured_image":false},"product_brand":[],"product_cat":[15,316],"product_tag":[],"class_list":{"0":"post-10891","1":"product","2":"type-product","3":"status-publish","4":"has-post-thumbnail","6":"product_cat-uncategorized","7":"product_cat-vakumerke","9":"first","10":"instock","11":"shipping-taxable","12":"purchasable","13":"product-type-simple"},"_links":{"self":[{"href":"https:\/\/tehnikabacko.rs\/index.php\/wp-json\/wp\/v2\/product\/10891","targetHints":{"allow":["GET"]}}],"collection":[{"href":"https:\/\/tehnikabacko.rs\/index.php\/wp-json\/wp\/v2\/product"}],"about":[{"href":"https:\/\/tehnikabacko.rs\/index.php\/wp-json\/wp\/v2\/types\/product"}],"replies":[{"embeddable":true,"href":"https:\/\/tehnikabacko.rs\/index.php\/wp-json\/wp\/v2\/comments?post=10891"}],"wp:featuredmedia":[{"embeddable":true,"href":"https:\/\/tehnikabacko.rs\/index.php\/wp-json\/wp\/v2\/media\/10892"}],"wp:attachment":[{"href":"https:\/\/tehnikabacko.rs\/index.php\/wp-json\/wp\/v2\/media?parent=10891"}],"wp:term":[{"taxonomy":"product_brand","embeddable":true,"href":"https:\/\/tehnikabacko.rs\/index.php\/wp-json\/wp\/v2\/product_brand?post=10891"},{"taxonomy":"product_cat","embeddable":true,"href":"https:\/\/tehnikabacko.rs\/index.php\/wp-json\/wp\/v2\/product_cat?post=10891"},{"taxonomy":"product_tag","embeddable":true,"href":"https:\/\/tehnikabacko.rs\/index.php\/wp-json\/wp\/v2\/product_tag?post=10891"}],"curies":[{"name":"wp","href":"https:\/\/api.w.org\/{rel}","templated":true}]}}