{"id":10889,"date":"2025-02-04T13:16:57","date_gmt":"2025-02-04T13:16:57","guid":{"rendered":"https:\/\/tehnikabacko.rs\/?post_type=product&#038;p=10889"},"modified":"2025-02-04T13:16:57","modified_gmt":"2025-02-04T13:16:57","slug":"aparat-za-vakumiranje-css-5077-colossus","status":"publish","type":"product","link":"https:\/\/tehnikabacko.rs\/index.php\/product\/aparat-za-vakumiranje-css-5077-colossus\/","title":{"rendered":"APARAT ZA VAKUMIRANJE CSS-5077 COLOSSUS"},"content":{"rendered":"<p><strong>Aparat za vakumiranje i zavarivanje CSS-5077- Colossus<\/strong><\/p>\n<p><strong>Snaga: 130W<\/strong><\/p>\n<p><strong>Odvojivi kabel za napajanje<\/strong><\/p>\n<p><strong>Funkcije na dodir (smart touch panel)<\/strong><\/p>\n<p><strong>Zaptivna linija \u0161irine 3 mm<\/strong><\/p>\n<p><strong>6 funkcija:<\/strong><\/p>\n<ul>\n<li><strong>Vakumiranje suvih namirnica<\/strong><\/li>\n<li><strong>Vakumiranje vla\u017enih namirnica<\/strong><\/li>\n<li><strong>Puls funkcija<\/strong><\/li>\n<li><strong>Vakumiranje posuda<\/strong><\/li>\n<li><strong>Zaptivanje<\/strong><\/li>\n<li><strong>Zaustavljanje\/otkazivanje procesa vakumiranja<\/strong><\/li>\n<\/ul>\n<p><strong>Rashladni sistem za grejnu \u0161ipku<\/strong><\/p>\n<p><strong>Du\u017eina zaptivanja max 30 cm<\/strong><\/p>\n<p><strong>Posebne funkcije za suvo i vla\u017eno vakumiranje<\/strong><\/p>\n<p><strong>Transparentni prozor na poklopcu<\/strong><\/p>\n<p><strong>LED osvetljenje &#8211; linijska indikaciona lampica<\/strong><\/p>\n<p><strong>Dimenzije aparata: 389 x 150 x 84 mm<\/strong><\/p>\n<p><strong>Dodaci:<\/strong><\/p>\n<p><strong>5 kesa<\/strong><\/p>\n<p><strong>Komora za skladi\u0161tenje rolne<\/strong><\/p>\n<p><strong>Ugra\u0111en no\u017e za se\u010denje kesa<\/strong><\/p>\n<p><strong>Vakumski pritisak -060~-0.80 bar<\/strong><\/p>\n<p><strong>Slu\u017ei za zaptivanje kesa od \u010dipsa, biskvita, itd<\/strong><\/p>\n<p><strong>Boja: Inox &#8211; ner\u0111aju\u0107i \u010delik vrhunskog kvaliteta<\/strong><\/p>\n","protected":false},"excerpt":{"rendered":"<p>Aparat za vakumiranje i zavarivanje CSS-5077- Colossus Snaga: 130W Odvojivi kabel za napajanje Funkcije na dodir (smart touch panel) Zaptivna linija \u0161irine 3 mm 6 funkcija: Vakumiranje suvih namirnica Vakumiranje vla\u017enih namirnica Puls funkcija Vakumiranje posuda Zaptivanje Zaustavljanje\/otkazivanje procesa vakumiranja Rashladni sistem za grejnu \u0161ipku Du\u017eina zaptivanja max 30 cm Posebne funkcije za suvo i [&hellip;]<\/p>\n","protected":false},"featured_media":10890,"comment_status":"open","ping_status":"closed","template":"","meta":{"inline_featured_image":false},"product_brand":[],"product_cat":[15,316],"product_tag":[],"class_list":{"0":"post-10889","1":"product","2":"type-product","3":"status-publish","4":"has-post-thumbnail","6":"product_cat-uncategorized","7":"product_cat-vakumerke","9":"first","10":"instock","11":"shipping-taxable","12":"purchasable","13":"product-type-simple"},"_links":{"self":[{"href":"https:\/\/tehnikabacko.rs\/index.php\/wp-json\/wp\/v2\/product\/10889","targetHints":{"allow":["GET"]}}],"collection":[{"href":"https:\/\/tehnikabacko.rs\/index.php\/wp-json\/wp\/v2\/product"}],"about":[{"href":"https:\/\/tehnikabacko.rs\/index.php\/wp-json\/wp\/v2\/types\/product"}],"replies":[{"embeddable":true,"href":"https:\/\/tehnikabacko.rs\/index.php\/wp-json\/wp\/v2\/comments?post=10889"}],"wp:featuredmedia":[{"embeddable":true,"href":"https:\/\/tehnikabacko.rs\/index.php\/wp-json\/wp\/v2\/media\/10890"}],"wp:attachment":[{"href":"https:\/\/tehnikabacko.rs\/index.php\/wp-json\/wp\/v2\/media?parent=10889"}],"wp:term":[{"taxonomy":"product_brand","embeddable":true,"href":"https:\/\/tehnikabacko.rs\/index.php\/wp-json\/wp\/v2\/product_brand?post=10889"},{"taxonomy":"product_cat","embeddable":true,"href":"https:\/\/tehnikabacko.rs\/index.php\/wp-json\/wp\/v2\/product_cat?post=10889"},{"taxonomy":"product_tag","embeddable":true,"href":"https:\/\/tehnikabacko.rs\/index.php\/wp-json\/wp\/v2\/product_tag?post=10889"}],"curies":[{"name":"wp","href":"https:\/\/api.w.org\/{rel}","templated":true}]}}