{"id":10874,"date":"2025-01-29T18:44:05","date_gmt":"2025-01-29T18:44:05","guid":{"rendered":"https:\/\/tehnikabacko.rs\/?post_type=product&#038;p=10874"},"modified":"2025-01-29T18:44:05","modified_gmt":"2025-01-29T18:44:05","slug":"villager-vsp-6500-m-potapajuca-pumpa","status":"publish","type":"product","link":"https:\/\/tehnikabacko.rs\/index.php\/product\/villager-vsp-6500-m-potapajuca-pumpa\/","title":{"rendered":"VILLAGER VSP 6500 M potapaju\u0107a pumpa"},"content":{"rendered":"<table class=\"table\">\n<tbody>\n<tr>\n<td>Kategorija<\/td>\n<td><strong>Pumpe za vodu<\/strong><\/td>\n<\/tr>\n<tr>\n<td>Tip motora<\/td>\n<td><strong>Elektro-motor<\/strong><\/td>\n<\/tr>\n<tr>\n<td>Radni napon<\/td>\n<td><strong>230 V ~ 50 Hz<\/strong><\/td>\n<\/tr>\n<tr>\n<td>Priklju\u010dna snaga<\/td>\n<td><strong>800 W<\/strong><\/td>\n<\/tr>\n<tr>\n<td>Pre\u010dnik izlaza (\u00d8<\/td>\n<td><strong>1\u201d (25mm)<\/strong><\/td>\n<\/tr>\n<tr>\n<td>Maksimalna dubina povla\u010denja<\/td>\n<td><strong>7 m<\/strong><\/td>\n<\/tr>\n<tr>\n<td>Maksimalna visina vodenog stuba<\/td>\n<td><strong>30 m<\/strong><\/td>\n<\/tr>\n<tr>\n<td>Maksimalni protok vode<\/td>\n<td><strong>6.5 m\u00b3\/h<\/strong><\/td>\n<\/tr>\n<tr>\n<td>Maks. temperatura vode<\/td>\n<td><strong>35\u00b0C<\/strong><\/td>\n<\/tr>\n<tr>\n<td>Masa<\/td>\n<td><strong>15 kg<\/strong><\/td>\n<\/tr>\n<\/tbody>\n<\/table>\n","protected":false},"excerpt":{"rendered":"<p>Kategorija Pumpe za vodu Tip motora Elektro-motor Radni napon 230 V ~ 50 Hz Priklju\u010dna snaga 800 W Pre\u010dnik izlaza (\u00d8 1\u201d (25mm) Maksimalna dubina povla\u010denja 7 m Maksimalna visina vodenog stuba 30 m Maksimalni protok vode 6.5 m\u00b3\/h Maks. temperatura vode 35\u00b0C Masa 15 kg<\/p>\n","protected":false},"featured_media":10875,"comment_status":"open","ping_status":"closed","template":"","meta":{"inline_featured_image":false},"product_brand":[],"product_cat":[300],"product_tag":[],"class_list":{"0":"post-10874","1":"product","2":"type-product","3":"status-publish","4":"has-post-thumbnail","6":"product_cat-potapajuca-pumpa","8":"first","9":"instock","10":"shipping-taxable","11":"purchasable","12":"product-type-simple"},"_links":{"self":[{"href":"https:\/\/tehnikabacko.rs\/index.php\/wp-json\/wp\/v2\/product\/10874","targetHints":{"allow":["GET"]}}],"collection":[{"href":"https:\/\/tehnikabacko.rs\/index.php\/wp-json\/wp\/v2\/product"}],"about":[{"href":"https:\/\/tehnikabacko.rs\/index.php\/wp-json\/wp\/v2\/types\/product"}],"replies":[{"embeddable":true,"href":"https:\/\/tehnikabacko.rs\/index.php\/wp-json\/wp\/v2\/comments?post=10874"}],"wp:featuredmedia":[{"embeddable":true,"href":"https:\/\/tehnikabacko.rs\/index.php\/wp-json\/wp\/v2\/media\/10875"}],"wp:attachment":[{"href":"https:\/\/tehnikabacko.rs\/index.php\/wp-json\/wp\/v2\/media?parent=10874"}],"wp:term":[{"taxonomy":"product_brand","embeddable":true,"href":"https:\/\/tehnikabacko.rs\/index.php\/wp-json\/wp\/v2\/product_brand?post=10874"},{"taxonomy":"product_cat","embeddable":true,"href":"https:\/\/tehnikabacko.rs\/index.php\/wp-json\/wp\/v2\/product_cat?post=10874"},{"taxonomy":"product_tag","embeddable":true,"href":"https:\/\/tehnikabacko.rs\/index.php\/wp-json\/wp\/v2\/product_tag?post=10874"}],"curies":[{"name":"wp","href":"https:\/\/api.w.org\/{rel}","templated":true}]}}