{"id":10864,"date":"2025-01-28T13:03:10","date_gmt":"2025-01-28T13:03:10","guid":{"rendered":"https:\/\/tehnikabacko.rs\/?post_type=product&#038;p=10864"},"modified":"2025-01-28T13:03:10","modified_gmt":"2025-01-28T13:03:10","slug":"elektricna-testera-gc-ec-1935-einhell","status":"publish","type":"product","link":"https:\/\/tehnikabacko.rs\/index.php\/product\/elektricna-testera-gc-ec-1935-einhell\/","title":{"rendered":"ELEKTRI\u010cNA TESTERA GC-EC 1935 EINHELL"},"content":{"rendered":"<div class=\"item\">Vrsta:\u00a0Elektri\u010dne testere<\/div>\n<div class=\"item\">Snaga:\u00a01900 W<\/div>\n<div class=\"item\">Broj obrtaja:\u00a07.100 o\/min<\/div>\n<div class=\"item\">Du\u017eina ma\u010da\/lista:\u00a035 cm<\/div>\n<div class=\"item\">Rezervoar za ulje:\u00a00,16 l<\/div>\n<div class=\"item\">Te\u017eina:\u00a04.6 kg<\/div>\n<div class=\"item\">Brzina lanca:\u00a015,5 m\/s<\/div>\n<div class=\"item\">Napon:\u00a0220 &#8211; 240 V \/ 50 Hz<\/div>\n","protected":false},"excerpt":{"rendered":"<ul>\n<li>Elektri\u010dna motorna testera je\u00a0moc\u0301an alat koji se pokazao kao pouzdana pomoc\u0301 pri testerisanju ogrevnog drveta i se\u010di manjih stabala.<\/li>\n<li>Kvalitetno se\u010divo i lanac obezbe\u0111uju optimalne performanse se\u010denja.<\/li>\n<li>Lanac se mo\u017ee zategnuti i zameniti bez alata.<\/li>\n<li>Visokokvalitetni metalni menja\u010d obezbe\u0111uje dobar prenos snage i dug radni vek.<\/li>\n<\/ul>\n","protected":false},"featured_media":10865,"comment_status":"open","ping_status":"closed","template":"","meta":{"inline_featured_image":false},"product_brand":[],"product_cat":[284,287],"product_tag":[],"class_list":{"0":"post-10864","1":"product","2":"type-product","3":"status-publish","4":"has-post-thumbnail","6":"product_cat-elektricna-testera","7":"product_cat-testere","9":"first","10":"instock","11":"sale","12":"shipping-taxable","13":"purchasable","14":"product-type-simple"},"_links":{"self":[{"href":"https:\/\/tehnikabacko.rs\/index.php\/wp-json\/wp\/v2\/product\/10864","targetHints":{"allow":["GET"]}}],"collection":[{"href":"https:\/\/tehnikabacko.rs\/index.php\/wp-json\/wp\/v2\/product"}],"about":[{"href":"https:\/\/tehnikabacko.rs\/index.php\/wp-json\/wp\/v2\/types\/product"}],"replies":[{"embeddable":true,"href":"https:\/\/tehnikabacko.rs\/index.php\/wp-json\/wp\/v2\/comments?post=10864"}],"wp:featuredmedia":[{"embeddable":true,"href":"https:\/\/tehnikabacko.rs\/index.php\/wp-json\/wp\/v2\/media\/10865"}],"wp:attachment":[{"href":"https:\/\/tehnikabacko.rs\/index.php\/wp-json\/wp\/v2\/media?parent=10864"}],"wp:term":[{"taxonomy":"product_brand","embeddable":true,"href":"https:\/\/tehnikabacko.rs\/index.php\/wp-json\/wp\/v2\/product_brand?post=10864"},{"taxonomy":"product_cat","embeddable":true,"href":"https:\/\/tehnikabacko.rs\/index.php\/wp-json\/wp\/v2\/product_cat?post=10864"},{"taxonomy":"product_tag","embeddable":true,"href":"https:\/\/tehnikabacko.rs\/index.php\/wp-json\/wp\/v2\/product_tag?post=10864"}],"curies":[{"name":"wp","href":"https:\/\/api.w.org\/{rel}","templated":true}]}}